
{"id":12450,"date":"2023-10-29T14:28:24","date_gmt":"2023-10-29T14:28:24","guid":{"rendered":"https:\/\/azurefilm.com\/product\/micro-swiss-metalni-komplet-hotenda-za-flashforge-finder-inventor-2-guider-2-2s-dremel-3d40\/"},"modified":"2023-11-07T15:04:18","modified_gmt":"2023-11-07T15:04:18","slug":"micro-swiss-metalni-komplet-hotenda-za-flashforge","status":"publish","type":"product","link":"https:\/\/azurefilm.com\/hr\/proizvod\/micro-swiss-metalni-komplet-hotenda-za-flashforge\/","title":{"rendered":"Micro Swiss metalni komplet hotenda za Flashforge"},"content":{"rendered":"<p>&nbsp;<\/p>\n<h2><strong>Klju\u010dne zna\u010dajke:<\/strong><\/h2>\n<p>Ovo je Micro Swiss metalni komplet hotenda za Flashforge Finder i Flashforge Guider 2S. Potpuno metalni hotend \u0107e vam omogu\u0107iti printanje na puno vi\u0161oj temperaturi nego \u0161to je to mogu\u0107e s originalnim PTFE-om. Jo\u0161 jedna prednost potpuno metalnog dizajna hotenda je dosljednija kontrola komore za taljenje. Tijekom niske brzine ekstruzije, u PTFE oblo\u017eenom hotendu, prijelazna zona iz \u010dvrste u rastaljenu plastiku ima tendenciju puzanja prema gore stvaraju\u0107i vi\u0161e \u017eilavih otisaka. Kod potpuno metalnog dizajna, prijelazna zona je uvijek konstantna i nalazi se to\u010dno na toplinskom prekidu. S velikom brzinom ekstruzije, PTFE cijev nema dovoljnu toplinsku vodljivost da ispravno otopi svu plastiku koja izlazi. Potpuno metalni hotend rje\u0161ava ovaj problem, plastika je okru\u017eena toplinski provodljivom mlaznicom cijelom svojom du\u017einom.<\/p>\n<h2><strong>Prikladno za sljede\u0107e 3D pisa\u010de:<\/strong><\/h2>\n<ul>\n<li>FlashForge Finder<\/li>\n<li>FlashForge\u00a0Inventor 2<\/li>\n<li>FlashForge Guider 2 (starija verzija, bez metalne plo\u010de iznad bloka grija\u010da)<\/li>\n<li>FlashForge Guider 2S<\/li>\n<li>Dremel 3D40 Idea Builder<\/li>\n<\/ul>\n<h2><strong>Instalacija:<\/strong><\/h2>\n<p><iframe loading=\"lazy\" class=\"allowed-iframe\" src=\"https:\/\/www.youtube.com\/embed\/G04dj9DcJUI\" width=\"900\" height=\"500\"><\/iframe><\/p>\n<p>&#8220;<\/p>\n","protected":false},"excerpt":{"rendered":"<p><strong>Micro Swiss metalni komplet hotenda za Flashforge<\/strong> sastoji se od 1 mlaznice otporne na tro\u0161enje od mesinga, 1 termalne cijevi i 2 matice.<\/p>\n","protected":false},"featured_media":7915,"comment_status":"closed","ping_status":"closed","template":"","meta":{"_acf_changed":false},"product_brand":[],"product_cat":[481,497,495,509,498,510,482,483],"product_tag":[],"brand":[],"class_list":{"0":"post-12450","1":"product","2":"type-product","3":"status-publish","4":"has-post-thumbnail","6":"product_cat-akcija","7":"product_cat-djelovi-ekstrudera","8":"product_cat-ekstruderi","9":"product_cat-mlaznice","10":"product_cat-nadogradnje-ekstrudera","11":"product_cat-otvrdnute-i-mlaznice-otporne-na-abraziju","12":"product_cat-rezervni-dijelovi","13":"product_cat-svi-rezervni-dijelovi","14":"pa_compatible-with-creality-fdm-3d-printers","15":"pa_fits-printer-flashforge-guider-2","16":"pa_fits-printer-flashforge-guider-2s","18":"first","19":"instock","20":"sale","21":"taxable","22":"shipping-taxable","23":"purchasable","24":"product-type-simple"},"acf":[],"_links":{"self":[{"href":"https:\/\/azurefilm.com\/hr\/wp-json\/wp\/v2\/product\/12450","targetHints":{"allow":["GET"]}}],"collection":[{"href":"https:\/\/azurefilm.com\/hr\/wp-json\/wp\/v2\/product"}],"about":[{"href":"https:\/\/azurefilm.com\/hr\/wp-json\/wp\/v2\/types\/product"}],"replies":[{"embeddable":true,"href":"https:\/\/azurefilm.com\/hr\/wp-json\/wp\/v2\/comments?post=12450"}],"wp:featuredmedia":[{"embeddable":true,"href":"https:\/\/azurefilm.com\/hr\/wp-json\/wp\/v2\/media\/7915"}],"wp:attachment":[{"href":"https:\/\/azurefilm.com\/hr\/wp-json\/wp\/v2\/media?parent=12450"}],"wp:term":[{"taxonomy":"product_brand","embeddable":true,"href":"https:\/\/azurefilm.com\/hr\/wp-json\/wp\/v2\/product_brand?post=12450"},{"taxonomy":"product_cat","embeddable":true,"href":"https:\/\/azurefilm.com\/hr\/wp-json\/wp\/v2\/product_cat?post=12450"},{"taxonomy":"product_tag","embeddable":true,"href":"https:\/\/azurefilm.com\/hr\/wp-json\/wp\/v2\/product_tag?post=12450"},{"taxonomy":"brand","embeddable":true,"href":"https:\/\/azurefilm.com\/hr\/wp-json\/wp\/v2\/brand?post=12450"}],"curies":[{"name":"wp","href":"https:\/\/api.w.org\/{rel}","templated":true}]}}