
{"id":12474,"date":"2023-10-29T14:28:49","date_gmt":"2023-10-29T14:28:49","guid":{"rendered":"https:\/\/azurefilm.com\/product\/3dlac-plus\/"},"modified":"2026-03-11T06:48:58","modified_gmt":"2026-03-11T06:48:58","slug":"3dlac-plus","status":"publish","type":"product","link":"https:\/\/azurefilm.com\/hr\/proizvod\/3dlac-plus\/","title":{"rendered":"3DLAC Plus"},"content":{"rendered":"<h2><strong>Klju\u010dne zna\u010dajke:<\/strong><\/h2>\n<p>Dobro prianjanje otiska na podlogu za ispis je obavezno kod 3D ispisa! Ako \u017eelite sa\u010duvati svoj ispis sigurnim tijekom ispisa i izbje\u0107i deformacije, koristite 3Dlac 100ml. 3Dlac je novo ljepilo u spreju za 3D printere s grijanim postoljem za ispis, koje sprje\u010dava deformaciju velikih predmeta. Kada se sloj zagrije iznad 60\u00b0C, sprej nudi jaku vezu izme\u0111u prvog sloja i gra\u0111evne plo\u010de. Otisci se mogu jednostavno ukloniti s radne plo\u010de jer 3Dlac 100ml postaje neaktivan ispod 60\u00b0C. 3Dlac &#8211; Sprej za fiksiranje pru\u017ea jaku vezu izme\u0111u plastike i stakla koju je lako slomiti kada je to potrebno. Sprej je potpuno topiv u vodi, tako da je \u010di\u0161\u0107enje plo\u010de za ugradnju jednostavan postupak.<\/p>\n<h2><strong>Kako razli\u010dite temperature utje\u010du na razine prianjanja:<\/strong><\/h2>\n<ul>\n<li>Ispod 60 \u00b0C: nema prianjanja, predmeti se mogu odvojiti od plo\u010de.<\/li>\n<li>60 &#8211; 75\u00baC: srednje prianjanje, za jednostavne geometrije.<\/li>\n<li>75 &#8211; 95\u00baC: visoko prianjanje, za slo\u017eene geometrije i duga\u010dke ispise.<\/li>\n<li>Iznad 95\u00baC: Vrlo dobro prianjanje, za vrlo slo\u017eene geometrije i vrlo duga\u010dke ispise.<\/li>\n<\/ul>\n<h2><strong>Kako koristiti 3DLAC Plus:<\/strong><\/h2>\n<ul>\n<li>O\u010distite plo\u010du za izradu 3D pisa\u010da<\/li>\n<li>Provjerite je li temperatura postolja za ispis ispod 50\u00baC<\/li>\n<li>Razpr\u0161ite 3Dlac 100ml na postolje za ispis (koristite dobro prozra\u010deni prostor)<\/li>\n<li>Prvo zagrijte svoj ispisni krevet, a zatim\u00a0ispisujte<\/li>\n<li>Nakon ispisa pri\u010dekajte da se radna plo\u010da ohladi<\/li>\n<li>Va\u0161 ispisani predmet lako \u0107e se\u00a0odlijepiti<\/li>\n<\/ul>\n<p><iframe loading=\"lazy\" class=\"allowed-iframe\" src=\"https:\/\/www.youtube.com\/embed\/vlxXfV3wGXM\" width=\"495\" height=\"390\"><\/iframe><\/p>\n","protected":false},"excerpt":{"rendered":"<p>Sprej za fiksiranje <strong>3DLAC Plus<\/strong> pru\u017ea \u010dvrstu vezu izme\u0111u plastike i stakla\u00a0koju je lako slomiti kada je to potrebno.<\/p>\n","protected":false},"featured_media":8159,"comment_status":"closed","ping_status":"closed","template":"","meta":{"_acf_changed":false},"product_brand":[],"product_cat":[481,486,482,483],"product_tag":[],"brand":[],"class_list":{"0":"post-12474","1":"product","2":"type-product","3":"status-publish","4":"has-post-thumbnail","6":"product_cat-akcija","7":"product_cat-prianjanje-na-podlogu","8":"product_cat-rezervni-dijelovi","9":"product_cat-svi-rezervni-dijelovi","10":"pa_compatible-with-artillery-fdm-3d-printers","11":"pa_compatible-with-bambulab-fdm-3d-printers","12":"pa_compatible-with-creality-fdm-3d-printers","13":"pa_compatible-with-flashforge-fdm-3d-printers","14":"pa_compatible-with-zortrax-fdm-3d-printers","15":"pa_fits-printer-bambu-lab-x1-carbon","16":"pa_fits-printer-creality-cr-10","17":"pa_fits-printer-creality-cr-10-smart","18":"pa_fits-printer-creality-cr-10-v2","19":"pa_fits-printer-creality-cr-10s-pro-v2","20":"pa_fits-printer-creality-cr-30-printmill","21":"pa_fits-printer-creality-cr-5-pro-h","22":"pa_fits-printer-creality-cr-6-max","23":"pa_fits-printer-creality-cr-6-se","24":"pa_fits-printer-creality-cr-m4","25":"pa_fits-printer-creality-ender-3","26":"pa_fits-printer-creality-ender-3-v2-neo","27":"pa_fits-printer-creality-k1","28":"pa_fits-printer-creality-k1-max","29":"pa_fits-printer-flashforge-adventurer-4","30":"pa_fits-printer-flashforge-creator-3","31":"pa_fits-printer-flashforge-creator-3-pro","32":"pa_fits-printer-flashforge-creator-4","33":"pa_fits-printer-flashforge-guider-2","34":"pa_fits-printer-flashforge-guider-2s","35":"pa_fits-printer-flashforge-guider-3","36":"pa_fits-printer-zortrax-m200","37":"pa_fits-printer-zortrax-m300","39":"first","40":"instock","41":"sale","42":"taxable","43":"shipping-taxable","44":"purchasable","45":"product-type-simple"},"acf":[],"_links":{"self":[{"href":"https:\/\/azurefilm.com\/hr\/wp-json\/wp\/v2\/product\/12474","targetHints":{"allow":["GET"]}}],"collection":[{"href":"https:\/\/azurefilm.com\/hr\/wp-json\/wp\/v2\/product"}],"about":[{"href":"https:\/\/azurefilm.com\/hr\/wp-json\/wp\/v2\/types\/product"}],"replies":[{"embeddable":true,"href":"https:\/\/azurefilm.com\/hr\/wp-json\/wp\/v2\/comments?post=12474"}],"wp:featuredmedia":[{"embeddable":true,"href":"https:\/\/azurefilm.com\/hr\/wp-json\/wp\/v2\/media\/8159"}],"wp:attachment":[{"href":"https:\/\/azurefilm.com\/hr\/wp-json\/wp\/v2\/media?parent=12474"}],"wp:term":[{"taxonomy":"product_brand","embeddable":true,"href":"https:\/\/azurefilm.com\/hr\/wp-json\/wp\/v2\/product_brand?post=12474"},{"taxonomy":"product_cat","embeddable":true,"href":"https:\/\/azurefilm.com\/hr\/wp-json\/wp\/v2\/product_cat?post=12474"},{"taxonomy":"product_tag","embeddable":true,"href":"https:\/\/azurefilm.com\/hr\/wp-json\/wp\/v2\/product_tag?post=12474"},{"taxonomy":"brand","embeddable":true,"href":"https:\/\/azurefilm.com\/hr\/wp-json\/wp\/v2\/brand?post=12474"}],"curies":[{"name":"wp","href":"https:\/\/api.w.org\/{rel}","templated":true}]}}