
{"id":12480,"date":"2023-10-29T14:29:24","date_gmt":"2023-10-29T14:29:24","guid":{"rendered":"https:\/\/azurefilm.com\/product\/zatezna-opruga\/"},"modified":"2026-02-01T22:33:49","modified_gmt":"2026-02-01T22:33:49","slug":"zatezna-opruga","status":"publish","type":"product","link":"https:\/\/azurefilm.com\/hr\/proizvod\/zatezna-opruga\/","title":{"rendered":"Zatezna opruga"},"content":{"rendered":"<h2><strong>Klju\u010dne zna\u010dajke:<\/strong><\/h2>\n<ul>\n<li>\u0160iroko se koristi za popravke u trgovinama i ku\u0107ama, alate &amp; oprema, ru\u010dni alati, automobili, zamjenski dijelovi<\/li>\n<li>Izra\u0111en od \u010deli\u010dne \u017eice za \u010dvrstinu i elasti\u010dnost za pravu koli\u010dinu napetosti<\/li>\n<li>Zavr\u0161na obrada od crnog oksida za dodatnu za\u0161titu od \u0161tetne hr\u0111e i korozije<\/li>\n<li>Potpuno zavrnuti krajevi petlje za sigurno pri\u010dvr\u0161\u0107ivanje<\/li>\n<li>1 komad<\/li>\n<li>Veli\u010dina: 36 mm x 6 mm<\/li>\n<\/ul>\n","protected":false},"excerpt":{"rendered":"<p><strong>Zatezna opruga<\/strong> na\u0161iroko se koristi za popravke u trgovinama i ku\u0107ama, alate &amp; opremu, ru\u010dne alate, automobilske i zamjenske dijelove.<\/p>\n","protected":false},"featured_media":8249,"comment_status":"closed","ping_status":"closed","template":"","meta":{"_acf_changed":false},"product_brand":[],"product_cat":[481,515,482,483],"product_tag":[],"brand":[],"class_list":{"0":"post-12480","1":"product","2":"type-product","3":"status-publish","4":"has-post-thumbnail","6":"product_cat-akcija","7":"product_cat-alati","8":"product_cat-rezervni-dijelovi","9":"product_cat-svi-rezervni-dijelovi","11":"first","12":"instock","13":"sale","14":"taxable","15":"shipping-taxable","16":"purchasable","17":"product-type-simple"},"acf":[],"_links":{"self":[{"href":"https:\/\/azurefilm.com\/hr\/wp-json\/wp\/v2\/product\/12480","targetHints":{"allow":["GET"]}}],"collection":[{"href":"https:\/\/azurefilm.com\/hr\/wp-json\/wp\/v2\/product"}],"about":[{"href":"https:\/\/azurefilm.com\/hr\/wp-json\/wp\/v2\/types\/product"}],"replies":[{"embeddable":true,"href":"https:\/\/azurefilm.com\/hr\/wp-json\/wp\/v2\/comments?post=12480"}],"wp:featuredmedia":[{"embeddable":true,"href":"https:\/\/azurefilm.com\/hr\/wp-json\/wp\/v2\/media\/8249"}],"wp:attachment":[{"href":"https:\/\/azurefilm.com\/hr\/wp-json\/wp\/v2\/media?parent=12480"}],"wp:term":[{"taxonomy":"product_brand","embeddable":true,"href":"https:\/\/azurefilm.com\/hr\/wp-json\/wp\/v2\/product_brand?post=12480"},{"taxonomy":"product_cat","embeddable":true,"href":"https:\/\/azurefilm.com\/hr\/wp-json\/wp\/v2\/product_cat?post=12480"},{"taxonomy":"product_tag","embeddable":true,"href":"https:\/\/azurefilm.com\/hr\/wp-json\/wp\/v2\/product_tag?post=12480"},{"taxonomy":"brand","embeddable":true,"href":"https:\/\/azurefilm.com\/hr\/wp-json\/wp\/v2\/brand?post=12480"}],"curies":[{"name":"wp","href":"https:\/\/api.w.org\/{rel}","templated":true}]}}