
{"id":12489,"date":"2023-10-29T14:29:24","date_gmt":"2023-10-29T14:29:24","guid":{"rendered":"https:\/\/azurefilm.com\/product\/precizni-noz-sa-6-ostrica\/"},"modified":"2026-03-25T11:04:25","modified_gmt":"2026-03-25T11:04:25","slug":"precizni-noz-sa-6-ostrica","status":"publish","type":"product","link":"https:\/\/azurefilm.com\/hr\/proizvod\/precizni-noz-sa-6-ostrica\/","title":{"rendered":"Precizni no\u017e sa 6 o\u0161trica"},"content":{"rendered":"<p><strong>Precizni no\u017e&nbsp;sa 6 o\u0161trica<\/strong><\/p>\n<ul>\n<li>O\u0161trica od visokokvalitetnog nehr\u0111aju\u0107eg \u010delika ima izuzetno o\u0161tar vrh za precizno fino rezanje i odli\u010dan je alat za obradu 3D printanja ili bilo kojeg drugog materijala poput papira, kartona, drva,&#8230;&nbsp;(papirnate skulpture, pe\u010dati , rezbarije u drvu ili gumi)<\/li>\n<li>Ovaj pouzdani precizni no\u017e dolazi sa 6 zamjenskih o\u0161trica koje \u0107e vas voditi kroz mnoge sjajne kreacije. Svaka o\u0161trica odgovara ve\u0107ini preciznih no\u017eeva i dolazi sa sigurnosnom kapicom za jednostavno pohranjivanje &amp; prenosivost.<\/li>\n<li>Radite li s plastikom, papirom, kartonom, pjenom, vinilom, modelima, tkaninom, ko\u017eom ili drvom, ovaj precizni no\u017e od nehr\u0111aju\u0107eg \u010delika industrijske kvalitete i vrhunske o\u0161trice pru\u017eit \u0107e izdr\u017eljivost &amp; preciznost koja vam je potrebna.<\/li>\n<li>Dolazi s protukliznom, laganom dr\u0161kom no\u017ea od nehr\u0111aju\u0107eg \u010delika za najbolje rezove.&nbsp;<\/li>\n<li>Aluminijska dr\u0161ka srednje te\u017eine laka je za rukovanje.&nbsp;<\/li>\n<li>Dizajniran za rezanje svega, od lakih do te\u0161kih materijala.&nbsp;<\/li>\n<li>Sustav no\u017eeva za jednostavnu promjenu.<\/li>\n<\/ul>\n","protected":false},"excerpt":{"rendered":"<p>O\u0161trica od visokokvalitetnog nehr\u0111aju\u0107eg \u010delika dolazi s iznimno o\u0161trim vrhom za precizno fino rezanje, izvrsno za 3D print ili bilo koje rukotvorine s visokim detaljima poput papirnatih skulptura, pe\u010data, rezbarija u drvu ili gumi.<\/p>\n","protected":false},"featured_media":8354,"comment_status":"closed","ping_status":"closed","template":"","meta":{"_acf_changed":false},"product_brand":[],"product_cat":[482,481,515,513,483],"product_tag":[],"brand":[],"class_list":{"0":"post-12489","1":"product","2":"type-product","3":"status-publish","4":"has-post-thumbnail","6":"product_cat-rezervni-dijelovi","7":"product_cat-akcija","8":"product_cat-alati","9":"product_cat-naknadna-obrada","10":"product_cat-svi-rezervni-dijelovi","12":"first","13":"outofstock","14":"sale","15":"taxable","16":"shipping-taxable","17":"purchasable","18":"product-type-simple"},"acf":[],"_links":{"self":[{"href":"https:\/\/azurefilm.com\/hr\/wp-json\/wp\/v2\/product\/12489","targetHints":{"allow":["GET"]}}],"collection":[{"href":"https:\/\/azurefilm.com\/hr\/wp-json\/wp\/v2\/product"}],"about":[{"href":"https:\/\/azurefilm.com\/hr\/wp-json\/wp\/v2\/types\/product"}],"replies":[{"embeddable":true,"href":"https:\/\/azurefilm.com\/hr\/wp-json\/wp\/v2\/comments?post=12489"}],"wp:featuredmedia":[{"embeddable":true,"href":"https:\/\/azurefilm.com\/hr\/wp-json\/wp\/v2\/media\/8354"}],"wp:attachment":[{"href":"https:\/\/azurefilm.com\/hr\/wp-json\/wp\/v2\/media?parent=12489"}],"wp:term":[{"taxonomy":"product_brand","embeddable":true,"href":"https:\/\/azurefilm.com\/hr\/wp-json\/wp\/v2\/product_brand?post=12489"},{"taxonomy":"product_cat","embeddable":true,"href":"https:\/\/azurefilm.com\/hr\/wp-json\/wp\/v2\/product_cat?post=12489"},{"taxonomy":"product_tag","embeddable":true,"href":"https:\/\/azurefilm.com\/hr\/wp-json\/wp\/v2\/product_tag?post=12489"},{"taxonomy":"brand","embeddable":true,"href":"https:\/\/azurefilm.com\/hr\/wp-json\/wp\/v2\/brand?post=12489"}],"curies":[{"name":"wp","href":"https:\/\/api.w.org\/{rel}","templated":true}]}}