
{"id":12491,"date":"2023-10-29T14:29:24","date_gmt":"2023-10-29T14:29:24","guid":{"rendered":"https:\/\/azurefilm.com\/product\/komplet-konektora-jst-xh2\/"},"modified":"2026-02-18T19:58:05","modified_gmt":"2026-02-18T19:58:05","slug":"komplet-konektora-jst-xh2","status":"publish","type":"product","link":"https:\/\/azurefilm.com\/hr\/proizvod\/komplet-konektora-jst-xh2\/","title":{"rendered":"Komplet konektora JST-XH2"},"content":{"rendered":"<h2><strong>Klju\u010dne zna\u010dajke:<\/strong><\/h2>\n<ul>\n<li>\u00a0\u0160iroko se koristi u elektri\u010dnim ure\u0111ajima, robotima, rasvjeti, igra\u010dkama, PCB kontrolnim plo\u010dama, ku\u0107anskim aparatima itd.<\/li>\n<li>Kompatibilan s Arduinom i pin konektorima u stilu mati\u010dne plo\u010de, kao \u0161to je plo\u010da 3D pisa\u010da itd.<\/li>\n<li>Jednostavno postavite stezaljke u odgovaraju\u0107i alat za stezanje i pritisnite ih, a metalne stezaljke savr\u0161eno \u0107e se uklopiti u \u017eice.<\/li>\n<li>Ovaj komplet uklju\u010duje 2Pin, 3Pin, 4Pin, 5Pin, 6Pin, \u017eenske i mu\u0161ke konektore, kao i metalni pin konektor od 2,54 mm.<\/li>\n<\/ul>\n<h2><strong>Paket uklju\u010duje:<\/strong><\/h2>\n<p>\u25cf 20 kom x JST-XH-2P uti\u010dnice.<br \/>\n\u25cf 20 kom x JST-XH-2P konektora.<\/p>\n<p>\u25cf 20 kom x JST-XH-3P uti\u010dnice.<br \/>\n\u25cf 20 kom x JST XH 3P utika\u010d.<\/p>\n<p>\u25cf 20 kom x JST-XH-4P uti\u010dnice.<br \/>\n\u25cf 20 kom x JST XH 4P konektori.<\/p>\n<p>\u25cf 10 kom x JST-XH-5P uti\u010dnice.<br \/>\n\u25cf 10 kom x JST-XH-5P utika\u010d.<\/p>\n<p>\u25cf 10 kom x JST-XH-6P uti\u010dnice.<br \/>\n\u25cf 10 kom x JST XH 6P konektori.<\/p>\n<p>\u25cf 300 kom x 2,54 mm metalne uti\u010dnice.<br \/>\n1 x plasti\u010dna kutija.<\/p>\n","protected":false},"excerpt":{"rendered":"<p><strong>Komplet konektora JST-XH2<\/strong> koji uklju\u010duje 2Pin, 3Pin, 4Pin, 5Pin, 6Pin, \u017eenske i mu\u0161ke konektore, kao i 2,54 mm metalni pin konektor.<\/p>\n","protected":false},"featured_media":8376,"comment_status":"closed","ping_status":"closed","template":"","meta":{"_acf_changed":false},"product_brand":[],"product_cat":[481,512,482,483],"product_tag":[],"brand":[],"class_list":{"0":"post-12491","1":"product","2":"type-product","3":"status-publish","4":"has-post-thumbnail","6":"product_cat-akcija","7":"product_cat-drugi-proizvodi","8":"product_cat-rezervni-dijelovi","9":"product_cat-svi-rezervni-dijelovi","11":"first","12":"instock","13":"sale","14":"taxable","15":"shipping-taxable","16":"purchasable","17":"product-type-simple"},"acf":[],"_links":{"self":[{"href":"https:\/\/azurefilm.com\/hr\/wp-json\/wp\/v2\/product\/12491","targetHints":{"allow":["GET"]}}],"collection":[{"href":"https:\/\/azurefilm.com\/hr\/wp-json\/wp\/v2\/product"}],"about":[{"href":"https:\/\/azurefilm.com\/hr\/wp-json\/wp\/v2\/types\/product"}],"replies":[{"embeddable":true,"href":"https:\/\/azurefilm.com\/hr\/wp-json\/wp\/v2\/comments?post=12491"}],"wp:featuredmedia":[{"embeddable":true,"href":"https:\/\/azurefilm.com\/hr\/wp-json\/wp\/v2\/media\/8376"}],"wp:attachment":[{"href":"https:\/\/azurefilm.com\/hr\/wp-json\/wp\/v2\/media?parent=12491"}],"wp:term":[{"taxonomy":"product_brand","embeddable":true,"href":"https:\/\/azurefilm.com\/hr\/wp-json\/wp\/v2\/product_brand?post=12491"},{"taxonomy":"product_cat","embeddable":true,"href":"https:\/\/azurefilm.com\/hr\/wp-json\/wp\/v2\/product_cat?post=12491"},{"taxonomy":"product_tag","embeddable":true,"href":"https:\/\/azurefilm.com\/hr\/wp-json\/wp\/v2\/product_tag?post=12491"},{"taxonomy":"brand","embeddable":true,"href":"https:\/\/azurefilm.com\/hr\/wp-json\/wp\/v2\/brand?post=12491"}],"curies":[{"name":"wp","href":"https:\/\/api.w.org\/{rel}","templated":true}]}}