
{"id":12492,"date":"2023-10-29T14:29:24","date_gmt":"2023-10-29T14:29:24","guid":{"rendered":"https:\/\/azurefilm.com\/product\/navlaka-za-krizni-kljuc\/"},"modified":"2026-05-06T16:06:32","modified_gmt":"2026-05-06T16:06:32","slug":"navlaka-za-krizni-kljuc","status":"publish","type":"product","link":"https:\/\/azurefilm.com\/hr\/proizvod\/navlaka-za-krizni-kljuc\/","title":{"rendered":"Navlaka za kri\u017eni klju\u010d"},"content":{"rendered":"<h2><strong>Klju\u010dne zna\u010dajke:<\/strong><\/h2>\n<ul>\n<li>Prikladno za M2, M2.5, M3, M4 navrtku<\/li>\n<li>Uz naglavak s kri\u017enim klju\u010dem mo\u017eete jednostavno zamijeniti mlaznicu na 3D pisa\u010du, izme\u0111u ostalih popravaka.<\/li>\n<li>Izra\u0111en od visokokvalitetnih materijala, lagan i lak za no\u0161enje.<\/li>\n<li>Otporan na hr\u0111u i izdr\u017eljiv,<\/li>\n<li>ima dug radni vijek i mo\u017ee se koristiti dugo vremena.<\/li>\n<li>Male je veli\u010dine i mo\u017ee se nositi bilo gdje kao prijenosni alat.<\/li>\n<li>Mo\u017ee se na\u0161iroko koristiti u ku\u0107nim DIY, autodijelovima, obradi drva, profesionalnoj mehanici i tako dalje.<\/li>\n<li>Boja: srebrna<\/li>\n<li>Materijal: metal<\/li>\n<\/ul>\n","protected":false},"excerpt":{"rendered":"<p><strong>Navlaka za kri\u017eni klju\u010d<\/strong> prikladna za M2, M2.5, M3, M4.<\/p>\n","protected":false},"featured_media":8397,"comment_status":"closed","ping_status":"closed","template":"","meta":{"_acf_changed":false},"product_brand":[],"product_cat":[481,512,482,483],"product_tag":[],"brand":[],"class_list":{"0":"post-12492","1":"product","2":"type-product","3":"status-publish","4":"has-post-thumbnail","6":"product_cat-akcija","7":"product_cat-drugi-proizvodi","8":"product_cat-rezervni-dijelovi","9":"product_cat-svi-rezervni-dijelovi","11":"first","12":"instock","13":"sale","14":"taxable","15":"shipping-taxable","16":"purchasable","17":"product-type-simple"},"acf":[],"_links":{"self":[{"href":"https:\/\/azurefilm.com\/hr\/wp-json\/wp\/v2\/product\/12492","targetHints":{"allow":["GET"]}}],"collection":[{"href":"https:\/\/azurefilm.com\/hr\/wp-json\/wp\/v2\/product"}],"about":[{"href":"https:\/\/azurefilm.com\/hr\/wp-json\/wp\/v2\/types\/product"}],"replies":[{"embeddable":true,"href":"https:\/\/azurefilm.com\/hr\/wp-json\/wp\/v2\/comments?post=12492"}],"wp:featuredmedia":[{"embeddable":true,"href":"https:\/\/azurefilm.com\/hr\/wp-json\/wp\/v2\/media\/8397"}],"wp:attachment":[{"href":"https:\/\/azurefilm.com\/hr\/wp-json\/wp\/v2\/media?parent=12492"}],"wp:term":[{"taxonomy":"product_brand","embeddable":true,"href":"https:\/\/azurefilm.com\/hr\/wp-json\/wp\/v2\/product_brand?post=12492"},{"taxonomy":"product_cat","embeddable":true,"href":"https:\/\/azurefilm.com\/hr\/wp-json\/wp\/v2\/product_cat?post=12492"},{"taxonomy":"product_tag","embeddable":true,"href":"https:\/\/azurefilm.com\/hr\/wp-json\/wp\/v2\/product_tag?post=12492"},{"taxonomy":"brand","embeddable":true,"href":"https:\/\/azurefilm.com\/hr\/wp-json\/wp\/v2\/brand?post=12492"}],"curies":[{"name":"wp","href":"https:\/\/api.w.org\/{rel}","templated":true}]}}