
{"id":12493,"date":"2023-10-29T14:29:24","date_gmt":"2023-10-29T14:29:24","guid":{"rendered":"https:\/\/azurefilm.com\/product\/opruzna-stezaljka\/"},"modified":"2026-05-01T19:57:51","modified_gmt":"2026-05-01T19:57:51","slug":"opruzna-stezaljka","status":"publish","type":"product","link":"https:\/\/azurefilm.com\/hr\/proizvod\/opruzna-stezaljka\/","title":{"rendered":"Opru\u017ena stezaljka"},"content":{"rendered":"<p>Ova plasti\u010dna opru\u017ena stezaljka uobi\u010dajeni je alat za svakog majstora. Ne klizi i ima dobru steznu silu, \u0161to va\u0161u obradu drva \u010dini lak\u0161om.<\/p>\n<h2><strong>Klju\u010dne zna\u010dajke:<\/strong><\/h2>\n<ul>\n<li>\u010cvrst i izdr\u017eljiv za sve va\u0161e potrebe stezanja.<\/li>\n<li>Otporan na hr\u0111u.<\/li>\n<li>Konturirana \u010deljust za dr\u017eanje okruglih i neobi\u010dnih predmeta.<\/li>\n<li>Fleksibilni jastu\u010di\u0107i omogu\u0107uju bolje dr\u017eanje.<\/li>\n<li>Ru\u010dke dizajnirane za udoban raspon ruku.<\/li>\n<li>Visoka kvaliteta i izdr\u017eljivost.<\/li>\n<li>Boja: crna i naran\u010dasta.<\/li>\n<li>Materijal: plastika.<\/li>\n<\/ul>\n<p>&nbsp;<\/p>\n<p>&nbsp;<\/p>\n<p>&nbsp;<\/p>\n","protected":false},"excerpt":{"rendered":"<p>Ova plasti\u010dna <strong>opru\u017ena stezaljka<\/strong> uobi\u010dajeni je alat za svakog DIY majstora. Ne klizi se i ima dobru silu stezanja, \u0161to va\u0161u obradu drveta \u010dini mnogo lak\u0161om.<\/p>\n","protected":false},"featured_media":8410,"comment_status":"closed","ping_status":"closed","template":"","meta":{"_acf_changed":false},"product_brand":[],"product_cat":[481,512,482,483],"product_tag":[],"brand":[],"class_list":{"0":"post-12493","1":"product","2":"type-product","3":"status-publish","4":"has-post-thumbnail","6":"product_cat-akcija","7":"product_cat-drugi-proizvodi","8":"product_cat-rezervni-dijelovi","9":"product_cat-svi-rezervni-dijelovi","11":"first","12":"instock","13":"sale","14":"taxable","15":"shipping-taxable","16":"purchasable","17":"product-type-variable"},"acf":[],"_links":{"self":[{"href":"https:\/\/azurefilm.com\/hr\/wp-json\/wp\/v2\/product\/12493","targetHints":{"allow":["GET"]}}],"collection":[{"href":"https:\/\/azurefilm.com\/hr\/wp-json\/wp\/v2\/product"}],"about":[{"href":"https:\/\/azurefilm.com\/hr\/wp-json\/wp\/v2\/types\/product"}],"replies":[{"embeddable":true,"href":"https:\/\/azurefilm.com\/hr\/wp-json\/wp\/v2\/comments?post=12493"}],"wp:featuredmedia":[{"embeddable":true,"href":"https:\/\/azurefilm.com\/hr\/wp-json\/wp\/v2\/media\/8410"}],"wp:attachment":[{"href":"https:\/\/azurefilm.com\/hr\/wp-json\/wp\/v2\/media?parent=12493"}],"wp:term":[{"taxonomy":"product_brand","embeddable":true,"href":"https:\/\/azurefilm.com\/hr\/wp-json\/wp\/v2\/product_brand?post=12493"},{"taxonomy":"product_cat","embeddable":true,"href":"https:\/\/azurefilm.com\/hr\/wp-json\/wp\/v2\/product_cat?post=12493"},{"taxonomy":"product_tag","embeddable":true,"href":"https:\/\/azurefilm.com\/hr\/wp-json\/wp\/v2\/product_tag?post=12493"},{"taxonomy":"brand","embeddable":true,"href":"https:\/\/azurefilm.com\/hr\/wp-json\/wp\/v2\/brand?post=12493"}],"curies":[{"name":"wp","href":"https:\/\/api.w.org\/{rel}","templated":true}]}}