
{"id":12494,"date":"2023-10-29T14:29:24","date_gmt":"2023-10-29T14:29:24","guid":{"rendered":"https:\/\/azurefilm.com\/product\/aluminijske-sarke\/"},"modified":"2026-03-07T00:08:38","modified_gmt":"2026-03-07T00:08:38","slug":"aluminijske-sarke","status":"publish","type":"product","link":"https:\/\/azurefilm.com\/hr\/proizvod\/aluminijske-sarke\/","title":{"rendered":"Aluminijske \u0161arke"},"content":{"rendered":"<h2><strong>Klju\u010dne zna\u010dajke:<\/strong><\/h2>\n<ul>\n<li>Podru\u010dja primjene: razvodna oprema, razvodni ormar, ormar za distribuciju elektri\u010dne energije, upravlja\u010dki ormar, Rittal PS ormar, GGD ormar, mehani\u010dka oprema itd.<\/li>\n<li>Izra\u0111en od visokokvalitetnog aluminija.<\/li>\n<li>\u0160arke su izdr\u017eljive, otporne na koroziju i imaju dug vijek trajanja.<\/li>\n<li>Pogodan za postavljanje pomo\u0107u vijaka, vijci nisu uklju\u010deni.<\/li>\n<li>Boja: crna<\/li>\n<\/ul>\n","protected":false},"excerpt":{"rendered":"<p><strong>Aluminijske \u0161arke<\/strong> su izdr\u017eljive, otporne na koroziju i imaju dug vijek trajanja.<\/p>\n","protected":false},"featured_media":8423,"comment_status":"closed","ping_status":"closed","template":"","meta":{"_acf_changed":false},"product_brand":[],"product_cat":[481,512,482,483],"product_tag":[],"brand":[],"class_list":{"0":"post-12494","1":"product","2":"type-product","3":"status-publish","4":"has-post-thumbnail","6":"product_cat-akcija","7":"product_cat-drugi-proizvodi","8":"product_cat-rezervni-dijelovi","9":"product_cat-svi-rezervni-dijelovi","11":"first","12":"instock","13":"sale","14":"taxable","15":"shipping-taxable","16":"purchasable","17":"product-type-simple"},"acf":[],"_links":{"self":[{"href":"https:\/\/azurefilm.com\/hr\/wp-json\/wp\/v2\/product\/12494","targetHints":{"allow":["GET"]}}],"collection":[{"href":"https:\/\/azurefilm.com\/hr\/wp-json\/wp\/v2\/product"}],"about":[{"href":"https:\/\/azurefilm.com\/hr\/wp-json\/wp\/v2\/types\/product"}],"replies":[{"embeddable":true,"href":"https:\/\/azurefilm.com\/hr\/wp-json\/wp\/v2\/comments?post=12494"}],"wp:featuredmedia":[{"embeddable":true,"href":"https:\/\/azurefilm.com\/hr\/wp-json\/wp\/v2\/media\/8423"}],"wp:attachment":[{"href":"https:\/\/azurefilm.com\/hr\/wp-json\/wp\/v2\/media?parent=12494"}],"wp:term":[{"taxonomy":"product_brand","embeddable":true,"href":"https:\/\/azurefilm.com\/hr\/wp-json\/wp\/v2\/product_brand?post=12494"},{"taxonomy":"product_cat","embeddable":true,"href":"https:\/\/azurefilm.com\/hr\/wp-json\/wp\/v2\/product_cat?post=12494"},{"taxonomy":"product_tag","embeddable":true,"href":"https:\/\/azurefilm.com\/hr\/wp-json\/wp\/v2\/product_tag?post=12494"},{"taxonomy":"brand","embeddable":true,"href":"https:\/\/azurefilm.com\/hr\/wp-json\/wp\/v2\/brand?post=12494"}],"curies":[{"name":"wp","href":"https:\/\/api.w.org\/{rel}","templated":true}]}}