
{"id":12495,"date":"2023-10-29T14:29:24","date_gmt":"2023-10-29T14:29:24","guid":{"rendered":"https:\/\/azurefilm.com\/product\/svrdla-za-rupe\/"},"modified":"2025-10-13T20:57:34","modified_gmt":"2025-10-13T20:57:34","slug":"svrdla-za-rupe","status":"publish","type":"product","link":"https:\/\/azurefilm.com\/hr\/proizvod\/svrdla-za-rupe\/","title":{"rendered":"Svrdla za rupe"},"content":{"rendered":"<h4>Svrdla za rupe<\/h4>\n<h3><strong>Klju\u010dne zna\u010dajke:<\/strong><\/h3>\n<ul>\n<li>Promjer svrdla: 15 mm \/ 18 mm \/ 20 mm\/ 25 mm \/ 30 mm \/ 35 mm \/ 40 mm \/ 50 mm<\/li>\n<li>Dobra kvaliteta, dugotrajna upotreba.<\/li>\n<li>Stabilne karakteristike, visoka pouzdanost.<\/li>\n<li>Brzo i precizno rezanje rupa u nehr\u0111aju\u0107em \u010deliku, mekom \u010deliku, \u017eeljezu, bakru, mesingu i drvu.<\/li>\n<li>Izra\u0111en je od\u00a0brzoreznog \u010delika.<\/li>\n<li>Prikladno<strong>\u00a0<\/strong>za nehr\u0111aju\u0107i \u010delik, meki \u010delik, \u017eeljezo, bakar, mesing, drvo i tako dalje.<\/li>\n<\/ul>\n<p>&nbsp;<\/p>\n","protected":false},"excerpt":{"rendered":"<p><strong>Svrdla za rupe <\/strong>razli\u010ditih promjera sa stabilnim karakteristikama i visokom pouzdano\u0161\u0107u.<\/p>\n","protected":false},"featured_media":8428,"comment_status":"closed","ping_status":"closed","template":"","meta":{"_acf_changed":false},"product_brand":[],"product_cat":[481,515,512,482,483],"product_tag":[],"brand":[],"class_list":{"0":"post-12495","1":"product","2":"type-product","3":"status-publish","4":"has-post-thumbnail","6":"product_cat-akcija","7":"product_cat-alati","8":"product_cat-drugi-proizvodi","9":"product_cat-rezervni-dijelovi","10":"product_cat-svi-rezervni-dijelovi","12":"first","13":"instock","14":"sale","15":"taxable","16":"shipping-taxable","17":"purchasable","18":"product-type-variable"},"acf":[],"_links":{"self":[{"href":"https:\/\/azurefilm.com\/hr\/wp-json\/wp\/v2\/product\/12495","targetHints":{"allow":["GET"]}}],"collection":[{"href":"https:\/\/azurefilm.com\/hr\/wp-json\/wp\/v2\/product"}],"about":[{"href":"https:\/\/azurefilm.com\/hr\/wp-json\/wp\/v2\/types\/product"}],"replies":[{"embeddable":true,"href":"https:\/\/azurefilm.com\/hr\/wp-json\/wp\/v2\/comments?post=12495"}],"wp:featuredmedia":[{"embeddable":true,"href":"https:\/\/azurefilm.com\/hr\/wp-json\/wp\/v2\/media\/8428"}],"wp:attachment":[{"href":"https:\/\/azurefilm.com\/hr\/wp-json\/wp\/v2\/media?parent=12495"}],"wp:term":[{"taxonomy":"product_brand","embeddable":true,"href":"https:\/\/azurefilm.com\/hr\/wp-json\/wp\/v2\/product_brand?post=12495"},{"taxonomy":"product_cat","embeddable":true,"href":"https:\/\/azurefilm.com\/hr\/wp-json\/wp\/v2\/product_cat?post=12495"},{"taxonomy":"product_tag","embeddable":true,"href":"https:\/\/azurefilm.com\/hr\/wp-json\/wp\/v2\/product_tag?post=12495"},{"taxonomy":"brand","embeddable":true,"href":"https:\/\/azurefilm.com\/hr\/wp-json\/wp\/v2\/brand?post=12495"}],"curies":[{"name":"wp","href":"https:\/\/api.w.org\/{rel}","templated":true}]}}