
{"id":12502,"date":"2023-10-29T14:29:58","date_gmt":"2023-10-29T14:29:58","guid":{"rendered":"https:\/\/azurefilm.com\/product\/mlaznica-mk8-steel-10-pak\/"},"modified":"2026-01-14T22:30:45","modified_gmt":"2026-01-14T22:30:45","slug":"mlaznica-mk8-steel-10-pak","status":"publish","type":"product","link":"https:\/\/azurefilm.com\/hr\/proizvod\/mlaznica-mk8-steel-10-pak\/","title":{"rendered":"Creality Mlaznica MK8 Steel (10 pak)"},"content":{"rendered":"<h4>Creality Mlaznica MK8 Steel (10 pak)<\/h4>\n<h3><strong><span style=\"vertical-align: inherit;\">Glavne zna\u010dajke:<\/span><\/strong><\/h3>\n<ul>\n<li><strong><span style=\"vertical-align: inherit;\">Pro\u0161irena kompatibilnost:<\/span><\/strong><span style=\"vertical-align: inherit;\"> Dizajnirano da bude kompatibilno s 3D pisa\u010dima kao \u0161to su Creality CR-10 V2, Creality CR-10S, Creality Ender 3 S1 i drugi sli\u010dni modeli.<\/span><\/li>\n<li><strong><span style=\"vertical-align: inherit;\">Razli\u010diti promjeri:<\/span><\/strong><span style=\"vertical-align: inherit;\"> Mlaznice ekstrudera dostupne su u promjerima od 1,75 mm, 0,4 mm, 0,5 mm i 0,6 mm, \u010dime se u\u010dinkovito sprje\u010dava curenje iz ispisne glave.<\/span><\/li>\n<li><strong><span style=\"vertical-align: inherit;\">Vrhunska kvaliteta ispisa:<\/span><\/strong><span style=\"vertical-align: inherit;\"> Mlaznica je izra\u0111ena od visokokvalitetnog nehr\u0111aju\u0107eg \u010delika i osigurava dosljedne ispise s glatkom, sjajnom glazurom.<\/span><\/li>\n<li><strong><span style=\"vertical-align: inherit;\">Snaga i izdr\u017eljivost:<\/span><\/strong><span style=\"vertical-align: inherit;\"> Mlaznica je otporna na hr\u0111u i koroziju, jaka je i izdr\u017eljiva te osigurava dug radni vijek.<\/span><\/li>\n<li><strong><span style=\"vertical-align: inherit;\">Jednostavna instalacija:<\/span><\/strong><span style=\"vertical-align: inherit;\"> Instalacija je jednostavna i laka i nudi prikladno rje\u0161enje za korisnike.<\/span><\/li>\n<li><strong><em><span style=\"vertical-align: inherit;\">Optimalna izvedba:<\/span><\/em><\/strong><span style=\"vertical-align: inherit;\"> MK8 mlaznice osiguravaju pouzdanu izvedbu i poma\u017eu u postizanju visokokvalitetnih ispisa.<\/span><\/li>\n<li><strong><em><span style=\"vertical-align: inherit;\">Razli\u010dite opcije:<\/span><\/em><\/strong><span style=\"vertical-align: inherit;\"> Pakiranje od 10 komada uklju\u010duje nekoliko opcija promjera, \u0161to korisnicima omogu\u0107uje odabir idealne konfiguracije za njihove potrebe ispisa.<\/span><\/li>\n<li><strong><em><span style=\"vertical-align: inherit;\">Izdr\u017eljivost:<\/span><\/em><\/strong><span style=\"vertical-align: inherit;\"> Mlaznice su izra\u0111ene od visokokvalitetnog nehr\u0111aju\u0107eg \u010delika i dizajnirane da budu otporne na koroziju, \u010dime se osigurava dug radni vijek.<\/span><\/li>\n<li><strong><em><span style=\"vertical-align: inherit;\">Savjeti za kalibraciju:<\/span><\/em><\/strong><span style=\"vertical-align: inherit;\"> Nakon zamjene mlaznice, preporu\u010duje se ponovno kalibrirati udaljenost izme\u0111u mlaznice i radne povr\u0161ine kako biste osigurali kvalitetu svojih ispisa.<\/span><\/li>\n<li><strong><em><span style=\"vertical-align: inherit;\">Ekonomi\u010dni paket:<\/span><\/em><\/strong><span style=\"vertical-align: inherit;\"> Cijena je za 10 komada, nudi pristupa\u010dnu opciju za korisnike koji \u017eele pobolj\u0161ati performanse svojih 3D pisa\u010da.<\/span><\/li>\n<\/ul>\n","protected":false},"excerpt":{"rendered":"<p>Creality Mlaznica MK8 Steel (10 pak) s 1.75 mm ulazom koji mo\u017ee u\u010dinkovito sprije\u010diti curenje ispisne glave i proizvesti dosljedne ispise s glatkim i sjajnim poliranjem.<\/p>\n","protected":false},"featured_media":19964,"comment_status":"closed","ping_status":"closed","template":"","meta":{"_acf_changed":false},"product_brand":[],"product_cat":[481,509,510,482,483],"product_tag":[],"brand":[],"class_list":{"0":"post-12502","1":"product","2":"type-product","3":"status-publish","4":"has-post-thumbnail","6":"product_cat-akcija","7":"product_cat-mlaznice","8":"product_cat-otvrdnute-i-mlaznice-otporne-na-abraziju","9":"product_cat-rezervni-dijelovi","10":"product_cat-svi-rezervni-dijelovi","12":"first","13":"instock","14":"sale","15":"taxable","16":"shipping-taxable","17":"purchasable","18":"product-type-simple"},"acf":[],"_links":{"self":[{"href":"https:\/\/azurefilm.com\/hr\/wp-json\/wp\/v2\/product\/12502","targetHints":{"allow":["GET"]}}],"collection":[{"href":"https:\/\/azurefilm.com\/hr\/wp-json\/wp\/v2\/product"}],"about":[{"href":"https:\/\/azurefilm.com\/hr\/wp-json\/wp\/v2\/types\/product"}],"replies":[{"embeddable":true,"href":"https:\/\/azurefilm.com\/hr\/wp-json\/wp\/v2\/comments?post=12502"}],"wp:featuredmedia":[{"embeddable":true,"href":"https:\/\/azurefilm.com\/hr\/wp-json\/wp\/v2\/media\/19964"}],"wp:attachment":[{"href":"https:\/\/azurefilm.com\/hr\/wp-json\/wp\/v2\/media?parent=12502"}],"wp:term":[{"taxonomy":"product_brand","embeddable":true,"href":"https:\/\/azurefilm.com\/hr\/wp-json\/wp\/v2\/product_brand?post=12502"},{"taxonomy":"product_cat","embeddable":true,"href":"https:\/\/azurefilm.com\/hr\/wp-json\/wp\/v2\/product_cat?post=12502"},{"taxonomy":"product_tag","embeddable":true,"href":"https:\/\/azurefilm.com\/hr\/wp-json\/wp\/v2\/product_tag?post=12502"},{"taxonomy":"brand","embeddable":true,"href":"https:\/\/azurefilm.com\/hr\/wp-json\/wp\/v2\/brand?post=12502"}],"curies":[{"name":"wp","href":"https:\/\/api.w.org\/{rel}","templated":true}]}}