
{"id":12543,"date":"2023-10-29T14:30:52","date_gmt":"2023-10-29T14:30:52","guid":{"rendered":"https:\/\/azurefilm.com\/product\/napajanje-za-cr10-max\/"},"modified":"2023-10-29T15:41:20","modified_gmt":"2023-10-29T15:41:20","slug":"napajanje-za-cr10-max","status":"publish","type":"product","link":"https:\/\/azurefilm.com\/hr\/proizvod\/napajanje-za-cr10-max\/","title":{"rendered":"Napajanje za CR10 MAX"},"content":{"rendered":"<p>Originalni Meanwell <strong>Napajanje za CR10 MAX<\/strong> &#8211; 24V 750W.<\/p>\n<h2><strong>Klju\u010dne zna\u010dajke:<\/strong><\/h2>\n<ul>\n<li>Napajanje se lako mijenja na va\u0161em 3D pisa\u010du u slu\u010daju kvara. Meanwell je jedan od najpoznatijih svjetskih proizvo\u0111a\u010da napajanja za 3d printere. Ne morate se brinuti ho\u0107e li vam ne\u0161to zagorjeti s ovim napajanjem, a tako\u0111er se ne doga\u0111a \u010desto da napajanje 3D Printera pregori.<\/li>\n<li>Priklju\u010dni napon je 230V<\/li>\n<li>Izlazni napon 24V<\/li>\n<li>Napajanje 750 W<\/li>\n<li>Struja 31A<\/li>\n<\/ul>\n","protected":false},"excerpt":{"rendered":"<p>Originalno Creality <strong>napajanje za CR10 MAX<\/strong> 3D pisa\u010d, 24V, 750W.<\/p>\n","protected":false},"featured_media":8848,"comment_status":"closed","ping_status":"closed","template":"","meta":{"_acf_changed":false},"product_brand":[],"product_cat":[481,482,483],"product_tag":[],"brand":[],"class_list":{"0":"post-12543","1":"product","2":"type-product","3":"status-publish","4":"has-post-thumbnail","6":"product_cat-akcija","7":"product_cat-rezervni-dijelovi","8":"product_cat-svi-rezervni-dijelovi","10":"first","11":"instock","12":"sale","13":"taxable","14":"shipping-taxable","15":"purchasable","16":"product-type-simple"},"acf":[],"_links":{"self":[{"href":"https:\/\/azurefilm.com\/hr\/wp-json\/wp\/v2\/product\/12543","targetHints":{"allow":["GET"]}}],"collection":[{"href":"https:\/\/azurefilm.com\/hr\/wp-json\/wp\/v2\/product"}],"about":[{"href":"https:\/\/azurefilm.com\/hr\/wp-json\/wp\/v2\/types\/product"}],"replies":[{"embeddable":true,"href":"https:\/\/azurefilm.com\/hr\/wp-json\/wp\/v2\/comments?post=12543"}],"wp:featuredmedia":[{"embeddable":true,"href":"https:\/\/azurefilm.com\/hr\/wp-json\/wp\/v2\/media\/8848"}],"wp:attachment":[{"href":"https:\/\/azurefilm.com\/hr\/wp-json\/wp\/v2\/media?parent=12543"}],"wp:term":[{"taxonomy":"product_brand","embeddable":true,"href":"https:\/\/azurefilm.com\/hr\/wp-json\/wp\/v2\/product_brand?post=12543"},{"taxonomy":"product_cat","embeddable":true,"href":"https:\/\/azurefilm.com\/hr\/wp-json\/wp\/v2\/product_cat?post=12543"},{"taxonomy":"product_tag","embeddable":true,"href":"https:\/\/azurefilm.com\/hr\/wp-json\/wp\/v2\/product_tag?post=12543"},{"taxonomy":"brand","embeddable":true,"href":"https:\/\/azurefilm.com\/hr\/wp-json\/wp\/v2\/brand?post=12543"}],"curies":[{"name":"wp","href":"https:\/\/api.w.org\/{rel}","templated":true}]}}