
{"id":12565,"date":"2023-10-29T14:31:41","date_gmt":"2023-10-29T14:31:41","guid":{"rendered":"https:\/\/azurefilm.com\/product\/skare\/"},"modified":"2023-11-18T11:52:31","modified_gmt":"2023-11-18T11:52:31","slug":"skare","status":"publish","type":"product","link":"https:\/\/azurefilm.com\/hr\/proizvod\/skare\/","title":{"rendered":"\u0160kare"},"content":{"rendered":"<p>\u0160kare su ru\u010dni alat koji se koristi za rezanje tankih materijala. Koristimo ih za rezanje npr. papira, kartona, metalne folije, tanke plastike, hrane, tkanine, u\u017eadi i \u017eica.<\/p>\n","protected":false},"excerpt":{"rendered":"<p>Za rezanje npr. papira, kartona, metalne folije, tanke plastike, hrane, tkanine, u\u017eadi i \u017eica.<\/p>\n","protected":false},"featured_media":9050,"comment_status":"closed","ping_status":"closed","template":"","meta":{"_acf_changed":false},"product_brand":[],"product_cat":[482,481,515,483],"product_tag":[],"brand":[],"class_list":{"0":"post-12565","1":"product","2":"type-product","3":"status-publish","4":"has-post-thumbnail","6":"product_cat-rezervni-dijelovi","7":"product_cat-akcija","8":"product_cat-alati","9":"product_cat-svi-rezervni-dijelovi","11":"first","12":"instock","13":"sale","14":"taxable","15":"shipping-taxable","16":"purchasable","17":"product-type-simple"},"acf":[],"_links":{"self":[{"href":"https:\/\/azurefilm.com\/hr\/wp-json\/wp\/v2\/product\/12565","targetHints":{"allow":["GET"]}}],"collection":[{"href":"https:\/\/azurefilm.com\/hr\/wp-json\/wp\/v2\/product"}],"about":[{"href":"https:\/\/azurefilm.com\/hr\/wp-json\/wp\/v2\/types\/product"}],"replies":[{"embeddable":true,"href":"https:\/\/azurefilm.com\/hr\/wp-json\/wp\/v2\/comments?post=12565"}],"wp:featuredmedia":[{"embeddable":true,"href":"https:\/\/azurefilm.com\/hr\/wp-json\/wp\/v2\/media\/9050"}],"wp:attachment":[{"href":"https:\/\/azurefilm.com\/hr\/wp-json\/wp\/v2\/media?parent=12565"}],"wp:term":[{"taxonomy":"product_brand","embeddable":true,"href":"https:\/\/azurefilm.com\/hr\/wp-json\/wp\/v2\/product_brand?post=12565"},{"taxonomy":"product_cat","embeddable":true,"href":"https:\/\/azurefilm.com\/hr\/wp-json\/wp\/v2\/product_cat?post=12565"},{"taxonomy":"product_tag","embeddable":true,"href":"https:\/\/azurefilm.com\/hr\/wp-json\/wp\/v2\/product_tag?post=12565"},{"taxonomy":"brand","embeddable":true,"href":"https:\/\/azurefilm.com\/hr\/wp-json\/wp\/v2\/brand?post=12565"}],"curies":[{"name":"wp","href":"https:\/\/api.w.org\/{rel}","templated":true}]}}