
{"id":12566,"date":"2023-10-29T14:31:41","date_gmt":"2023-10-29T14:31:41","guid":{"rendered":"https:\/\/azurefilm.com\/product\/crni-klipovi\/"},"modified":"2026-03-18T16:50:31","modified_gmt":"2026-03-18T16:50:31","slug":"crni-klipovi-4-ili-10-pack","status":"publish","type":"product","link":"https:\/\/azurefilm.com\/hr\/proizvod\/crni-klipovi-4-ili-10-pack\/","title":{"rendered":"Crni klipovi (4 ili 10 pack)"},"content":{"rendered":"<h2><strong>Klju\u010dne zna\u010dajke:<\/strong><\/h2>\n<p>Crne kop\u010de za pri\u010dvr\u0161\u0107ivanje staklene platforme na 3D pisa\u010d.<\/p>\n<ul>\n<li>Crne kop\u010de 22 mm 10 kom<\/li>\n<li>Crne kop\u010de 31 mm 10 kom<\/li>\n<li>Crne kop\u010de 38 mm 10 kom<\/li>\n<li>Crne kop\u010de 50 mm 10 kom<\/li>\n<li>Crne kop\u010de 63 mm 4 kom<\/li>\n<\/ul>\n","protected":false},"excerpt":{"rendered":"<p><strong>Crne kop\u010de<\/strong> za pri\u010dvr\u0161\u0107ivanje staklene platforme na 3D pisa\u010d.<\/p>\n","protected":false},"featured_media":9063,"comment_status":"closed","ping_status":"closed","template":"","meta":{"_acf_changed":false},"product_brand":[],"product_cat":[481,512,482,483],"product_tag":[],"brand":[],"class_list":{"0":"post-12566","1":"product","2":"type-product","3":"status-publish","4":"has-post-thumbnail","6":"product_cat-akcija","7":"product_cat-drugi-proizvodi","8":"product_cat-rezervni-dijelovi","9":"product_cat-svi-rezervni-dijelovi","11":"first","12":"instock","13":"sale","14":"taxable","15":"shipping-taxable","16":"purchasable","17":"product-type-variable"},"acf":[],"_links":{"self":[{"href":"https:\/\/azurefilm.com\/hr\/wp-json\/wp\/v2\/product\/12566","targetHints":{"allow":["GET"]}}],"collection":[{"href":"https:\/\/azurefilm.com\/hr\/wp-json\/wp\/v2\/product"}],"about":[{"href":"https:\/\/azurefilm.com\/hr\/wp-json\/wp\/v2\/types\/product"}],"replies":[{"embeddable":true,"href":"https:\/\/azurefilm.com\/hr\/wp-json\/wp\/v2\/comments?post=12566"}],"wp:featuredmedia":[{"embeddable":true,"href":"https:\/\/azurefilm.com\/hr\/wp-json\/wp\/v2\/media\/9063"}],"wp:attachment":[{"href":"https:\/\/azurefilm.com\/hr\/wp-json\/wp\/v2\/media?parent=12566"}],"wp:term":[{"taxonomy":"product_brand","embeddable":true,"href":"https:\/\/azurefilm.com\/hr\/wp-json\/wp\/v2\/product_brand?post=12566"},{"taxonomy":"product_cat","embeddable":true,"href":"https:\/\/azurefilm.com\/hr\/wp-json\/wp\/v2\/product_cat?post=12566"},{"taxonomy":"product_tag","embeddable":true,"href":"https:\/\/azurefilm.com\/hr\/wp-json\/wp\/v2\/product_tag?post=12566"},{"taxonomy":"brand","embeddable":true,"href":"https:\/\/azurefilm.com\/hr\/wp-json\/wp\/v2\/brand?post=12566"}],"curies":[{"name":"wp","href":"https:\/\/api.w.org\/{rel}","templated":true}]}}