
{"id":12568,"date":"2023-10-29T14:31:41","date_gmt":"2023-10-29T14:31:41","guid":{"rendered":"https:\/\/azurefilm.com\/product\/stezaljka-s-plasticnom-ruckom\/"},"modified":"2026-01-04T12:21:31","modified_gmt":"2026-01-04T12:21:31","slug":"stezaljka-s-plasticnom-ruckom","status":"publish","type":"product","link":"https:\/\/azurefilm.com\/hr\/proizvod\/stezaljka-s-plasticnom-ruckom\/","title":{"rendered":"Stezaljka s plasti\u010dnom ru\u010dkom"},"content":{"rendered":"<h2><strong>Klju\u010dne zna\u010dajke:<\/strong><\/h2>\n<ul>\n<li>25mm<\/li>\n<li>Klju\u010dne stezaljke s dr\u017ea\u010dem.<\/li>\n<li>Stezaljka je opremljena ru\u010dkom. Jednostavna za kori\u0161tenje i ugradnju, otporna na koroziju.<\/li>\n<li>Dobra kvaliteta nehr\u0111aju\u0107eg \u010delika.<\/li>\n<li>Koristi se za crijeva za gorivo, vakuum, zrak ili pri\u010dvr\u0161\u0107ivanje crijeva oko cijevi.<\/li>\n<li>Unutra\u0161njost je glatka i ne grize crijevo.<\/li>\n<li>Prilagodljiva, otporna na uvijanje i izdr\u017eljiva.<\/li>\n<li>Materijal: nehr\u0111aju\u0107i \u010delik + plasti\u010dna ru\u010dka.<\/li>\n<\/ul>\n","protected":false},"excerpt":{"rendered":"<p><strong>Stezaljka s plasti\u010dnom ru\u010dkom<\/strong> koja se lako koristi i postavlja te je otporna na koroziju.<\/p>\n","protected":false},"featured_media":9077,"comment_status":"closed","ping_status":"closed","template":"","meta":{"_acf_changed":false},"product_brand":[],"product_cat":[481,512,482,483],"product_tag":[],"brand":[],"class_list":{"0":"post-12568","1":"product","2":"type-product","3":"status-publish","4":"has-post-thumbnail","6":"product_cat-akcija","7":"product_cat-drugi-proizvodi","8":"product_cat-rezervni-dijelovi","9":"product_cat-svi-rezervni-dijelovi","11":"first","12":"instock","13":"sale","14":"taxable","15":"shipping-taxable","16":"purchasable","17":"product-type-simple"},"acf":[],"_links":{"self":[{"href":"https:\/\/azurefilm.com\/hr\/wp-json\/wp\/v2\/product\/12568","targetHints":{"allow":["GET"]}}],"collection":[{"href":"https:\/\/azurefilm.com\/hr\/wp-json\/wp\/v2\/product"}],"about":[{"href":"https:\/\/azurefilm.com\/hr\/wp-json\/wp\/v2\/types\/product"}],"replies":[{"embeddable":true,"href":"https:\/\/azurefilm.com\/hr\/wp-json\/wp\/v2\/comments?post=12568"}],"wp:featuredmedia":[{"embeddable":true,"href":"https:\/\/azurefilm.com\/hr\/wp-json\/wp\/v2\/media\/9077"}],"wp:attachment":[{"href":"https:\/\/azurefilm.com\/hr\/wp-json\/wp\/v2\/media?parent=12568"}],"wp:term":[{"taxonomy":"product_brand","embeddable":true,"href":"https:\/\/azurefilm.com\/hr\/wp-json\/wp\/v2\/product_brand?post=12568"},{"taxonomy":"product_cat","embeddable":true,"href":"https:\/\/azurefilm.com\/hr\/wp-json\/wp\/v2\/product_cat?post=12568"},{"taxonomy":"product_tag","embeddable":true,"href":"https:\/\/azurefilm.com\/hr\/wp-json\/wp\/v2\/product_tag?post=12568"},{"taxonomy":"brand","embeddable":true,"href":"https:\/\/azurefilm.com\/hr\/wp-json\/wp\/v2\/brand?post=12568"}],"curies":[{"name":"wp","href":"https:\/\/api.w.org\/{rel}","templated":true}]}}