
{"id":12569,"date":"2023-10-29T14:31:41","date_gmt":"2023-10-29T14:31:41","guid":{"rendered":"https:\/\/azurefilm.com\/product\/creality-cr-200b-tiha-maticna-ploca\/"},"modified":"2024-04-22T09:18:13","modified_gmt":"2024-04-22T09:18:13","slug":"creality-cr-200b-tiha-maticna-ploca","status":"publish","type":"product","link":"https:\/\/azurefilm.com\/hr\/proizvod\/creality-cr-200b-tiha-maticna-ploca\/","title":{"rendered":"Creality CR-200B tiha mati\u010dna plo\u010da"},"content":{"rendered":"<h4><span style=\"vertical-align: inherit;\">Silent Creality CR-200B mati\u010dna plo\u010da<\/span><\/h4>\n<h3><strong><span style=\"vertical-align: inherit;\">Glavne zna\u010dajke:<\/span><\/strong><\/h3>\n<ul>\n<li><strong><span style=\"vertical-align: inherit;\">Tihi rad:<\/span><\/strong><span style=\"vertical-align: inherit;\"> zna\u010dajno smanjuje buku ispisa za ti\u0161e okru\u017eenje.<\/span><\/li>\n<li><strong><span style=\"vertical-align: inherit;\">Napredna tehnologija kora\u010dnog motora:<\/span><\/strong><span style=\"vertical-align: inherit;\"> koristi tehnologije kao \u0161to su StealthChop ili SpreadCycle za glatku i manje bu\u010dnu kontrolu motora.<\/span><\/li>\n<li><strong><span style=\"vertical-align: inherit;\">Pobolj\u0161ana preciznost:<\/span><\/strong><span style=\"vertical-align: inherit;\"> pru\u017ea precizniju kontrolu pokreta motora, \u0161to pobolj\u0161ava kvalitetu ispisa.<\/span><\/li>\n<li><strong><span style=\"vertical-align: inherit;\">Smanjenje vibracija:<\/span><\/strong><span style=\"vertical-align: inherit;\"> smanjuje vibracije tijekom ispisa i pobolj\u0161ava ukupnu stabilnost.<\/span><\/li>\n<li><strong><span style=\"vertical-align: inherit;\">Za\u0161tita od toplinskog odlaska:<\/span><\/strong><span style=\"vertical-align: inherit;\"> uklju\u010duje sigurnosne zna\u010dajke za sprje\u010davanje pregrijavanja komponenti.<\/span><\/li>\n<li><strong><span style=\"vertical-align: inherit;\">U\u010dinkovito upravljanje energijom:<\/span><\/strong><span style=\"vertical-align: inherit;\"><span style=\"vertical-align: inherit;\"> optimizira potro\u0161nju energije za energetsku u\u010dinkovitost i u\u0161tedu tro\u0161kova.<\/span><\/span><\/li>\n<\/ul>\n<p><iframe loading=\"lazy\" title=\"Service tutorial CR 200B replace switch\uff0csocket extrusion kit\uff0cmainboard\uff0cpower source\" width=\"1020\" height=\"574\" src=\"https:\/\/www.youtube.com\/embed\/t9EFMdf969E?feature=oembed&#038;enablejsapi=1&#038;origin=https:\/\/azurefilm.com\" frameborder=\"0\" allow=\"accelerometer; autoplay; clipboard-write; encrypted-media; gyroscope; picture-in-picture; web-share\" allowfullscreen><\/iframe><\/p>\n","protected":false},"excerpt":{"rendered":"<p><strong>Tiha mati\u010dna plo\u010da Creality CR-200B<\/strong> za Creality CR-200B.<\/p>\n","protected":false},"featured_media":9082,"comment_status":"closed","ping_status":"closed","template":"","meta":{"_acf_changed":false},"product_brand":[],"product_cat":[481,505,482,483],"product_tag":[],"brand":[],"class_list":{"0":"post-12569","1":"product","2":"type-product","3":"status-publish","4":"has-post-thumbnail","6":"product_cat-akcija","7":"product_cat-maticne-ploce","8":"product_cat-rezervni-dijelovi","9":"product_cat-svi-rezervni-dijelovi","11":"first","12":"instock","13":"sale","14":"taxable","15":"shipping-taxable","16":"purchasable","17":"product-type-simple"},"acf":[],"_links":{"self":[{"href":"https:\/\/azurefilm.com\/hr\/wp-json\/wp\/v2\/product\/12569","targetHints":{"allow":["GET"]}}],"collection":[{"href":"https:\/\/azurefilm.com\/hr\/wp-json\/wp\/v2\/product"}],"about":[{"href":"https:\/\/azurefilm.com\/hr\/wp-json\/wp\/v2\/types\/product"}],"replies":[{"embeddable":true,"href":"https:\/\/azurefilm.com\/hr\/wp-json\/wp\/v2\/comments?post=12569"}],"wp:featuredmedia":[{"embeddable":true,"href":"https:\/\/azurefilm.com\/hr\/wp-json\/wp\/v2\/media\/9082"}],"wp:attachment":[{"href":"https:\/\/azurefilm.com\/hr\/wp-json\/wp\/v2\/media?parent=12569"}],"wp:term":[{"taxonomy":"product_brand","embeddable":true,"href":"https:\/\/azurefilm.com\/hr\/wp-json\/wp\/v2\/product_brand?post=12569"},{"taxonomy":"product_cat","embeddable":true,"href":"https:\/\/azurefilm.com\/hr\/wp-json\/wp\/v2\/product_cat?post=12569"},{"taxonomy":"product_tag","embeddable":true,"href":"https:\/\/azurefilm.com\/hr\/wp-json\/wp\/v2\/product_tag?post=12569"},{"taxonomy":"brand","embeddable":true,"href":"https:\/\/azurefilm.com\/hr\/wp-json\/wp\/v2\/brand?post=12569"}],"curies":[{"name":"wp","href":"https:\/\/api.w.org\/{rel}","templated":true}]}}