
{"id":12588,"date":"2023-10-29T14:32:13","date_gmt":"2023-10-29T14:32:13","guid":{"rendered":"https:\/\/azurefilm.com\/product\/creality-produzeni-nosac\/"},"modified":"2023-10-29T15:42:49","modified_gmt":"2023-10-29T15:42:49","slug":"creality-produzeni-nosac","status":"publish","type":"product","link":"https:\/\/azurefilm.com\/hr\/proizvod\/creality-produzeni-nosac\/","title":{"rendered":"Creality produ\u017eeni nosa\u010d"},"content":{"rendered":"<h2><strong>Klju\u010dne zna\u010dajke:<\/strong><\/h2>\n<ul>\n<li>Creality 3D CR-30 Print Mill Extended Splice Bracket Roller Set Originalni zamjenski OEM dijelovi Dodaci u kompletu<\/li>\n<li>Produ\u017eeni nosa\u010d izra\u0111en od prvoklasne sirovine od nehr\u0111aju\u0107eg \u010delika 304 s glatkom ravnom povr\u0161inom i stabilnim performansama otpornim na hr\u0111u &amp; Nosite<\/li>\n<li>Otporna struktura koja se lako postavlja, izdr\u017eljiva<\/li>\n<li>Kompatibilno s:\u00a0Creality 3D CR-30 Print Mill<\/li>\n<li>Materijal: nehr\u0111aju\u0107i \u010delik SUS 304<\/li>\n<li>Boja: srebrna<\/li>\n<li>Broj valjaka: 6 valjaka<\/li>\n<li>Veli\u010dina: 25&#215;320 mm<\/li>\n<li>Duljina produ\u017eenog nosa\u010da: 650mm<\/li>\n<li>Te\u017eina produ\u017eenog nosa\u010da: 2540 grama<\/li>\n<li>Veli\u010dina pakiranja: 730x270x85mm<\/li>\n<li>Te\u017eina paketa: 2880 grama<\/li>\n<\/ul>\n<h2><strong>Paket uklju\u010duje:<\/strong><\/h2>\n<ul>\n<li>01 x lijevi produ\u017eeni nosa\u010d valjka<\/li>\n<li>01 x desni produ\u017eeni nosa\u010d valjka<\/li>\n<li>Valjak od nehr\u0111aju\u0107eg \u010delika 06x25x320mm<\/li>\n<li>04 x M5x30 \u0161esterokutnih vijaka<\/li>\n<li>04 x M5x14 \u0161esterokutnih vijaka<\/li>\n<li>16 x M5x12 \u0161esterokutnih vijaka<\/li>\n<li>04 x plo\u010da nosa\u010da<\/li>\n<\/ul>\n","protected":false},"excerpt":{"rendered":"<p><strong>Creality produ\u017eeni nosa\u010d<\/strong> izra\u0111en od nehr\u0111aju\u0107eg \u010delika vrhunske kvalitete s glatkom ravnom povr\u0161inom i stabilnim performansama.<\/p>\n","protected":false},"featured_media":9281,"comment_status":"closed","ping_status":"closed","template":"","meta":{"_acf_changed":false},"product_brand":[],"product_cat":[481,482,483],"product_tag":[],"brand":[],"class_list":{"0":"post-12588","1":"product","2":"type-product","3":"status-publish","4":"has-post-thumbnail","6":"product_cat-akcija","7":"product_cat-rezervni-dijelovi","8":"product_cat-svi-rezervni-dijelovi","9":"pa_compatible-with-creality-fdm-3d-printers","10":"pa_fits-printer-creality-cr-30-printmill","12":"first","13":"instock","14":"sale","15":"taxable","16":"shipping-taxable","17":"purchasable","18":"product-type-simple"},"acf":[],"_links":{"self":[{"href":"https:\/\/azurefilm.com\/hr\/wp-json\/wp\/v2\/product\/12588","targetHints":{"allow":["GET"]}}],"collection":[{"href":"https:\/\/azurefilm.com\/hr\/wp-json\/wp\/v2\/product"}],"about":[{"href":"https:\/\/azurefilm.com\/hr\/wp-json\/wp\/v2\/types\/product"}],"replies":[{"embeddable":true,"href":"https:\/\/azurefilm.com\/hr\/wp-json\/wp\/v2\/comments?post=12588"}],"wp:featuredmedia":[{"embeddable":true,"href":"https:\/\/azurefilm.com\/hr\/wp-json\/wp\/v2\/media\/9281"}],"wp:attachment":[{"href":"https:\/\/azurefilm.com\/hr\/wp-json\/wp\/v2\/media?parent=12588"}],"wp:term":[{"taxonomy":"product_brand","embeddable":true,"href":"https:\/\/azurefilm.com\/hr\/wp-json\/wp\/v2\/product_brand?post=12588"},{"taxonomy":"product_cat","embeddable":true,"href":"https:\/\/azurefilm.com\/hr\/wp-json\/wp\/v2\/product_cat?post=12588"},{"taxonomy":"product_tag","embeddable":true,"href":"https:\/\/azurefilm.com\/hr\/wp-json\/wp\/v2\/product_tag?post=12588"},{"taxonomy":"brand","embeddable":true,"href":"https:\/\/azurefilm.com\/hr\/wp-json\/wp\/v2\/brand?post=12588"}],"curies":[{"name":"wp","href":"https:\/\/api.w.org\/{rel}","templated":true}]}}