
{"id":12602,"date":"2023-10-29T14:32:52","date_gmt":"2023-10-29T14:32:52","guid":{"rendered":"https:\/\/azurefilm.com\/product\/creality-hladnjak\/"},"modified":"2025-12-23T02:54:51","modified_gmt":"2025-12-23T02:54:51","slug":"creality-hladnjak","status":"publish","type":"product","link":"https:\/\/azurefilm.com\/hr\/proizvod\/creality-hladnjak\/","title":{"rendered":"Creality hladnjak"},"content":{"rendered":"<h2><strong>Klju\u010dne zna\u010dajke:<\/strong><\/h2>\n<ul>\n<li>Ovaj originalni hladnjak Creality kompatibilan je s 3D pisa\u010dem serije CR-10 i Ender-3.<\/li>\n<li>\u010cvrsti aluminijski materijal za dugotrajnu upotrebu.<\/li>\n<li>Mala te\u017eina s visokim u\u010dinkom rasipanja topline.<\/li>\n<li>Bo\u010dni otvor za vijak, male veli\u010dine i jednostavan za DIY, savr\u0161en za va\u0161 3D pisa\u010d.<\/li>\n<\/ul>\n<h2><strong>Specifikacije:<\/strong><\/h2>\n<ul>\n<li>Kompatibilnost: Ender-3 \/\u00a0 serija CR-10<\/li>\n<li>Veli\u010dina artikla: 27x20x12mm<\/li>\n<li>Te\u017eina artikla: 7.8 g<\/li>\n<\/ul>\n<h2><strong>Prikladno za:<\/strong><\/h2>\n<ul>\n<li>CR10S<br \/>\nCR10 S5<br \/>\nEnder 3<br \/>\nEnder 3 Pro<br \/>\nEnder 3 V2<br \/>\nEnder 5<br \/>\nEnder 5 Pro<br \/>\nEnder 5 Plus<br \/>\nEnder 6<\/li>\n<\/ul>\n","protected":false},"excerpt":{"rendered":"<p>Ovaj originalni <strong>Creality hladnjak<\/strong> kompatibilan je s\u00a0 3D pisa\u010dima serije CR-10 i Ender 3.<\/p>\n","protected":false},"featured_media":9415,"comment_status":"closed","ping_status":"closed","template":"","meta":{"_acf_changed":false},"product_brand":[],"product_cat":[481,497,495,482,483],"product_tag":[],"brand":[],"class_list":{"0":"post-12602","1":"product","2":"type-product","3":"status-publish","4":"has-post-thumbnail","6":"product_cat-akcija","7":"product_cat-djelovi-ekstrudera","8":"product_cat-ekstruderi","9":"product_cat-rezervni-dijelovi","10":"product_cat-svi-rezervni-dijelovi","11":"pa_compatible-with-creality-fdm-3d-printers","12":"pa_fits-printer-creality-cr-10","13":"pa_fits-printer-creality-ender-3","15":"first","16":"instock","17":"sale","18":"taxable","19":"shipping-taxable","20":"purchasable","21":"product-type-simple"},"acf":[],"_links":{"self":[{"href":"https:\/\/azurefilm.com\/hr\/wp-json\/wp\/v2\/product\/12602","targetHints":{"allow":["GET"]}}],"collection":[{"href":"https:\/\/azurefilm.com\/hr\/wp-json\/wp\/v2\/product"}],"about":[{"href":"https:\/\/azurefilm.com\/hr\/wp-json\/wp\/v2\/types\/product"}],"replies":[{"embeddable":true,"href":"https:\/\/azurefilm.com\/hr\/wp-json\/wp\/v2\/comments?post=12602"}],"wp:featuredmedia":[{"embeddable":true,"href":"https:\/\/azurefilm.com\/hr\/wp-json\/wp\/v2\/media\/9415"}],"wp:attachment":[{"href":"https:\/\/azurefilm.com\/hr\/wp-json\/wp\/v2\/media?parent=12602"}],"wp:term":[{"taxonomy":"product_brand","embeddable":true,"href":"https:\/\/azurefilm.com\/hr\/wp-json\/wp\/v2\/product_brand?post=12602"},{"taxonomy":"product_cat","embeddable":true,"href":"https:\/\/azurefilm.com\/hr\/wp-json\/wp\/v2\/product_cat?post=12602"},{"taxonomy":"product_tag","embeddable":true,"href":"https:\/\/azurefilm.com\/hr\/wp-json\/wp\/v2\/product_tag?post=12602"},{"taxonomy":"brand","embeddable":true,"href":"https:\/\/azurefilm.com\/hr\/wp-json\/wp\/v2\/brand?post=12602"}],"curies":[{"name":"wp","href":"https:\/\/api.w.org\/{rel}","templated":true}]}}