
{"id":12607,"date":"2023-10-29T14:32:52","date_gmt":"2023-10-29T14:32:52","guid":{"rendered":"https:\/\/azurefilm.com\/product\/fleksibilna-spojnica\/"},"modified":"2023-11-28T13:51:05","modified_gmt":"2023-11-28T13:51:05","slug":"fleksibilna-spojnica","status":"publish","type":"product","link":"https:\/\/azurefilm.com\/hr\/proizvod\/fleksibilna-spojnica\/","title":{"rendered":"Fleksibilna spojnica"},"content":{"rendered":"<h2><strong>Klju\u010dne zna\u010dajke:<\/strong><\/h2>\n<ul>\n<li>Veli\u010dina: L25 mm x D20 mm<\/li>\n<li>Promjer: 5mm do 8mm<\/li>\n<li>Materijal: legura aluminija, poliuretan<\/li>\n<li>Vrsta: u obliku \u0161ljive<\/li>\n<li>Super moment mo\u017ee apsorbirati vibracije, prikladan za prijenos velikog momenta.<\/li>\n<li>Velika tvrdo\u0107a, izdr\u017eljivost i odli\u010dan odziv, nije ga lako olabaviti.<\/li>\n<li>Fleksibilnost spojne osovine uklanja stres izme\u0111u motora i pogonskih komponenti.<\/li>\n<li>Spojnice osovine se uglavnom koriste za 3D pisa\u010de, CNC strojeve, servo motore, vreteno, kora\u010dni motor itd.<\/li>\n<\/ul>\n","protected":false},"excerpt":{"rendered":"<p><strong>Fleksibilna spojnica<\/strong> dimenzija 25x20mm.<\/p>\n","protected":false},"featured_media":9472,"comment_status":"closed","ping_status":"closed","template":"","meta":{"_acf_changed":false},"product_brand":[],"product_cat":[481,485,482,483],"product_tag":[],"brand":[],"class_list":{"0":"post-12607","1":"product","2":"type-product","3":"status-publish","4":"has-post-thumbnail","6":"product_cat-akcija","7":"product_cat-lezajevi-i-vodilice","8":"product_cat-rezervni-dijelovi","9":"product_cat-svi-rezervni-dijelovi","11":"first","12":"instock","13":"sale","14":"taxable","15":"shipping-taxable","16":"purchasable","17":"product-type-variable"},"acf":[],"_links":{"self":[{"href":"https:\/\/azurefilm.com\/hr\/wp-json\/wp\/v2\/product\/12607","targetHints":{"allow":["GET"]}}],"collection":[{"href":"https:\/\/azurefilm.com\/hr\/wp-json\/wp\/v2\/product"}],"about":[{"href":"https:\/\/azurefilm.com\/hr\/wp-json\/wp\/v2\/types\/product"}],"replies":[{"embeddable":true,"href":"https:\/\/azurefilm.com\/hr\/wp-json\/wp\/v2\/comments?post=12607"}],"wp:featuredmedia":[{"embeddable":true,"href":"https:\/\/azurefilm.com\/hr\/wp-json\/wp\/v2\/media\/9472"}],"wp:attachment":[{"href":"https:\/\/azurefilm.com\/hr\/wp-json\/wp\/v2\/media?parent=12607"}],"wp:term":[{"taxonomy":"product_brand","embeddable":true,"href":"https:\/\/azurefilm.com\/hr\/wp-json\/wp\/v2\/product_brand?post=12607"},{"taxonomy":"product_cat","embeddable":true,"href":"https:\/\/azurefilm.com\/hr\/wp-json\/wp\/v2\/product_cat?post=12607"},{"taxonomy":"product_tag","embeddable":true,"href":"https:\/\/azurefilm.com\/hr\/wp-json\/wp\/v2\/product_tag?post=12607"},{"taxonomy":"brand","embeddable":true,"href":"https:\/\/azurefilm.com\/hr\/wp-json\/wp\/v2\/brand?post=12607"}],"curies":[{"name":"wp","href":"https:\/\/api.w.org\/{rel}","templated":true}]}}