
{"id":12608,"date":"2023-10-29T14:32:52","date_gmt":"2023-10-29T14:32:52","guid":{"rendered":"https:\/\/azurefilm.com\/product\/elektronika-za-visinu-vode\/"},"modified":"2024-11-27T14:11:25","modified_gmt":"2024-11-27T14:11:25","slug":"elektronika-za-visinu-vode","status":"publish","type":"product","link":"https:\/\/azurefilm.com\/hr\/proizvod\/elektronika-za-visinu-vode\/","title":{"rendered":"Elektronika za visinu vode"},"content":{"rendered":"<h2><strong>Klju\u010dne zna\u010dajke:<\/strong><\/h2>\n<ul>\n<li>Kada je razina vode vi\u0161a od gornje crte, prestat \u0107e automatski dodavati vodu, nema potrebe za ru\u010dnim upravljanjem, potpuno automatski.<\/li>\n<li>Jednostavna instalacija i jednostavno rukovanje.<\/li>\n<li>\u0160iroko se koristi u projektima o\u010duvanja vode (voda, kanta za vodu, spremnik za vodu, ribnjak, itd&#8230;)<\/li>\n<\/ul>\n<h2><strong>Specifikacije:<\/strong><\/h2>\n<ul>\n<li>Model: XH-M203<\/li>\n<li>Radni napon: AC\/DC12V<\/li>\n<li>Izlazni kapacitet: 10 A<\/li>\n<li>Vrsta izlaza: relejni izlaz<\/li>\n<li>Vrsta kontrole: potpuno automatska<\/li>\n<li>Veli\u010dina: 6&#215;3.8cm<\/li>\n<li>Ugradnja: otvor za vijak M3<\/li>\n<\/ul>\n<p>&nbsp;<\/p>\n","protected":false},"excerpt":{"rendered":"<p><strong>Elektronika za visinu vode<\/strong> \u0161iroko se koristi u projektima o\u010duvanja vode, kante za vodu, spremnika za vodu, ribnjaka itd.<\/p>\n","protected":false},"featured_media":9485,"comment_status":"closed","ping_status":"closed","template":"","meta":{"_acf_changed":false},"product_brand":[],"product_cat":[481,505,482,483],"product_tag":[],"brand":[],"class_list":{"0":"post-12608","1":"product","2":"type-product","3":"status-publish","4":"has-post-thumbnail","6":"product_cat-akcija","7":"product_cat-maticne-ploce","8":"product_cat-rezervni-dijelovi","9":"product_cat-svi-rezervni-dijelovi","11":"first","12":"instock","13":"sale","14":"taxable","15":"shipping-taxable","16":"purchasable","17":"product-type-simple"},"acf":[],"_links":{"self":[{"href":"https:\/\/azurefilm.com\/hr\/wp-json\/wp\/v2\/product\/12608","targetHints":{"allow":["GET"]}}],"collection":[{"href":"https:\/\/azurefilm.com\/hr\/wp-json\/wp\/v2\/product"}],"about":[{"href":"https:\/\/azurefilm.com\/hr\/wp-json\/wp\/v2\/types\/product"}],"replies":[{"embeddable":true,"href":"https:\/\/azurefilm.com\/hr\/wp-json\/wp\/v2\/comments?post=12608"}],"wp:featuredmedia":[{"embeddable":true,"href":"https:\/\/azurefilm.com\/hr\/wp-json\/wp\/v2\/media\/9485"}],"wp:attachment":[{"href":"https:\/\/azurefilm.com\/hr\/wp-json\/wp\/v2\/media?parent=12608"}],"wp:term":[{"taxonomy":"product_brand","embeddable":true,"href":"https:\/\/azurefilm.com\/hr\/wp-json\/wp\/v2\/product_brand?post=12608"},{"taxonomy":"product_cat","embeddable":true,"href":"https:\/\/azurefilm.com\/hr\/wp-json\/wp\/v2\/product_cat?post=12608"},{"taxonomy":"product_tag","embeddable":true,"href":"https:\/\/azurefilm.com\/hr\/wp-json\/wp\/v2\/product_tag?post=12608"},{"taxonomy":"brand","embeddable":true,"href":"https:\/\/azurefilm.com\/hr\/wp-json\/wp\/v2\/brand?post=12608"}],"curies":[{"name":"wp","href":"https:\/\/api.w.org\/{rel}","templated":true}]}}