
{"id":12613,"date":"2023-10-29T14:32:52","date_gmt":"2023-10-29T14:32:52","guid":{"rendered":"https:\/\/azurefilm.com\/product\/napajanje-za-creality\/"},"modified":"2025-10-25T11:18:14","modified_gmt":"2025-10-25T11:18:14","slug":"napajanje-za-creality","status":"publish","type":"product","link":"https:\/\/azurefilm.com\/hr\/proizvod\/napajanje-za-creality\/","title":{"rendered":"Napajanje za Creality"},"content":{"rendered":"<h2><strong>Klju\u010dne zna\u010dajke:<\/strong><\/h2>\n<ul>\n<li>Sigurno za rad, s osigura\u010dem za za\u0161titu, za\u0161titom od preoptere\u0107enja i za\u0161titom od prenapona.<\/li>\n<li>Odabrani ulazni napon, stabilan izlazni napon.<\/li>\n<li>Idealan energetski transformator za 3D pisa\u010d.<\/li>\n<li><strong>Prikladno za: Ender 3 V3 SE, <\/strong>Ender-3 V2, Ender 5 S1, CR-6 SE, Ender-3 S1, Ender-3 Pro, CR-5 PRO H<\/li>\n<\/ul>\n","protected":false},"excerpt":{"rendered":"<p><strong>Napajanje za Creality <\/strong>prikladno za Ender 3 V3 SE, Ender-3 V2, Ender 5 S1, CR-6 SE, Ender-3 S1, Ender-3 Pro, CR-5 PRO H.<\/p>\n","protected":false},"featured_media":47425,"comment_status":"closed","ping_status":"closed","template":"","meta":{"_acf_changed":false},"product_brand":[],"product_cat":[481,482,483],"product_tag":[],"brand":[],"class_list":{"0":"post-12613","1":"product","2":"type-product","3":"status-publish","4":"has-post-thumbnail","6":"product_cat-akcija","7":"product_cat-rezervni-dijelovi","8":"product_cat-svi-rezervni-dijelovi","9":"pa_compatible-with-creality-fdm-3d-printers","10":"pa_fits-printer-creality-ender-3-v3-se","12":"first","13":"outofstock","14":"sale","15":"taxable","16":"shipping-taxable","17":"purchasable","18":"product-type-simple"},"acf":[],"_links":{"self":[{"href":"https:\/\/azurefilm.com\/hr\/wp-json\/wp\/v2\/product\/12613","targetHints":{"allow":["GET"]}}],"collection":[{"href":"https:\/\/azurefilm.com\/hr\/wp-json\/wp\/v2\/product"}],"about":[{"href":"https:\/\/azurefilm.com\/hr\/wp-json\/wp\/v2\/types\/product"}],"replies":[{"embeddable":true,"href":"https:\/\/azurefilm.com\/hr\/wp-json\/wp\/v2\/comments?post=12613"}],"wp:featuredmedia":[{"embeddable":true,"href":"https:\/\/azurefilm.com\/hr\/wp-json\/wp\/v2\/media\/47425"}],"wp:attachment":[{"href":"https:\/\/azurefilm.com\/hr\/wp-json\/wp\/v2\/media?parent=12613"}],"wp:term":[{"taxonomy":"product_brand","embeddable":true,"href":"https:\/\/azurefilm.com\/hr\/wp-json\/wp\/v2\/product_brand?post=12613"},{"taxonomy":"product_cat","embeddable":true,"href":"https:\/\/azurefilm.com\/hr\/wp-json\/wp\/v2\/product_cat?post=12613"},{"taxonomy":"product_tag","embeddable":true,"href":"https:\/\/azurefilm.com\/hr\/wp-json\/wp\/v2\/product_tag?post=12613"},{"taxonomy":"brand","embeddable":true,"href":"https:\/\/azurefilm.com\/hr\/wp-json\/wp\/v2\/brand?post=12613"}],"curies":[{"name":"wp","href":"https:\/\/api.w.org\/{rel}","templated":true}]}}