
{"id":12614,"date":"2023-10-29T14:32:52","date_gmt":"2023-10-29T14:32:52","guid":{"rendered":"https:\/\/azurefilm.com\/product\/kamera-za-creality-pisace\/"},"modified":"2023-10-29T15:43:20","modified_gmt":"2023-10-29T15:43:20","slug":"kamera-za-creality-pisace","status":"publish","type":"product","link":"https:\/\/azurefilm.com\/hr\/proizvod\/kamera-za-creality-pisace\/","title":{"rendered":"Kamera za Creality pisa\u010de"},"content":{"rendered":"<h2><span style=\"text-decoration: underline;\"><strong>Klju\u010dne zna\u010dajke:<\/strong><\/span><\/h2>\n<p>CRCC-S7 HD 1080P web kamera<\/p>\n<h3><strong>Prikaz u stvarnom vremenu osloba\u0111a va\u0161 model<\/strong><\/h3>\n<p>Web kamera HD1080P mo\u017ee se koristiti za daljinsko upravljanje pisa\u010dem s Creality Boxom za pra\u0107enje 3D pisa\u010da na mre\u017ei na <strong>Creality Cloud APP<\/strong>.<br \/>\nCreality Box radi samo s HD 1080P web kamerom. Nije kompatibilan s drugim kamerama na tr\u017ei\u0161tu.<\/p>\n<h3><strong>Jednostavno i izvrsno<\/strong><\/h3>\n<p>Glatke linije, dizajn d\u017eepne veli\u010dine, mali i izuzetni gumb podesiv za 180\u00b0, podesite najbolji kut u svom radu pomo\u0107u stativa, slika je stabilnija. Web kamera CRCC-S7 HD 1080P najnovija je kamera tvrtke Creality za nadzor i upravljanje 3D printanjem na daljinu putem Creality Clouda. Uz pomo\u0107 kamere i <strong>WiFi Boxa<\/strong>, mo\u0107i \u0107ete koristiti svoj 3D pisa\u010d prakti\u010dki sa svog kau\u010da!<\/p>\n<h2><span style=\"text-decoration: underline;\"><strong>Prikladno za:<\/strong><\/span><\/h2>\n<p>CR-10 V3, CR-10S Pro V2, CR-6 SE, CR-10 V2, CR-10S, CR-10 Max, CR-10, CR-10mini, CP-01, CR20 Pro, CR-10 S5, CR-10S Pro, CR-X Pro, CR-30, CR-10 S4, CR20, CR-XB, CP-01, CR-6 Max, CR-X, CR-XB, CR-8S, CR-6 Pro , CR-10 S5 Pro, CR-Z2, CR-Z1, CR-H, CR20 ProB, CR-30L, CR-10 Smart Pro<\/p>\n<p>Ender-3 V2, Ender-3 Pro-B, Ender-3-B, Ender-5 Pro, Ender-3 Max, Ender-5 Plus, Ender-6, Ender-5, Ender-3 Pro<\/p>\n<h2><span style=\"text-decoration: underline;\"><strong>Specifikacije:<\/strong><\/span><\/h2>\n<ul>\n<li>Veli\u010dina proizvoda: 69.23&#215;30.7&#215;24.5mm<\/li>\n<li>Ulazni napon: 5V<\/li>\n<li>Video format: H.265\/MJPG\/YUY2<\/li>\n<li>Fokus: 40cm<\/li>\n<li>Procesor: FH8852<\/li>\n<li>Minimalno osvjetljenje: &lt;10LUX<\/li>\n<li>Kut gledanja: D=70,6\u00b0\/ H=63,6\u00b0\/ V=38\u00b0<\/li>\n<li>Standard podr\u0161ke: UVC\/V4L2<\/li>\n<\/ul>\n","protected":false},"excerpt":{"rendered":"<p><strong>Kamera za Creality pisa\u010de\u00a0<\/strong>s glatkim linijama, dizajn d\u017eepne veli\u010dine, malena i izuzetna, podesiva pod najboljim kutom.<\/p>\n","protected":false},"featured_media":9547,"comment_status":"closed","ping_status":"closed","template":"","meta":{"_acf_changed":false},"product_brand":[],"product_cat":[481,482,483],"product_tag":[],"brand":[],"class_list":{"0":"post-12614","1":"product","2":"type-product","3":"status-publish","4":"has-post-thumbnail","6":"product_cat-akcija","7":"product_cat-rezervni-dijelovi","8":"product_cat-svi-rezervni-dijelovi","10":"first","11":"outofstock","12":"sale","13":"taxable","14":"shipping-taxable","15":"purchasable","16":"product-type-simple"},"acf":[],"_links":{"self":[{"href":"https:\/\/azurefilm.com\/hr\/wp-json\/wp\/v2\/product\/12614","targetHints":{"allow":["GET"]}}],"collection":[{"href":"https:\/\/azurefilm.com\/hr\/wp-json\/wp\/v2\/product"}],"about":[{"href":"https:\/\/azurefilm.com\/hr\/wp-json\/wp\/v2\/types\/product"}],"replies":[{"embeddable":true,"href":"https:\/\/azurefilm.com\/hr\/wp-json\/wp\/v2\/comments?post=12614"}],"wp:featuredmedia":[{"embeddable":true,"href":"https:\/\/azurefilm.com\/hr\/wp-json\/wp\/v2\/media\/9547"}],"wp:attachment":[{"href":"https:\/\/azurefilm.com\/hr\/wp-json\/wp\/v2\/media?parent=12614"}],"wp:term":[{"taxonomy":"product_brand","embeddable":true,"href":"https:\/\/azurefilm.com\/hr\/wp-json\/wp\/v2\/product_brand?post=12614"},{"taxonomy":"product_cat","embeddable":true,"href":"https:\/\/azurefilm.com\/hr\/wp-json\/wp\/v2\/product_cat?post=12614"},{"taxonomy":"product_tag","embeddable":true,"href":"https:\/\/azurefilm.com\/hr\/wp-json\/wp\/v2\/product_tag?post=12614"},{"taxonomy":"brand","embeddable":true,"href":"https:\/\/azurefilm.com\/hr\/wp-json\/wp\/v2\/brand?post=12614"}],"curies":[{"name":"wp","href":"https:\/\/api.w.org\/{rel}","templated":true}]}}