
{"id":12631,"date":"2023-10-29T14:33:26","date_gmt":"2023-10-29T14:33:26","guid":{"rendered":"https:\/\/azurefilm.com\/product\/spojinica-5x8x26-creality-cr-10\/"},"modified":"2026-01-27T22:59:21","modified_gmt":"2026-01-27T22:59:21","slug":"spojinica-5x8x26-creality-cr-10","status":"publish","type":"product","link":"https:\/\/azurefilm.com\/hr\/proizvod\/spojinica-5x8x26-creality-cr-10\/","title":{"rendered":"Spojinica 5x8x26 Creality CR-10"},"content":{"rendered":"<p><strong>Spojnica 5x8x26 za Creality CR-100<\/strong><br \/>\n  Aluminijska fleksibilna spojnica za pogon Z os.<\/p>\n<ul>\n<li>Savr\u0161ena za 3D pisa\u010d serije Ender 3, Creality CR-10S i druge NEMA 17 kora\u010dne motore (za promjer osovine od 5mm do 8mm)<\/li>\n<li>Korisna u RepRap 3D pisa\u010dima i malim CNC strojevima.<\/li>\n<li>Izdr\u017eljiva je i prakti\u010dna za kori\u0161tenje.<\/li>\n<\/ul>\n","protected":false},"excerpt":{"rendered":"<p>Aluminijska fleksibilna spojnica za pogon Z osi.<\/p>\n","protected":false},"featured_media":9740,"comment_status":"closed","ping_status":"closed","template":"","meta":{"_acf_changed":false},"product_brand":[],"product_cat":[482,481,485,483],"product_tag":[],"brand":[],"class_list":{"0":"post-12631","1":"product","2":"type-product","3":"status-publish","4":"has-post-thumbnail","6":"product_cat-rezervni-dijelovi","7":"product_cat-akcija","8":"product_cat-lezajevi-i-vodilice","9":"product_cat-svi-rezervni-dijelovi","11":"first","12":"instock","13":"sale","14":"taxable","15":"shipping-taxable","16":"purchasable","17":"product-type-simple"},"acf":[],"_links":{"self":[{"href":"https:\/\/azurefilm.com\/hr\/wp-json\/wp\/v2\/product\/12631","targetHints":{"allow":["GET"]}}],"collection":[{"href":"https:\/\/azurefilm.com\/hr\/wp-json\/wp\/v2\/product"}],"about":[{"href":"https:\/\/azurefilm.com\/hr\/wp-json\/wp\/v2\/types\/product"}],"replies":[{"embeddable":true,"href":"https:\/\/azurefilm.com\/hr\/wp-json\/wp\/v2\/comments?post=12631"}],"wp:featuredmedia":[{"embeddable":true,"href":"https:\/\/azurefilm.com\/hr\/wp-json\/wp\/v2\/media\/9740"}],"wp:attachment":[{"href":"https:\/\/azurefilm.com\/hr\/wp-json\/wp\/v2\/media?parent=12631"}],"wp:term":[{"taxonomy":"product_brand","embeddable":true,"href":"https:\/\/azurefilm.com\/hr\/wp-json\/wp\/v2\/product_brand?post=12631"},{"taxonomy":"product_cat","embeddable":true,"href":"https:\/\/azurefilm.com\/hr\/wp-json\/wp\/v2\/product_cat?post=12631"},{"taxonomy":"product_tag","embeddable":true,"href":"https:\/\/azurefilm.com\/hr\/wp-json\/wp\/v2\/product_tag?post=12631"},{"taxonomy":"brand","embeddable":true,"href":"https:\/\/azurefilm.com\/hr\/wp-json\/wp\/v2\/brand?post=12631"}],"curies":[{"name":"wp","href":"https:\/\/api.w.org\/{rel}","templated":true}]}}