
{"id":12632,"date":"2023-10-29T14:33:26","date_gmt":"2023-10-29T14:33:26","guid":{"rendered":"https:\/\/azurefilm.com\/product\/ptfe-rezac-cijevi-mini\/"},"modified":"2026-03-20T09:49:21","modified_gmt":"2026-03-20T09:49:21","slug":"ptfe-rezac-cijevi-mini","status":"publish","type":"product","link":"https:\/\/azurefilm.com\/hr\/proizvod\/ptfe-rezac-cijevi-mini\/","title":{"rendered":"PTFE reza\u010d cijevi Mini"},"content":{"rendered":"<p>&#8220;<\/p>\n<p><strong>Mini reza\u010d PTFE cijevi<\/strong><\/p>\n<p>Prilikom rezanja PTFE cijevi provjerite jeste li je rezali na pravi na\u010din.&nbsp;Bowdenova cijev s&nbsp;lo\u0161im rezom mo\u017ee biti razlog&nbsp;zaglavljenja na vru\u0107oj strani. PTFE Tube Cutter Mini&nbsp;omogu\u0107uje vam brzo i u\u010dinkovito poravnavanje i rezanje bilo koje PTFE cijevi, postizanje \u010distog i savr\u0161eno pravokutnog reza.<br \/>\n  Da biste to u\u010dinili, morate samo otvoriti stezaljku, umetnuti i poravnati cijev, stisnuti je i pustiti&nbsp;njegovu o\u0161tru o\u0161tricu od nehr\u0111aju\u0107eg \u010delika da napravi rez.&nbsp;<\/p>\n<p><img decoding=\"async\" src=\"https:\/\/azurefilm.com\/wp-content\/uploads\/2023\/10\/2Q\" style=\"height:375px; width:600px\" alt=\"\" title=\"\"><br \/>\n &nbsp;<\/p>\n<p>\u2714\ufe0f&nbsp; This PTFE Tube Cutter Mini is easy and safe to use, durability, waterproof design.<\/p>\n<p>\u2714\ufe0f&nbsp; Can also be used to cut filament into different lengths, depending on how long you need.<\/p>\n<p>\u2714\ufe0f&nbsp;&nbsp; Features a stainless steel blade and spring. The housing is made from tough durable plastic.<\/p>\n<p>\u2714\ufe0f&nbsp;&nbsp; Fits up to 6mm diameter tubing. Suitable for PE or PU hoses, Can be cut into different lengths PE pipe and PU trachea according to requirements.<br \/>\n &nbsp; &nbsp; &nbsp; &nbsp;&nbsp;(Do not use as a wire cutter or you will dull the blade, however.)<\/p>\n<p>\u2714\ufe0f&nbsp; To properly seat your Bowden tube, it is imperative to have a clean, square, end. Without this, you risk oozing, or worse, clogging, in the hot end.<\/p>\n<p>\u2714\ufe0f&nbsp; &nbsp;This super-sharp tubing cutter is the perfect tool for obtaining a clean, square cut in your tubing, every time.<\/p>\n<p>\n &nbsp;<\/p>\n<p>&nbsp;<\/p>\n","protected":false},"excerpt":{"rendered":"<p>PTFE reza\u010d cijevi Mini&nbsp;omogu\u0107uje vam brzo i u\u010dinkovito poravnavanje i rezanje bilo koje PTFE cijevi, postizanje \u010distog i savr\u0161eno pravokutnog reza.<\/p>\n","protected":false},"featured_media":9757,"comment_status":"closed","ping_status":"closed","template":"","meta":{"_acf_changed":false},"product_brand":[],"product_cat":[481,487,482,483],"product_tag":[],"brand":[],"class_list":{"0":"post-12632","1":"product","2":"type-product","3":"status-publish","4":"has-post-thumbnail","6":"product_cat-akcija","7":"product_cat-bowden-cijevi","8":"product_cat-rezervni-dijelovi","9":"product_cat-svi-rezervni-dijelovi","11":"first","12":"instock","13":"sale","14":"taxable","15":"shipping-taxable","16":"purchasable","17":"product-type-simple"},"acf":[],"_links":{"self":[{"href":"https:\/\/azurefilm.com\/hr\/wp-json\/wp\/v2\/product\/12632","targetHints":{"allow":["GET"]}}],"collection":[{"href":"https:\/\/azurefilm.com\/hr\/wp-json\/wp\/v2\/product"}],"about":[{"href":"https:\/\/azurefilm.com\/hr\/wp-json\/wp\/v2\/types\/product"}],"replies":[{"embeddable":true,"href":"https:\/\/azurefilm.com\/hr\/wp-json\/wp\/v2\/comments?post=12632"}],"wp:featuredmedia":[{"embeddable":true,"href":"https:\/\/azurefilm.com\/hr\/wp-json\/wp\/v2\/media\/9757"}],"wp:attachment":[{"href":"https:\/\/azurefilm.com\/hr\/wp-json\/wp\/v2\/media?parent=12632"}],"wp:term":[{"taxonomy":"product_brand","embeddable":true,"href":"https:\/\/azurefilm.com\/hr\/wp-json\/wp\/v2\/product_brand?post=12632"},{"taxonomy":"product_cat","embeddable":true,"href":"https:\/\/azurefilm.com\/hr\/wp-json\/wp\/v2\/product_cat?post=12632"},{"taxonomy":"product_tag","embeddable":true,"href":"https:\/\/azurefilm.com\/hr\/wp-json\/wp\/v2\/product_tag?post=12632"},{"taxonomy":"brand","embeddable":true,"href":"https:\/\/azurefilm.com\/hr\/wp-json\/wp\/v2\/brand?post=12632"}],"curies":[{"name":"wp","href":"https:\/\/api.w.org\/{rel}","templated":true}]}}