
{"id":12636,"date":"2023-10-29T14:33:26","date_gmt":"2023-10-29T14:33:26","guid":{"rendered":"https:\/\/azurefilm.com\/product\/stvrdnuta-mlaznica-za-flashforge\/"},"modified":"2023-11-09T13:52:26","modified_gmt":"2023-11-09T13:52:26","slug":"komplet-stvrdnutih-mlaznica-za-flashforge","status":"publish","type":"product","link":"https:\/\/azurefilm.com\/hr\/proizvod\/komplet-stvrdnutih-mlaznica-za-flashforge\/","title":{"rendered":"Komplet stvrdnutih mlaznica za Flashforge"},"content":{"rendered":"<h2><b>Klju\u010dne zna\u010dajke:<\/b><\/h2>\n<ul>\n<li>Originalne mlaznice za Flashforge Creator 3 Pro\u00a03D pisa\u010d.<\/li>\n<li>Ova je mlaznica prikladna za printanje boljih filamenata kao \u0161to su karbonska vlakna, najlon, ASA i ABS. Mlaznica je izra\u0111ena od \u010delika i ne tro\u0161i se tako brzo kao obi\u010dni mesing.<\/li>\n<li>Toplinska vodljivost mlaznice od kaljenog \u010delika nije tako dobra kao kod mlaznice od mesinga. Stoga \u0107ete mo\u017eda trebati pove\u0107ati temperaturu ekstrudera za 5-15\u00b0C.<\/li>\n<li>Prilikom printanja abrazivnih filamenata usporite brzinu printanja prvog sloja na 10 mm\/s.<\/li>\n<\/ul>\n<h2><strong>U paketu dobivate:<\/strong><\/h2>\n<ul>\n<li>2x 0.4 mlaznica<\/li>\n<li>2x 0.6 mlaznica<\/li>\n<li>2x 0.8 mlaznica<\/li>\n<\/ul>\n<p>&nbsp;<\/p>\n","protected":false},"excerpt":{"rendered":"<p><strong>Komplet stvrdnutih mlaznica za Flashforge<\/strong> za Creator 3 Pro 3D pisa\u010d<\/p>\n","protected":false},"featured_media":9805,"comment_status":"closed","ping_status":"closed","template":"","meta":{"_acf_changed":false},"product_brand":[],"product_cat":[481,509,510,482,483],"product_tag":[],"brand":[],"class_list":{"0":"post-12636","1":"product","2":"type-product","3":"status-publish","4":"has-post-thumbnail","6":"product_cat-akcija","7":"product_cat-mlaznice","8":"product_cat-otvrdnute-i-mlaznice-otporne-na-abraziju","9":"product_cat-rezervni-dijelovi","10":"product_cat-svi-rezervni-dijelovi","12":"first","13":"instock","14":"sale","15":"taxable","16":"shipping-taxable","17":"purchasable","18":"product-type-simple"},"acf":[],"_links":{"self":[{"href":"https:\/\/azurefilm.com\/hr\/wp-json\/wp\/v2\/product\/12636","targetHints":{"allow":["GET"]}}],"collection":[{"href":"https:\/\/azurefilm.com\/hr\/wp-json\/wp\/v2\/product"}],"about":[{"href":"https:\/\/azurefilm.com\/hr\/wp-json\/wp\/v2\/types\/product"}],"replies":[{"embeddable":true,"href":"https:\/\/azurefilm.com\/hr\/wp-json\/wp\/v2\/comments?post=12636"}],"wp:featuredmedia":[{"embeddable":true,"href":"https:\/\/azurefilm.com\/hr\/wp-json\/wp\/v2\/media\/9805"}],"wp:attachment":[{"href":"https:\/\/azurefilm.com\/hr\/wp-json\/wp\/v2\/media?parent=12636"}],"wp:term":[{"taxonomy":"product_brand","embeddable":true,"href":"https:\/\/azurefilm.com\/hr\/wp-json\/wp\/v2\/product_brand?post=12636"},{"taxonomy":"product_cat","embeddable":true,"href":"https:\/\/azurefilm.com\/hr\/wp-json\/wp\/v2\/product_cat?post=12636"},{"taxonomy":"product_tag","embeddable":true,"href":"https:\/\/azurefilm.com\/hr\/wp-json\/wp\/v2\/product_tag?post=12636"},{"taxonomy":"brand","embeddable":true,"href":"https:\/\/azurefilm.com\/hr\/wp-json\/wp\/v2\/brand?post=12636"}],"curies":[{"name":"wp","href":"https:\/\/api.w.org\/{rel}","templated":true}]}}