
{"id":12643,"date":"2023-10-29T14:34:12","date_gmt":"2023-10-29T14:34:12","guid":{"rendered":"https:\/\/azurefilm.com\/product\/mlaznica-e3d-v5-v6-m6-02mm\/"},"modified":"2024-12-15T13:48:19","modified_gmt":"2024-12-15T13:48:19","slug":"mlaznice-e3d-v5-v6-m6","status":"publish","type":"product","link":"https:\/\/azurefilm.com\/hr\/proizvod\/mlaznice-e3d-v5-v6-m6\/","title":{"rendered":"Mlaznice E3D V5-V6 M6 (10 pack)"},"content":{"rendered":"<h4><span style=\"vertical-align: inherit;\">Mlaznica E3D V5-V6 M6 (10 pak.)<\/span><\/h4>\n<h3><b><span style=\"vertical-align: inherit;\">Glavne zna\u010dajke:<\/span><\/b><\/h3>\n<ul>\n<li><strong><span style=\"vertical-align: inherit;\">Svestrana kompatibilnost s filamentima:<\/span><\/strong><span style=\"vertical-align: inherit;\"> E3D V5-V6 M6 mlaznica podr\u017eava ulazni promjer od 1,75 mm, prilago\u0111avaju\u0107i se razli\u010ditim vrstama filamenata za optimalnu fleksibilnost ispisa.<\/span><\/li>\n<li><strong><span style=\"vertical-align: inherit;\">Opcije preciznog ispisa:<\/span><\/strong><span style=\"vertical-align: inherit;\"> S izlaznim promjerima u rasponu od 0,2 mm do 1,00 mm, korisnici mogu odabrati savr\u0161enu veli\u010dinu mlaznice za postizanje \u017eeljene razine detalja i debljine sloja u svojim 3D ispisima .<\/span><\/li>\n<li><strong><span style=\"vertical-align: inherit;\">Univerzalni M6 navoj:<\/span><\/strong><span style=\"vertical-align: inherit;\"> M6 navoj osigurava \u0161iroku kompatibilnost, dopu\u0161taju\u0107i besprijekornu integraciju s raznim 3D pisa\u010dima, posebno prilago\u0111enim za E3D V5 V6 modele.<\/span><\/li>\n<li><strong><span style=\"vertical-align: inherit;\">Visokokvalitetna konstrukcija od mesinga:<\/span><\/strong><span style=\"vertical-align: inherit;\"> Izra\u0111ene od vrhunskog materijala od mesinga, ove mlaznice ne samo da su izdr\u017eljive, ve\u0107 tako\u0111er pru\u017eaju robusno rje\u0161enje za dugotrajne sesije 3D ispisa, osiguravaju\u0107i dugovje\u010dnost i pouzdanost.&lt; \/span&gt;<\/span><\/li>\n<li><strong><span style=\"vertical-align: inherit;\">\u0160iroki raspon primjene:<\/span><\/strong><span style=\"vertical-align: inherit;\"> Kompatibilne s 1,75 mm PLA i ABS filamentima, ove mlaznice su prikladne za \u0161irok spektar aplikacija 3D ispisa, zadovoljavaju\u0107i potrebe hobista i profesionalaca.&lt; \/span&gt;<\/span><\/li>\n<li><strong><span style=\"vertical-align: inherit;\">Trajnost i otpornost:<\/span><\/strong><span style=\"vertical-align: inherit;\"> Mlaznice&#8217; konstrukcija od visokokvalitetnog mesinga jam\u010di ne samo snagu nego i otpornost, \u0161to ih \u010dini sposobnima izdr\u017eati zahtjeve raznih tiskarskih projekata, velikih i slo\u017eenih.<\/span><\/li>\n<\/ul>\n<p><span style=\"vertical-align: inherit;\">Ukratko, mlaznica E3D V5-V6 M6 nudi sveobuhvatan paket zna\u010dajki, \u0161to je \u010dini nezamjenjivim alatom za entuzijaste 3D ispisa koji tra\u017ee preciznost, prilagodljivost i izdr\u017eljivost u svojim ispisnim nastojanjima.<\/span><\/p>\n","protected":false},"excerpt":{"rendered":"<p><strong>Mlaznice E3D V5-V6 M6 <\/strong>\u00a0za 3D pisa\u010d izra\u0111ene su od visokokvalitetnog mesinganog materijala, \u010dvrste su i izdr\u017eljive.<\/p>\n","protected":false},"featured_media":9884,"comment_status":"closed","ping_status":"closed","template":"","meta":{"_acf_changed":false},"product_brand":[],"product_cat":[481,509,511,482,483],"product_tag":[],"brand":[270],"class_list":{"0":"post-12643","1":"product","2":"type-product","3":"status-publish","4":"has-post-thumbnail","6":"product_cat-akcija","7":"product_cat-mlaznice","8":"product_cat-obicne-mlaznice","9":"product_cat-rezervni-dijelovi","10":"product_cat-svi-rezervni-dijelovi","11":"pa_nozzle-diameter-0-2mm","12":"pa_nozzle-diameter-0-3mm","13":"pa_nozzle-diameter-0-4mm","14":"pa_nozzle-diameter-0-5mm","15":"pa_nozzle-diameter-0-6mm","16":"pa_nozzle-diameter-0-8mm","17":"pa_nozzle-diameter-1-0mm","18":"brand-creality","20":"first","21":"instock","22":"sale","23":"taxable","24":"shipping-taxable","25":"purchasable","26":"product-type-variable"},"acf":[],"_links":{"self":[{"href":"https:\/\/azurefilm.com\/hr\/wp-json\/wp\/v2\/product\/12643","targetHints":{"allow":["GET"]}}],"collection":[{"href":"https:\/\/azurefilm.com\/hr\/wp-json\/wp\/v2\/product"}],"about":[{"href":"https:\/\/azurefilm.com\/hr\/wp-json\/wp\/v2\/types\/product"}],"replies":[{"embeddable":true,"href":"https:\/\/azurefilm.com\/hr\/wp-json\/wp\/v2\/comments?post=12643"}],"wp:featuredmedia":[{"embeddable":true,"href":"https:\/\/azurefilm.com\/hr\/wp-json\/wp\/v2\/media\/9884"}],"wp:attachment":[{"href":"https:\/\/azurefilm.com\/hr\/wp-json\/wp\/v2\/media?parent=12643"}],"wp:term":[{"taxonomy":"product_brand","embeddable":true,"href":"https:\/\/azurefilm.com\/hr\/wp-json\/wp\/v2\/product_brand?post=12643"},{"taxonomy":"product_cat","embeddable":true,"href":"https:\/\/azurefilm.com\/hr\/wp-json\/wp\/v2\/product_cat?post=12643"},{"taxonomy":"product_tag","embeddable":true,"href":"https:\/\/azurefilm.com\/hr\/wp-json\/wp\/v2\/product_tag?post=12643"},{"taxonomy":"brand","embeddable":true,"href":"https:\/\/azurefilm.com\/hr\/wp-json\/wp\/v2\/brand?post=12643"}],"curies":[{"name":"wp","href":"https:\/\/api.w.org\/{rel}","templated":true}]}}