
{"id":12660,"date":"2023-10-29T14:35:02","date_gmt":"2023-10-29T14:35:02","guid":{"rendered":"https:\/\/azurefilm.com\/product\/mlaznica-mk8-10-kom\/"},"modified":"2025-10-24T19:35:10","modified_gmt":"2025-10-24T19:35:10","slug":"mlaznica-mk8-10-kom","status":"publish","type":"product","link":"https:\/\/azurefilm.com\/hr\/proizvod\/mlaznica-mk8-10-kom\/","title":{"rendered":"\u010celi\u010dna mlaznica MK8 (10 pakiranja)"},"content":{"rendered":"<h4><span style=\"vertical-align: inherit;\"><span style=\"vertical-align: inherit;\"><span style=\"vertical-align: inherit;\">\u010celi\u010dna mlaznica MK8 (10 pakiranja)<\/span><\/span><\/span><\/h4>\n<h3><b><span style=\"vertical-align: inherit;\"><span style=\"vertical-align: inherit;\"><span style=\"vertical-align: inherit;\">Glavne zna\u010dajke:<\/span><\/span><\/span><\/b><\/h3>\n<p><span style=\"vertical-align: inherit;\"><span style=\"vertical-align: inherit;\"><span style=\"vertical-align: inherit;\">\u010celi\u010dna mlaznica MK8 (paket od 10 komada) pouzdan je izbor za entuzijaste 3D ispisa, a nudi klju\u010dne zna\u010dajke prilago\u0111ene pobolj\u0161anju performansi ispisa:<\/span><\/span><\/span><\/p>\n<ul>\n<li><strong><span style=\"vertical-align: inherit;\"><span style=\"vertical-align: inherit;\"><span style=\"vertical-align: inherit;\">Optimalna veli\u010dina i ekstruzija:<\/span><\/span><\/span><\/strong><span style=\"vertical-align: inherit;\"><span style=\"vertical-align: inherit;\"><span style=\"vertical-align: inherit;\"> S veli\u010dinom ulaza od 1,75 mm i mlaznicama ekstrudera od 0,4 mm, ovaj set mlaznica u\u010dinkovito sprje\u010dava curenje ispisne glave i osigurava dosljedan i to\u010dan postupak ekstruzije. Rezultat su glatki i sjajni polirani ispisi koji zadovoljavaju visoke standarde koji se o\u010dekuju u 3D ispisu.<\/span><\/span><\/span><\/li>\n<li><strong><span style=\"vertical-align: inherit;\"><span style=\"vertical-align: inherit;\"><span style=\"vertical-align: inherit;\">Visokokvalitetni nehr\u0111aju\u0107i \u010delik:<\/span><\/span><\/span><\/strong><span style=\"vertical-align: inherit;\"><span style=\"vertical-align: inherit;\"><span style=\"vertical-align: inherit;\"> Izra\u0111ene od vrhunskog nehr\u0111aju\u0107eg \u010delika, ove mlaznice su otporne na hr\u0111u i koroziju, osiguravaju\u0107i izdr\u017eljivost i dugovje\u010dnost. Robusna konstrukcija osigurava pouzdano i stabilno iskustvo ispisa tijekom vremena.<\/span><\/span><\/span><\/li>\n<li><strong><span style=\"vertical-align: inherit;\"><span style=\"vertical-align: inherit;\"><span style=\"vertical-align: inherit;\">\u0160iroka kompatibilnost:<\/span><\/span><\/span><\/strong><span style=\"vertical-align: inherit;\"><span style=\"vertical-align: inherit;\"><span style=\"vertical-align: inherit;\"> Kompatibilan s nizom popularnih Creality 3D pisa\u010da, uklju\u010duju\u0107i Creality CR-10 V2, Creality Ender seriju i vi\u0161e. Ova \u0161iroka kompatibilnost osigurava da korisnici s razli\u010ditim modelima Creality mogu imati koristi od performansi i pouzdanosti ovih mlaznica od nehr\u0111aju\u0107eg \u010delika.<\/span><\/span><\/span><\/li>\n<li><strong><span style=\"vertical-align: inherit;\"><span style=\"vertical-align: inherit;\"><span style=\"vertical-align: inherit;\">Jednostavna instalacija:<\/span><\/span><\/span><\/strong><span style=\"vertical-align: inherit;\"><span style=\"vertical-align: inherit;\"><span style=\"vertical-align: inherit;\"> Mlaznice su dizajnirane za jednostavnu instalaciju, omogu\u0107uju\u0107i korisnicima jednostavnu zamjenu ili nadogradnju postoje\u0107ih mlaznica bez komplikacija.<\/span><\/span><\/span><\/li>\n<li><strong><span style=\"vertical-align: inherit;\"><span style=\"vertical-align: inherit;\"><span style=\"vertical-align: inherit;\">Isplativo pakiranje od 10 komada:<\/span><\/span><\/span><\/strong><span style=\"vertical-align: inherit;\"><span style=\"vertical-align: inherit;\"><span style=\"vertical-align: inherit;\"> Paket uklju\u010duje 10 mlaznica od nehr\u0111aju\u0107eg \u010delika, nude\u0107i korisnicima isplativo rje\u0161enje za vi\u0161estruke zamjene ili za one koji vi\u0161e vole imati dostupne rezervne mlaznice. Ova golema opcija pru\u017ea dugoro\u010dnu vrijednost za entuzijaste 3D ispisa.<\/span><\/span><\/span><\/li>\n<\/ul>\n<p><span style=\"vertical-align: inherit;\"><span style=\"vertical-align: inherit;\"><span style=\"vertical-align: inherit;\">Ukratko, \u010deli\u010dna mlaznica MK8 (paket od 10) kombinira preciznu ekstruziju, visokokvalitetne materijale, \u0161iroku kompatibilnost i isplativost, \u0161to je \u010dini izvrsnim izborom za korisnike Creality 3D pisa\u010da koji tra\u017ee pouzdane i dosljedne rezultate 3D ispisa.<\/span><\/span><\/span><\/p>\n","protected":false},"excerpt":{"rendered":"<h4><span style=\"vertical-align: inherit;\">\u010celi\u010dna mlaznica MK8 (10 pakiranja) <\/span>su mlaznice ekstrudera koje mogu u\u010dinkovito sprije\u010diti curenje ispisne glave i proizvesti dosljedne printeve s glatkom i sjajnom zavr\u0161nom obradom.<\/h4>\n","protected":false},"featured_media":17679,"comment_status":"closed","ping_status":"closed","template":"","meta":{"_acf_changed":false},"product_brand":[],"product_cat":[481,509,511,482,483],"product_tag":[],"brand":[],"class_list":{"0":"post-12660","1":"product","2":"type-product","3":"status-publish","4":"has-post-thumbnail","6":"product_cat-akcija","7":"product_cat-mlaznice","8":"product_cat-obicne-mlaznice","9":"product_cat-rezervni-dijelovi","10":"product_cat-svi-rezervni-dijelovi","11":"pa_compatible-with-creality-fdm-3d-printers","12":"pa_fits-printer-creality-cr-10","13":"pa_fits-printer-creality-ender-3","15":"first","16":"instock","17":"sale","18":"taxable","19":"shipping-taxable","20":"purchasable","21":"product-type-simple"},"acf":[],"_links":{"self":[{"href":"https:\/\/azurefilm.com\/hr\/wp-json\/wp\/v2\/product\/12660","targetHints":{"allow":["GET"]}}],"collection":[{"href":"https:\/\/azurefilm.com\/hr\/wp-json\/wp\/v2\/product"}],"about":[{"href":"https:\/\/azurefilm.com\/hr\/wp-json\/wp\/v2\/types\/product"}],"replies":[{"embeddable":true,"href":"https:\/\/azurefilm.com\/hr\/wp-json\/wp\/v2\/comments?post=12660"}],"wp:featuredmedia":[{"embeddable":true,"href":"https:\/\/azurefilm.com\/hr\/wp-json\/wp\/v2\/media\/17679"}],"wp:attachment":[{"href":"https:\/\/azurefilm.com\/hr\/wp-json\/wp\/v2\/media?parent=12660"}],"wp:term":[{"taxonomy":"product_brand","embeddable":true,"href":"https:\/\/azurefilm.com\/hr\/wp-json\/wp\/v2\/product_brand?post=12660"},{"taxonomy":"product_cat","embeddable":true,"href":"https:\/\/azurefilm.com\/hr\/wp-json\/wp\/v2\/product_cat?post=12660"},{"taxonomy":"product_tag","embeddable":true,"href":"https:\/\/azurefilm.com\/hr\/wp-json\/wp\/v2\/product_tag?post=12660"},{"taxonomy":"brand","embeddable":true,"href":"https:\/\/azurefilm.com\/hr\/wp-json\/wp\/v2\/brand?post=12660"}],"curies":[{"name":"wp","href":"https:\/\/api.w.org\/{rel}","templated":true}]}}