
{"id":12662,"date":"2023-10-29T14:35:02","date_gmt":"2023-10-29T14:35:02","guid":{"rendered":"https:\/\/azurefilm.com\/product\/sprite-ekstruder-za-ender-3-s1-creality\/"},"modified":"2023-11-12T12:44:29","modified_gmt":"2023-11-12T12:44:29","slug":"sprite-ekstruder-za-ender-3-s1-creality","status":"publish","type":"product","link":"https:\/\/azurefilm.com\/hr\/proizvod\/sprite-ekstruder-za-ender-3-s1-creality\/","title":{"rendered":"Sprite ekstruder za Ender 3 S1 Creality"},"content":{"rendered":"<p>BEZ KABLOVA I KOTA\u010cA!<\/p>\n<p>  Mali ekstruder, veliki u\u010dinak<\/p>\n<p>Unato\u010d svojoj maloj veli\u010dini od samo 54x50x64.3mm i te\u017eini od samo 266 g, Sprite ekstruder je mo\u0107na kombinacija ekstrudera i hotenda koja nudi mnoge prakti\u010dne funkcije.<\/p>\n<p>Direktan pogon i &amp; Bowden ekstruzija za ve\u0107u kompatibilnost filamenta<\/p>\n<p>Ekstruder se mo\u017ee primijeniti i s izravnim pogonom i s punjenjem Bowden filamentom kako bi zadovoljio potrebe printanja oba korisnika. Uz &#8220;normalne&#8221; filamente kao \u0161to su PLA ili PET-G, specijalni materijali kao \u0161to su fleksibilni filamenti tako\u0111er se mogu printati bez ikakvih problema.<\/p>\n","protected":false},"excerpt":{"rendered":"<p>Ekstruder za 3D pisa\u010d Ender 3 S1 Mali ekstruder, veliki kapacitet<\/p>\n","protected":false},"featured_media":10083,"comment_status":"closed","ping_status":"closed","template":"","meta":{"_acf_changed":false},"product_brand":[],"product_cat":[481,815],"product_tag":[],"brand":[],"class_list":{"0":"post-12662","1":"product","2":"type-product","3":"status-publish","4":"has-post-thumbnail","6":"product_cat-akcija","7":"product_cat-nekategorizirano","9":"first","10":"outofstock","11":"sale","12":"taxable","13":"shipping-taxable","14":"purchasable","15":"product-type-simple"},"acf":[],"_links":{"self":[{"href":"https:\/\/azurefilm.com\/hr\/wp-json\/wp\/v2\/product\/12662","targetHints":{"allow":["GET"]}}],"collection":[{"href":"https:\/\/azurefilm.com\/hr\/wp-json\/wp\/v2\/product"}],"about":[{"href":"https:\/\/azurefilm.com\/hr\/wp-json\/wp\/v2\/types\/product"}],"replies":[{"embeddable":true,"href":"https:\/\/azurefilm.com\/hr\/wp-json\/wp\/v2\/comments?post=12662"}],"wp:featuredmedia":[{"embeddable":true,"href":"https:\/\/azurefilm.com\/hr\/wp-json\/wp\/v2\/media\/10083"}],"wp:attachment":[{"href":"https:\/\/azurefilm.com\/hr\/wp-json\/wp\/v2\/media?parent=12662"}],"wp:term":[{"taxonomy":"product_brand","embeddable":true,"href":"https:\/\/azurefilm.com\/hr\/wp-json\/wp\/v2\/product_brand?post=12662"},{"taxonomy":"product_cat","embeddable":true,"href":"https:\/\/azurefilm.com\/hr\/wp-json\/wp\/v2\/product_cat?post=12662"},{"taxonomy":"product_tag","embeddable":true,"href":"https:\/\/azurefilm.com\/hr\/wp-json\/wp\/v2\/product_tag?post=12662"},{"taxonomy":"brand","embeddable":true,"href":"https:\/\/azurefilm.com\/hr\/wp-json\/wp\/v2\/brand?post=12662"}],"curies":[{"name":"wp","href":"https:\/\/api.w.org\/{rel}","templated":true}]}}