
{"id":12762,"date":"2023-10-29T14:39:30","date_gmt":"2023-10-29T14:39:30","guid":{"rendered":"https:\/\/azurefilm.com\/product\/3d-olovka-silk-fusion-5-kom\/"},"modified":"2025-08-22T10:54:46","modified_gmt":"2025-08-22T10:54:46","slug":"3d-olovka-silk-fusion-5-kom","status":"publish","type":"product","link":"https:\/\/azurefilm.com\/hr\/proizvod\/3d-olovka-silk-fusion-5-kom\/","title":{"rendered":"3D olovka Silk Fusion 5 kom"},"content":{"rendered":"<h2><b>PLA Silk<\/b><\/h2>\n<p><span style=\"font-weight: 400;\">Upoznajte na\u0161e PLA Silk filamente, posebno izdanje na\u0161e PLA Original linije. PLA Silk filamenti imaju posebne dodatke klasi\u010dnim PLA filamentima koji daju izgled <\/span><b>sjajne, blago prozirne i svilenkaste povr\u0161ine<\/b><span style=\"font-weight: 400;\">. \u0160tovi\u0161e, ovaj materijal <\/span><b>poma\u017ee prikriti prijelaze izme\u0111u slojeva<\/b><span style=\"font-weight: 400;\"> prilikom printanja. PLA Silk filamenti imaju sve tradicionalne PLA karakteristike i daju <\/span><b>dosljedne rezultate<\/b><span style=\"font-weight: 400;\">. Oni su najbolji izbor za 3D printanje ukrasnih elemenata poput vaza, figurica, dodataka, ku\u0107nih gadgeta i jo\u0161 mnogo toga.<\/span><\/p>\n<h2><strong>3D olovka Silk Fusion 5 kom<\/strong><\/h2>\n<p>Izrazite svoj dodir elegancije s na\u0161om 3D olovkom Silk Fusion s 5 komada. Paket se sastoji od PLA Silk boja: bijelog, srebrnog, lila, akvamarin i \u017eutog filamenta.<\/p>\n<p><span style=\"font-weight: 400;\">Kako biste saznali vi\u0161e o PLA filamentima, pro\u010ditajte na\u0161 <a href=\"https:\/\/azurefilm.com\/hr\/2023\/07\/04\/pla-filamenti\/\" target=\"_blank\" rel=\"noopener\">blog<\/a>. <\/span><\/p>\n<p><span style=\"font-weight: 400;\">Ovdje mo\u017eete pristupiti<a href=\"https:\/\/azurefilm.com\/hr\/technical-data-sheets\/\" target=\"_blank\" rel=\"noopener\"> tehni\u010dkim informacijama<\/a>.<\/span><\/p>\n<h3><strong>Preporuke za printanje:<\/strong><\/h3>\n<ul>\n<li style=\"font-weight: 400;\" aria-level=\"1\"><span style=\"font-weight: 400;\">Za najbolje rezultate, printati na 220\u2013240\u00b0C. <\/span><\/li>\n<li style=\"font-weight: 400;\" aria-level=\"1\"><span style=\"font-weight: 400;\">Preporu\u010dena temperatura postolja za printanje je 80\u00b0C.<\/span><\/li>\n<li style=\"font-weight: 400;\" aria-level=\"1\"><span style=\"font-weight: 400;\">Koristite stakleno postolje, PEI plo\u010du, kapton ili plavu traku za izradnu platformu s 3Dlac sprejem.<\/span><\/li>\n<\/ul>\n<p><i><span style=\"font-weight: 400;\">*Idealna temperatura mo\u017ee varirati ovisno o kori\u0161tenom pisa\u010du.<\/span><\/i><\/p>\n","protected":false},"excerpt":{"rendered":"<p>Izrazite svoj dodir elegancije s na\u0161om 3D olovkom Silk Fusion s 5 komada. Paket se sastoji od PLA Silk boja: bijelog, srebrnog, lila, akvamarin i \u017eutog filamenta.<\/p>\n","protected":false},"featured_media":10788,"comment_status":"closed","ping_status":"closed","template":"","meta":{"_acf_changed":false},"product_brand":[],"product_cat":[376,375,481,379,377],"product_tag":[],"brand":[],"class_list":{"0":"post-12762","1":"product","2":"type-product","3":"status-publish","4":"has-post-thumbnail","6":"product_cat-filamenti-za-3d-olovku","7":"product_cat-3d-filamenti-hr","8":"product_cat-akcija","9":"product_cat-paketi-hr","10":"product_cat-svi-filamenti","12":"first","13":"outofstock","14":"sale","15":"taxable","16":"shipping-taxable","17":"purchasable","18":"product-type-simple"},"acf":[],"_links":{"self":[{"href":"https:\/\/azurefilm.com\/hr\/wp-json\/wp\/v2\/product\/12762","targetHints":{"allow":["GET"]}}],"collection":[{"href":"https:\/\/azurefilm.com\/hr\/wp-json\/wp\/v2\/product"}],"about":[{"href":"https:\/\/azurefilm.com\/hr\/wp-json\/wp\/v2\/types\/product"}],"replies":[{"embeddable":true,"href":"https:\/\/azurefilm.com\/hr\/wp-json\/wp\/v2\/comments?post=12762"}],"wp:featuredmedia":[{"embeddable":true,"href":"https:\/\/azurefilm.com\/hr\/wp-json\/wp\/v2\/media\/10788"}],"wp:attachment":[{"href":"https:\/\/azurefilm.com\/hr\/wp-json\/wp\/v2\/media?parent=12762"}],"wp:term":[{"taxonomy":"product_brand","embeddable":true,"href":"https:\/\/azurefilm.com\/hr\/wp-json\/wp\/v2\/product_brand?post=12762"},{"taxonomy":"product_cat","embeddable":true,"href":"https:\/\/azurefilm.com\/hr\/wp-json\/wp\/v2\/product_cat?post=12762"},{"taxonomy":"product_tag","embeddable":true,"href":"https:\/\/azurefilm.com\/hr\/wp-json\/wp\/v2\/product_tag?post=12762"},{"taxonomy":"brand","embeddable":true,"href":"https:\/\/azurefilm.com\/hr\/wp-json\/wp\/v2\/brand?post=12762"}],"curies":[{"name":"wp","href":"https:\/\/api.w.org\/{rel}","templated":true}]}}