
{"id":12765,"date":"2023-10-29T14:39:30","date_gmt":"2023-10-29T14:39:30","guid":{"rendered":"https:\/\/azurefilm.com\/product\/3d-olovka-classic-5-kom\/"},"modified":"2025-08-22T10:54:50","modified_gmt":"2025-08-22T10:54:50","slug":"3d-olovka-classic-5-kom","status":"publish","type":"product","link":"https:\/\/azurefilm.com\/hr\/proizvod\/3d-olovka-classic-5-kom\/","title":{"rendered":"3D olovka Classic 5 kom"},"content":{"rendered":"<h2><b>PLA Original <\/b><\/h2>\n<p><span style=\"font-weight: 400;\">Predstavljamo PLA Original, na\u0161u <\/span> <span style=\"font-weight: 400;\">liniju filamenata koja nudi <\/span><b>pouzdane performanse<\/b><span style=\"font-weight: 400;\"> i <\/span><b>\u0161irok raspon opcija boja<\/b><span style=\"font-weight: 400;\">. Ovo izdanje ima sve tradicionalne PLA karakteristike, zbog \u010dega pru\u017ea <\/span><b>dosljedne i pouzdane rezultate<\/b><span style=\"font-weight: 400;\">. PLA Original je <\/span><b>jednostavan za printanje<\/b><span style=\"font-weight: 400;\"> i odli\u010dan je za po\u010detnike. Bilo da radite na ukrasima, prototipovima ili drugim modelima, PLA Original je va\u0161 izbor za uspje\u0161no i zadovoljavaju\u0107e iskustvo printanja.<\/span><\/p>\n<p><span style=\"font-weight: 400;\">Kako biste saznali vi\u0161e o PLA filamentima, pro\u010ditajte na\u0161 <a href=\"https:\/\/azurefilm.com\/hr\/2023\/07\/04\/pla-filamenti\/\" target=\"_blank\" rel=\"noopener\">blog<\/a>. <\/span><\/p>\n<p><span style=\"font-weight: 400;\">Ovdje mo\u017eete pristupiti<a href=\"https:\/\/azurefilm.com\/hr\/technical-data-sheets\/\" target=\"_blank\" rel=\"noopener\"> tehni\u010dkim informacijama<\/a>.<\/span><\/p>\n<h3><strong>3D olovka Classic 5 kom<\/strong><\/h3>\n<p>Stvorite bilo \u0161to, od igra\u010daka do poslovnih prototipova s na\u0161om pouzdanom 3D olovkom Classic s 5 komada u \u017eutoj, crnoj, plavoj, bijeloj i crvenoj boji.<\/p>\n<p><span style=\"font-weight: 400;\">Preporuke za printanje:<\/span><\/p>\n<ul>\n<li style=\"font-weight: 400;\" aria-level=\"1\"><span style=\"font-weight: 400;\">Printajte na temperaturi od 200\u2013230\u00b0C za najbolje rezultate.* <\/span><\/li>\n<li style=\"font-weight: 400;\" aria-level=\"1\"><span style=\"font-weight: 400;\">Nije potrebno imati grijano postolje, ali preporu\u010dujemo da prethodno zagrijete ispisni stol na 50\u201360\u00b0C.<\/span><\/li>\n<li style=\"font-weight: 400;\" aria-level=\"1\"><span style=\"font-weight: 400;\">Koristite stakleno postolje, PEI plo\u010du, kapton ili plavu traku za izradnu platformu s 3Dlac sprejem.<\/span><\/li>\n<\/ul>\n<p><i><span style=\"font-weight: 400;\">*Idealna temperatura mo\u017ee varirati ovisno o kori\u0161tenom pisa\u010du.<\/span><\/i><\/p>\n","protected":false},"excerpt":{"rendered":"<p>Stvorite bilo \u0161to, od igra\u010daka do poslovnih prototipova s na\u0161om pouzdanom 3D olovkom Classic s 5 komada u \u017eutoj, crnoj, plavoj, bijeloj i crvenoj boji.<\/p>\n","protected":false},"featured_media":10803,"comment_status":"closed","ping_status":"closed","template":"","meta":{"_acf_changed":false},"product_brand":[],"product_cat":[376,375,481,379,377],"product_tag":[],"brand":[],"class_list":{"0":"post-12765","1":"product","2":"type-product","3":"status-publish","4":"has-post-thumbnail","6":"product_cat-filamenti-za-3d-olovku","7":"product_cat-3d-filamenti-hr","8":"product_cat-akcija","9":"product_cat-paketi-hr","10":"product_cat-svi-filamenti","12":"first","13":"outofstock","14":"sale","15":"taxable","16":"shipping-taxable","17":"purchasable","18":"product-type-simple"},"acf":[],"_links":{"self":[{"href":"https:\/\/azurefilm.com\/hr\/wp-json\/wp\/v2\/product\/12765","targetHints":{"allow":["GET"]}}],"collection":[{"href":"https:\/\/azurefilm.com\/hr\/wp-json\/wp\/v2\/product"}],"about":[{"href":"https:\/\/azurefilm.com\/hr\/wp-json\/wp\/v2\/types\/product"}],"replies":[{"embeddable":true,"href":"https:\/\/azurefilm.com\/hr\/wp-json\/wp\/v2\/comments?post=12765"}],"wp:featuredmedia":[{"embeddable":true,"href":"https:\/\/azurefilm.com\/hr\/wp-json\/wp\/v2\/media\/10803"}],"wp:attachment":[{"href":"https:\/\/azurefilm.com\/hr\/wp-json\/wp\/v2\/media?parent=12765"}],"wp:term":[{"taxonomy":"product_brand","embeddable":true,"href":"https:\/\/azurefilm.com\/hr\/wp-json\/wp\/v2\/product_brand?post=12765"},{"taxonomy":"product_cat","embeddable":true,"href":"https:\/\/azurefilm.com\/hr\/wp-json\/wp\/v2\/product_cat?post=12765"},{"taxonomy":"product_tag","embeddable":true,"href":"https:\/\/azurefilm.com\/hr\/wp-json\/wp\/v2\/product_tag?post=12765"},{"taxonomy":"brand","embeddable":true,"href":"https:\/\/azurefilm.com\/hr\/wp-json\/wp\/v2\/brand?post=12765"}],"curies":[{"name":"wp","href":"https:\/\/api.w.org\/{rel}","templated":true}]}}