
{"id":12778,"date":"2023-10-29T14:40:05","date_gmt":"2023-10-29T14:40:05","guid":{"rendered":"https:\/\/azurefilm.com\/product\/flexible-filament-98a-neon-orange\/"},"modified":"2025-08-25T20:41:21","modified_gmt":"2025-08-25T20:41:21","slug":"flexible-filament-98a-neon-orange","status":"publish","type":"product","link":"https:\/\/azurefilm.com\/hr\/proizvod\/flexible-filament-98a-neon-orange\/","title":{"rendered":"Flexible filament 98A Neon Orange"},"content":{"rendered":"<h2><b>Flexible 98A<\/b><\/h2>\n<p><span style=\"font-weight: 400;\">Fleksibilni 98A filamenti izra\u0111eni su od <\/span><b>TPU-a<\/b><span style=\"font-weight: 400;\"> (termoplasti\u010dni poliuretan) i imaju svojstva <\/span><b>sli\u010dna gumi<\/b><span style=\"font-weight: 400;\">. To zna\u010di da je materijal ekstremno <\/span><b>fleksibilan <\/b><span style=\"font-weight: 400;\">, ali i vrlo <\/span><b>izdr\u017eljiv<\/b><span style=\"font-weight: 400;\">. Fleksibilni filamenti obi\u010dno se koriste za proizvodnju ku\u0107anskih aparata, igra\u010daka, ku\u0107i\u0161ta za telefone, narukvica, automobilskih dijelova i medicinskih potrep\u0161tina. Ako trebate ne\u0161to \u0161to bi se trebalo savijati, rastezati ili komprimirati, ovaj bi filament trebao biti spreman za taj zadatak.<\/span><\/p>\n<p><span style=\"font-weight: 400;\">Postoje <\/span><b>razli\u010dite vrste tvrdo\u0107e<\/b><span style=\"font-weight: 400;\"> kod fleksibilnih filamenata, ozna\u010dene brojevima od 0 do 100 i slovima od A do D. Materijal postaje \u010dvr\u0161\u0107i i tvr\u0111i kako se broj ili slovo pove\u0107ava. <\/span><b>98A shore<\/b><span style=\"font-weight: 400;\"> zna\u010di da je filament vrlo tvrd i mo\u017ee se usporediti s tvrdo\u0107om kota\u010da kolica za kupovinu.<\/span><\/p>\n<p><b>Odricanje:<\/b><span style=\"font-weight: 400;\"> Ako \u010dujete pucanje filamenta tijekom 3D printanja, to zna\u010di da je filament vla\u017ean i treba ga osu\u0161iti za bolje rezultate. Upotrijebite su\u0161ilo za filament, primjerice <a href=\"https:\/\/azurefilm.com\/hr\/proizvod\/creality-filament-dry-box-2-0\/\" target=\"_blank\" rel=\"noopener\"><strong>Creality Dry Box<\/strong><\/a>.<\/span><\/p>\n<p>&nbsp;<\/p>\n<h2 style=\"font-size: 23.04px;\"><b><img decoding=\"async\" class=\"size-medium wp-image-17898 alignnone\" src=\"https:\/\/azurefilm.com\/wp-content\/uploads\/2023\/10\/Flexible-filament-table.jpg\" alt=\" width=\" height=\"400\" title=\"\"><\/b><\/h2>\n<h2 style=\"font-size: 23.04px;\"><strong>Flexible filament 98A Neon Orange<\/strong><\/h2>\n<p>Neka va\u0161 dizajn napreduje uz ovu divlju nijansu na\u0161eg Flexible filamenta 98A Neon Orange.<\/p>\n<p><span style=\"font-weight: 400;\">Kako biste saznali vi\u0161e o fleksibilnim filamentima, pro\u010ditajte na\u0161 <a href=\"https:\/\/azurefilm.com\/hr\/2023\/08\/09\/flexible-filamenti\/\" target=\"_blank\" rel=\"noopener\"><strong>blog<\/strong><\/a>.\u00a0<\/span><\/p>\n<p><span style=\"font-weight: 400;\">Ovdje mo\u017eete pristupiti <a href=\"https:\/\/azurefilm.com\/hr\/technical-data-sheets\/\" target=\"_blank\" rel=\"noopener\"><strong> tehni\u010dkim informacijama<\/strong><\/a>.<\/span><\/p>\n<h3><strong>Preporuke za printanje:<\/strong><\/h3>\n<ul>\n<li><span style=\"font-weight: 400;\">Za najbolje rezultate, printati na 220\u2013240\u00b0C.\u00a0<\/span><\/li>\n<li><span style=\"font-weight: 400;\">Preporu\u010dena temperatura postolja za printanje je 80\u00b0C.<\/span><\/li>\n<li><b>Printati na maloj brzini od 10\u201330mm\/s.<\/b><\/li>\n<li><span style=\"font-weight: 400;\">Koristite stakleno postolje, PEI plo\u010du, kapton ili plavu traku za izradnu platformu s 3Dlac sprejem<\/span><i><span style=\"font-weight: 400;\">.<\/span><\/i><\/li>\n<\/ul>\n<p><i><span style=\"font-weight: 400;\">*Idealna temperatura mo\u017ee varirati ovisno o kori\u0161tenom pisa\u010du.<\/span><\/i><\/p>\n","protected":false},"excerpt":{"rendered":"<p>Neka va\u0161 dizajn napreduje uz ovu divlju nijansu na\u0161eg Flexible filamenta 98A Neon Orange.<\/p>\n","protected":false},"featured_media":10927,"comment_status":"closed","ping_status":"closed","template":"","meta":{"_acf_changed":false},"product_brand":[],"product_cat":[384,375,383,377],"product_tag":[],"brand":[267],"class_list":{"0":"post-12778","1":"product","2":"type-product","3":"status-publish","4":"has-post-thumbnail","6":"product_cat-flexible-98a-hr","7":"product_cat-3d-filamenti-hr","8":"product_cat-flexible-filamenti-hr","9":"product_cat-svi-filamenti","10":"pa_colour-orange","11":"pa_filament-diameter-1-75mm","12":"pa_filament-weight-650g","13":"brand-azurefilm","15":"first","16":"outofstock","17":"taxable","18":"shipping-taxable","19":"purchasable","20":"product-type-variable","21":"has-default-attributes"},"acf":[],"_links":{"self":[{"href":"https:\/\/azurefilm.com\/hr\/wp-json\/wp\/v2\/product\/12778","targetHints":{"allow":["GET"]}}],"collection":[{"href":"https:\/\/azurefilm.com\/hr\/wp-json\/wp\/v2\/product"}],"about":[{"href":"https:\/\/azurefilm.com\/hr\/wp-json\/wp\/v2\/types\/product"}],"replies":[{"embeddable":true,"href":"https:\/\/azurefilm.com\/hr\/wp-json\/wp\/v2\/comments?post=12778"}],"wp:featuredmedia":[{"embeddable":true,"href":"https:\/\/azurefilm.com\/hr\/wp-json\/wp\/v2\/media\/10927"}],"wp:attachment":[{"href":"https:\/\/azurefilm.com\/hr\/wp-json\/wp\/v2\/media?parent=12778"}],"wp:term":[{"taxonomy":"product_brand","embeddable":true,"href":"https:\/\/azurefilm.com\/hr\/wp-json\/wp\/v2\/product_brand?post=12778"},{"taxonomy":"product_cat","embeddable":true,"href":"https:\/\/azurefilm.com\/hr\/wp-json\/wp\/v2\/product_cat?post=12778"},{"taxonomy":"product_tag","embeddable":true,"href":"https:\/\/azurefilm.com\/hr\/wp-json\/wp\/v2\/product_tag?post=12778"},{"taxonomy":"brand","embeddable":true,"href":"https:\/\/azurefilm.com\/hr\/wp-json\/wp\/v2\/brand?post=12778"}],"curies":[{"name":"wp","href":"https:\/\/api.w.org\/{rel}","templated":true}]}}