
{"id":12785,"date":"2023-10-29T14:41:10","date_gmt":"2023-10-29T14:41:10","guid":{"rendered":"https:\/\/azurefilm.com\/product\/flexible-filament-85a-transparent\/"},"modified":"2025-08-25T20:36:05","modified_gmt":"2025-08-25T20:36:05","slug":"flexible-filament-85a-transparent","status":"publish","type":"product","link":"https:\/\/azurefilm.com\/hr\/proizvod\/flexible-filament-85a-transparent\/","title":{"rendered":"Flexible filament 85A Transparent"},"content":{"rendered":"<h2><b>Flexible 85A<\/b><\/h2>\n<p><span style=\"font-weight: 400;\">Fleksibilni 85A filamenti izra\u0111eni su od <\/span><b>TPU-a <\/b><span style=\"font-weight: 400;\">i imaju svojstva <\/span><b>sli\u010dna gumi<\/b><span style=\"font-weight: 400;\">. To zna\u010di da je materijal ekstremno <\/span><b>fleksibilan <\/b><span style=\"font-weight: 400;\">, ali i vrlo <\/span><b>izdr\u017eljiv<\/b><span style=\"font-weight: 400;\">. Fleksibilni filamenti obi\u010dno se koriste za proizvodnju ku\u0107anskih aparata, igra\u010daka, ku\u0107i\u0161ta za telefone, narukvica, automobilskih dijelova i medicinskih potrep\u0161tina. Ako trebate ne\u0161to \u0161to bi se trebalo savijati, rastezati ili komprimirati, ovaj bi filament trebao biti spreman za taj zadatak.<\/span><\/p>\n<p><span style=\"font-weight: 400;\">Postoje <\/span><b>razli\u010dite vrste tvrdo\u0107e<\/b><span style=\"font-weight: 400;\"> kod fleksibilnih filamenata, ozna\u010dene brojevima od 0 do 100 i slovima od A do D. Materijal postaje \u010dvr\u0161\u0107i i tvr\u0111i kako se broj ili slovo pove\u0107ava. <\/span><b>85A shore<\/b><span style=\"font-weight: 400;\"> zna\u010di da je filament prili\u010dno tvrd i mo\u017ee se usporediti s tvrdo\u0107om pete cipele.\u00a0<\/span><\/p>\n<p><span style=\"font-weight: 400;\">S ekstruderom s izravnim pogonom mo\u017eete printati obje vrste fleksibilnih filamenata. Me\u0111utim, ako va\u0161 3D pisa\u010d ima Bowden cijev, morat \u0107ete izvr\u0161iti specifi\u010dno fino pode\u0161avanje. Bowden cijev kod pisa\u010da ima tendenciju da se zaglavi tijekom printanja savitljivih filamenata. Ako imate Bowden cijev, preporu\u010dujemo upotrebu 98A Shore fleksibilnog filamenta (malo tvr\u0111i od 85A Shore) za lak\u0161e printanje.<\/span><\/p>\n<p><b>Odricanje:<\/b><span style=\"font-weight: 400;\"> Ako \u010dujete pucanje filamenta tijekom 3D printanja, to zna\u010di da je filament vla\u017ean i treba ga osu\u0161iti za bolje rezultate. Upotrijebite su\u0161ilo za filament, primjerice <a href=\"https:\/\/azurefilm.com\/hr\/proizvod\/creality-filament-dry-box-2-0\/\" target=\"_blank\" rel=\"noopener\"><strong>Creality Dry Box<\/strong><\/a>.<\/span><\/p>\n<p>&nbsp;<\/p>\n<p><img decoding=\"async\" class=\"alignnone size-medium wp-image-17898\" src=\"https:\/\/azurefilm.com\/wp-content\/uploads\/2023\/10\/Flexible-filament-table.jpg\" alt=\" width=\" height=\"400\" title=\"\"><\/p>\n<h2><strong>Flexible filament 85A Transparent<\/strong><\/h2>\n<p>Po\u010dnite otkrivati svijet prozirnih 3D printeva s na\u0161im Flexible filamentom 85A Transparent.<\/p>\n<p><span style=\"font-weight: 400;\">Kako biste saznali vi\u0161e o fleksibilnim filamentima, pro\u010ditajte na\u0161 <a href=\"https:\/\/azurefilm.com\/hr\/2023\/08\/09\/flexible-filamenti\/\" target=\"_blank\" rel=\"noopener\"><strong>blog<\/strong><\/a>. <\/span><\/p>\n<p><span style=\"font-weight: 400;\">Ovdje mo\u017eete pristupiti <a href=\"https:\/\/azurefilm.com\/hr\/technical-data-sheets\/\" target=\"_blank\" rel=\"noopener\"><strong> tehni\u010dkim informacijama<\/strong><\/a>.<\/span><\/p>\n<h3><strong>Preporuke za printanje:<\/strong><\/h3>\n<ul>\n<li><span style=\"font-weight: 400;\">Za najbolje rezultate, printati na 220\u2013240\u00b0C. <\/span><\/li>\n<li><span style=\"font-weight: 400;\">Preporu\u010dena temperatura postolja za printanje je 80\u00b0C.<\/span><\/li>\n<li><b>Printati na maloj brzini od 10\u201330mm\/s.<\/b><\/li>\n<li><span style=\"font-weight: 400;\">Koristite stakleno postolje, PEI plo\u010du, kapton ili plavu traku za izradnu platformu s 3Dlac sprejem<\/span><i><span style=\"font-weight: 400;\">.<\/span><\/i><\/li>\n<\/ul>\n<p><i><span style=\"font-weight: 400;\">*Idealna temperatura mo\u017ee varirati ovisno o kori\u0161tenom pisa\u010du.<\/span><\/i><\/p>\n","protected":false},"excerpt":{"rendered":"<p>Po\u010dnite otkrivati svijet prozirnih 3D printeva s na\u0161im Flexible filamentom 85A Transparent.<\/p>\n","protected":false},"featured_media":11009,"comment_status":"closed","ping_status":"closed","template":"","meta":{"_acf_changed":false},"product_brand":[],"product_cat":[1507,375,383,377],"product_tag":[],"brand":[267],"class_list":{"0":"post-12785","1":"product","2":"type-product","3":"status-publish","4":"has-post-thumbnail","6":"product_cat-flexible-85a-hr","7":"product_cat-3d-filamenti-hr","8":"product_cat-flexible-filamenti-hr","9":"product_cat-svi-filamenti","10":"pa_colour-transparent","11":"pa_filament-diameter-1-75mm","12":"pa_filament-weight-650g","13":"brand-azurefilm","15":"first","16":"outofstock","17":"taxable","18":"shipping-taxable","19":"purchasable","20":"product-type-variable","21":"has-default-attributes"},"acf":[],"_links":{"self":[{"href":"https:\/\/azurefilm.com\/hr\/wp-json\/wp\/v2\/product\/12785","targetHints":{"allow":["GET"]}}],"collection":[{"href":"https:\/\/azurefilm.com\/hr\/wp-json\/wp\/v2\/product"}],"about":[{"href":"https:\/\/azurefilm.com\/hr\/wp-json\/wp\/v2\/types\/product"}],"replies":[{"embeddable":true,"href":"https:\/\/azurefilm.com\/hr\/wp-json\/wp\/v2\/comments?post=12785"}],"wp:featuredmedia":[{"embeddable":true,"href":"https:\/\/azurefilm.com\/hr\/wp-json\/wp\/v2\/media\/11009"}],"wp:attachment":[{"href":"https:\/\/azurefilm.com\/hr\/wp-json\/wp\/v2\/media?parent=12785"}],"wp:term":[{"taxonomy":"product_brand","embeddable":true,"href":"https:\/\/azurefilm.com\/hr\/wp-json\/wp\/v2\/product_brand?post=12785"},{"taxonomy":"product_cat","embeddable":true,"href":"https:\/\/azurefilm.com\/hr\/wp-json\/wp\/v2\/product_cat?post=12785"},{"taxonomy":"product_tag","embeddable":true,"href":"https:\/\/azurefilm.com\/hr\/wp-json\/wp\/v2\/product_tag?post=12785"},{"taxonomy":"brand","embeddable":true,"href":"https:\/\/azurefilm.com\/hr\/wp-json\/wp\/v2\/brand?post=12785"}],"curies":[{"name":"wp","href":"https:\/\/api.w.org\/{rel}","templated":true}]}}