
{"id":12787,"date":"2023-10-29T14:41:10","date_gmt":"2023-10-29T14:41:10","guid":{"rendered":"https:\/\/azurefilm.com\/product\/pva-filament\/"},"modified":"2026-03-16T08:56:26","modified_gmt":"2026-03-16T08:56:26","slug":"pva-filament","status":"publish","type":"product","link":"https:\/\/azurefilm.com\/hr\/proizvod\/pva-filament\/","title":{"rendered":"PVA filament"},"content":{"rendered":"<h2><b>PVA filamenti<\/b><\/h2>\n<p><span style=\"font-weight: 400;\">PVA (polivinil alkohol, eng. Polyvinyl Alcohol) je <\/span><b>topiv potporni filament<\/b><span style=\"font-weight: 400;\"> koji ima va\u017enu ulogu u 3D printanju. Prilikom printanja objekata ve\u0107ih, kosih kuteva, <\/span><b>potporni filamenti pru\u017eaju potporu i sprje\u010davaju lo\u0161e prevjese<\/b><span style=\"font-weight: 400;\">. PVA je popularan potporni filament koji se <\/span><b>u potpunosti otapa u vodi u roku od 24 sata<\/b><span style=\"font-weight: 400;\">, \u010dime isprintani predmet ostavlja netaknutim i bez o\u0161te\u0107enja. Ovaj materijal ima sli\u010dna svojstva printanja kao i PLA, \u0161to ih \u010dini dobrom kombinacijom.\u00a0<\/span><\/p>\n<p><span style=\"font-weight: 400;\">PVA se naj\u010de\u0161\u0107e koristi kod 3D pisa\u010da s <\/span><b>dvostrukim ekstruderom<\/b><span style=\"font-weight: 400;\">, gdje jedna glava printa osnovni materijal (npr. PLA, PETG ili ABS), dok druga printa PVA materijal kako bi pru\u017eio potporu pod svim ve\u0107im kutovima gdje bi ina\u010de bio osnovni materijal.\u00a0 <\/span><b>Nakon printanja umetnite proizvod u mlaku vodu i unutar 12-24 sata PVA materijal \u0107e se otopiti, ostavljaju\u0107i va\u0161 osnovni materijal i prekrasan proizvod.<\/b><\/p>\n<h2><strong>PVA filament<\/strong><\/h2>\n<p>Dopustite da se va\u0161i dizajni natope na\u0161im PVA filamentom \u0161to \u0107e vam omogu\u0107iti izvanredne rezultate.<\/p>\n<p><span style=\"font-weight: 400;\">Kako biste saznali vi\u0161e o potpornim filamentima, <a href=\"https:\/\/azurefilm.com\/hr\/3d-filamenti-hr\/support-filamenti-hr\/\">pro\u010ditajte vi\u0161e<\/a>.\u00a0<\/span><\/p>\n<p><span style=\"font-weight: 400;\">Ovdje mo\u017eete pristupiti<a href=\"https:\/\/azurefilm.com\/hr\/technical-data-sheets\/\" target=\"_blank\" rel=\"noopener\"><strong> tehni\u010dkim informacijama<\/strong><\/a>.<\/span><\/p>\n<h3><strong>Preporuke za printanje:<\/strong><\/h3>\n<ul>\n<li style=\"font-weight: 400;\" aria-level=\"1\"><span style=\"font-weight: 400;\">Za najbolje rezultate, printati na 190\u2013210\u00b0C. <\/span><\/li>\n<li style=\"font-weight: 400;\" aria-level=\"1\"><span style=\"font-weight: 400;\">Preporu\u010dena temperatura postolja za printanje je 50\u2013160\u00b0C.\u00a0<\/span><\/li>\n<li style=\"font-weight: 400;\" aria-level=\"1\"><span style=\"font-weight: 400;\">Koristite stakleno postolje, PEI plo\u010du, kapton ili plavu traku za izradnu platformu s 3Dlac sprejem.<\/span><\/li>\n<\/ul>\n<p><i><span style=\"font-weight: 400;\">*Idealna temperatura mo\u017ee varirati ovisno o kori\u0161tenom pisa\u010du.<\/span><\/i><\/p>\n","protected":false},"excerpt":{"rendered":"<p>Dopustite da se va\u0161i dizajni natope na\u0161im PVA filamentom \u0161to \u0107e vam omogu\u0107iti izvanredne rezultate.<\/p>\n","protected":false},"featured_media":449,"comment_status":"closed","ping_status":"closed","template":"","meta":{"_acf_changed":false},"product_brand":[],"product_cat":[375,444,443,377],"product_tag":[],"brand":[267],"class_list":{"0":"post-12787","1":"product","2":"type-product","3":"status-publish","4":"has-post-thumbnail","6":"product_cat-3d-filamenti-hr","7":"product_cat-pva-hr","8":"product_cat-support-filamenti-hr","9":"product_cat-svi-filamenti","10":"pa_colour-transparent","11":"pa_filament-diameter-1-75mm","12":"pa_filament-diameter-2-85mm","13":"pa_filament-weight-500g","14":"brand-azurefilm","16":"first","17":"instock","18":"taxable","19":"shipping-taxable","20":"purchasable","21":"product-type-variable"},"acf":[],"_links":{"self":[{"href":"https:\/\/azurefilm.com\/hr\/wp-json\/wp\/v2\/product\/12787","targetHints":{"allow":["GET"]}}],"collection":[{"href":"https:\/\/azurefilm.com\/hr\/wp-json\/wp\/v2\/product"}],"about":[{"href":"https:\/\/azurefilm.com\/hr\/wp-json\/wp\/v2\/types\/product"}],"replies":[{"embeddable":true,"href":"https:\/\/azurefilm.com\/hr\/wp-json\/wp\/v2\/comments?post=12787"}],"wp:featuredmedia":[{"embeddable":true,"href":"https:\/\/azurefilm.com\/hr\/wp-json\/wp\/v2\/media\/449"}],"wp:attachment":[{"href":"https:\/\/azurefilm.com\/hr\/wp-json\/wp\/v2\/media?parent=12787"}],"wp:term":[{"taxonomy":"product_brand","embeddable":true,"href":"https:\/\/azurefilm.com\/hr\/wp-json\/wp\/v2\/product_brand?post=12787"},{"taxonomy":"product_cat","embeddable":true,"href":"https:\/\/azurefilm.com\/hr\/wp-json\/wp\/v2\/product_cat?post=12787"},{"taxonomy":"product_tag","embeddable":true,"href":"https:\/\/azurefilm.com\/hr\/wp-json\/wp\/v2\/product_tag?post=12787"},{"taxonomy":"brand","embeddable":true,"href":"https:\/\/azurefilm.com\/hr\/wp-json\/wp\/v2\/brand?post=12787"}],"curies":[{"name":"wp","href":"https:\/\/api.w.org\/{rel}","templated":true}]}}