
{"id":13211,"date":"2023-10-29T14:42:40","date_gmt":"2023-10-29T14:42:40","guid":{"rendered":"https:\/\/azurefilm.com\/product\/bambu-lab-ams-hub\/"},"modified":"2025-08-20T06:28:01","modified_gmt":"2025-08-20T06:28:01","slug":"bambu-lab-ams-hub","status":"publish","type":"product","link":"https:\/\/azurefilm.com\/hr\/proizvod\/bambu-lab-ams-hub\/","title":{"rendered":"Bambu Lab AMS Hub"},"content":{"rendered":"<h2>Pro\u0161irite svoje AMS mogu\u0107nosti<\/h2>\n<p><span style=\"font-weight: 400;\">Uz AMS Hub, svoju AMS povezanost mo\u017eete podi\u0107i na vi\u0161u razinu. Omogu\u0107uje vam spajanje do \u010detiri AMS jedinice (16 kanala) na va\u0161e pisa\u010de serije Bambu X1 ili P1 kako biste pobolj\u0161ali brzinu punjenja dovoda i podr\u017eali redundantnost me\u0111uspremnika signala.<\/span><\/p>\n<h2>Instalacija bez problema<\/h2>\n<p><span style=\"font-weight: 400;\">Postavite AMS Hub na stra\u017enju stranu va\u0161eg pisa\u010da, odnosno zamijenite me\u0111uspremnik filamenta ako postoji. Spojite ga na pisa\u010d pomo\u0107u Bambu 4-pinskog kabela i koristite Bambu 6-pinski kabel za povezivanje s prvom AMS jedinicom. Nastavite spajati dodatne AMS jedinice u seriju pomo\u0107u 6-pinskog kabela.<\/span><\/p>\n<p><span style=\"font-weight: 400;\">Pove\u0107ajte protok zraka i smanjite otpor na najmanju mogu\u0107u mjeru pri\u010dvr\u0161\u0107ivanjem AMS Huba na konektor zra\u010dne cijevi na stra\u017enjoj strani pisa\u010da pomo\u0107u prilo\u017eene PTFE cijevi. Odaberite odgovaraju\u0107u duljinu cijevi, neka bude \u0161to kra\u0107a, te izbjegavajte namotavanje kako biste osigurali nesmetan rad.<\/span><\/p>\n","protected":false},"excerpt":{"rendered":"<p><span style=\"font-weight: 400;\">Otklju\u010dajte puni potencijal svojih 3D pisa\u010da serije Bambu X1 ili P1 s Bambu Lab AMS Hubom, dodatkom koji mijenja igru, dizajniranim za <strong>pro\u0161irenje va\u0161ih AMS opcija i printanje s do 16 boja u isto vrijeme<\/strong>!\u00a0 <\/span><\/p>\n","protected":false},"featured_media":11545,"comment_status":"closed","ping_status":"closed","template":"","meta":{"_acf_changed":false},"product_brand":[],"product_cat":[512,482,483],"product_tag":[],"brand":[],"class_list":{"0":"post-13211","1":"product","2":"type-product","3":"status-publish","4":"has-post-thumbnail","6":"product_cat-drugi-proizvodi","7":"product_cat-rezervni-dijelovi","8":"product_cat-svi-rezervni-dijelovi","9":"pa_compatible-with-bambulab-fdm-3d-printers","10":"pa_fits-printer-all-bambu-lab-x1-series-p1-series","12":"first","13":"instock","14":"taxable","15":"shipping-taxable","16":"purchasable","17":"product-type-simple"},"acf":[],"_links":{"self":[{"href":"https:\/\/azurefilm.com\/hr\/wp-json\/wp\/v2\/product\/13211","targetHints":{"allow":["GET"]}}],"collection":[{"href":"https:\/\/azurefilm.com\/hr\/wp-json\/wp\/v2\/product"}],"about":[{"href":"https:\/\/azurefilm.com\/hr\/wp-json\/wp\/v2\/types\/product"}],"replies":[{"embeddable":true,"href":"https:\/\/azurefilm.com\/hr\/wp-json\/wp\/v2\/comments?post=13211"}],"wp:featuredmedia":[{"embeddable":true,"href":"https:\/\/azurefilm.com\/hr\/wp-json\/wp\/v2\/media\/11545"}],"wp:attachment":[{"href":"https:\/\/azurefilm.com\/hr\/wp-json\/wp\/v2\/media?parent=13211"}],"wp:term":[{"taxonomy":"product_brand","embeddable":true,"href":"https:\/\/azurefilm.com\/hr\/wp-json\/wp\/v2\/product_brand?post=13211"},{"taxonomy":"product_cat","embeddable":true,"href":"https:\/\/azurefilm.com\/hr\/wp-json\/wp\/v2\/product_cat?post=13211"},{"taxonomy":"product_tag","embeddable":true,"href":"https:\/\/azurefilm.com\/hr\/wp-json\/wp\/v2\/product_tag?post=13211"},{"taxonomy":"brand","embeddable":true,"href":"https:\/\/azurefilm.com\/hr\/wp-json\/wp\/v2\/brand?post=13211"}],"curies":[{"name":"wp","href":"https:\/\/api.w.org\/{rel}","templated":true}]}}