
{"id":13222,"date":"2023-10-29T14:43:41","date_gmt":"2023-10-29T14:43:41","guid":{"rendered":"https:\/\/azurefilm.com\/product\/refill-pla-filament-silver\/"},"modified":"2026-03-23T11:00:19","modified_gmt":"2026-03-23T11:00:19","slug":"refill-pla-filament-silver","status":"publish","type":"product","link":"https:\/\/azurefilm.com\/hr\/proizvod\/refill-pla-filament-silver\/","title":{"rendered":"Refill PLA filament Silver"},"content":{"rendered":"<h2><b>Refill PLA<\/b><\/h2>\n<p><span style=\"font-weight: 400;\">Refill PLA filamenti imaju potpuno ista svojstva kao i na\u0161 PLA Original. Ti su filamenti <\/span><b>ekolo\u0161ki prihvatljiv izbor <\/b><span style=\"font-weight: 400;\">koju nudi pouzdane performanse i dosljedne rezultate. Nadalje, na\u0161i Refill PLA filamenti su <\/span><b>jednostavni za printanje i izvrsni za po\u010detnike<\/b><span style=\"font-weight: 400;\">.\u00a0<\/span><\/p>\n<h3><strong>\u0160to je novo?<\/strong><\/h3>\n<ul>\n<li><span style=\"font-weight: 400;\">Uklonili smo plasti\u010dne zatvara\u010de i zamijenili ih boljom opcijom kako bismo olak\u0161ali raspakiranje<\/span><span style=\"font-weight: 400;\">.<\/span><\/li>\n<li><span style=\"font-weight: 400;\">Rep filamenta sada je potpuno ravan. To sprje\u010dava zaglavljenje u \u0161puli i uni\u0161tavanje va\u0161eg printa kada filament nestane<\/span><span style=\"font-weight: 400;\">.<\/span><\/li>\n<li><b>Savr\u0161ena kompatibilnost s AzureFilm i Bambu Lab \u0161pulama<\/b><b>.<\/b><\/li>\n<\/ul>\n<h3><strong>Preporuke za printanje:<\/strong><\/h3>\n<ul>\n<li style=\"font-weight: 400;\" aria-level=\"1\"><span style=\"font-weight: 400;\">Za najbolje rezultate printati na temperaturi od<\/span><span style=\"font-weight: 400;\"> 200\u2013230\u00b0.*\u00a0<\/span><\/li>\n<li style=\"font-weight: 400;\" aria-level=\"1\"><span style=\"font-weight: 400;\">Me\u0111utim, ne trebate grijano postolje, preporu\u010dujemo da prethodno zagrijete svoje ispisno postolje na <\/span><span style=\"font-weight: 400;\">50\u201360\u00b0C.<\/span><\/li>\n<li style=\"font-weight: 400;\" aria-level=\"1\"><span style=\"font-weight: 400;\">Koristite staklenu podlogu, PEI foliju, kapton ili plavu traku za izradnu platformu s 3Dlac sprejom<\/span><span style=\"font-weight: 400;\">.<\/span><\/li>\n<\/ul>\n<p><i><span style=\"font-weight: 400;\">*Idealna temperatura mo\u017ee varirati ovisno o kori\u0161tenom pisa\u010du.<\/span><\/i><\/p>\n<p><img loading=\"lazy\" decoding=\"async\" class=\"aligncenter wp-image-35906 size-full\" src=\"https:\/\/azurefilm.com\/wp-content\/uploads\/2023\/10\/PLA_Skupinske.jpg\" alt=\"\" width=\"2560\" height=\"960\" title=\"\"><\/p>\n<div class=\"is-divider divider clearfix\" style=\"max-width:100%;height:1px;background-color:rgb(17, 107, 168);\"><\/div>\n<p><span style=\"font-weight: 400;\">Na\u0161i Refill PLA filamenti su savr\u0161eno kompatibilni s <a href=\"https:\/\/azurefilm.com\/hr\/proizvod\/master_spool_1gratis\/\" target=\"_blank\" rel=\"noopener\"><strong>AzureFilm Master Spool<\/strong><\/a> \u2013 <\/span><b>jedinom \u0161pulom koja \u0107e vam ikada trebati<\/b><span style=\"font-weight: 400;\">. <\/span><span style=\"font-weight: 400;\">Kori\u0161tenjem ove vi\u0161ekratne \u0161pule mo\u017eete nam se pridru\u017eiti u smanjenju otpada i smanjenju utjecaja na okoli\u0161.<\/span><\/p>\n<p><span style=\"font-weight: 400;\">AzureFilm Master Spool je na\u0161a <\/span><b>vi\u0161ekratna \u0161pula<\/b><span style=\"font-weight: 400;\">, koja omogu\u0107uje <\/span><b>odr\u017eivo i isplativo <\/b><span style=\"font-weight: 400;\">rje\u0161enje za 3D printanje. \u0160pula ima <\/span><b>set od dva vi\u0161ekratna diska lijevana brizganjem.<\/b><span style=\"font-weight: 400;\"> To osigurava visoku izdr\u017eljivost i preciznost \u0161pule.<\/span><\/p>\n<p><span style=\"font-weight: 400;\">Kupnjom i ponovnim kori\u0161tenjem na\u0161e Master Spool pridonosite \u010di\u0161\u0107em okoli\u0161u dok u\u017eivate u pouzdanom proizvodu koji je jednostavan za kori\u0161tenje i kompatibilan s ve\u0107inom 3D pisa\u010da<\/span><span style=\"font-weight: 400;\">.<\/span><\/p>\n<div style=\"padding: 56.25% 0 0 0; position: relative;\"><iframe style=\"position: absolute; top: 0; left: 0; width: 100%; height: 100%;\" title=\"AzureFilm Master Spool\" src=\"https:\/\/player.vimeo.com\/video\/954356184?badge=0&amp;autopause=0&amp;player_id=0&amp;app_id=58479\" frameborder=\"0\"><\/iframe><\/div>\n<p><script src=\"https:\/\/player.vimeo.com\/api\/player.js\"><\/script><\/p>\n<div class=\"is-divider divider clearfix\" style=\"max-width:100%;height:1px;background-color:rgb(17, 107, 168);\"><\/div>\n<h2><strong>Zna\u010dajke i svojstva<\/strong><\/h2>\n<table>\n<thead>\n<tr>\n<th><b>Zna\u010dajka<\/b><\/th>\n<th><b>Vrijednost<\/b><\/th>\n<\/tr>\n<tr>\n<td><span style=\"font-weight: 400;\">\u00a0Fleksibilnost<\/span><\/td>\n<td><span style=\"font-weight: 400;\">Niska<\/span><\/td>\n<\/tr>\n<tr>\n<td><span style=\"font-weight: 400;\">\u00a0\u010cvrsto\u0107a<\/span><\/td>\n<td><span style=\"font-weight: 400;\">Srednja<\/span><\/td>\n<\/tr>\n<tr>\n<td><span style=\"font-weight: 400;\">\u00a0Trajnost<\/span><\/td>\n<td><span style=\"font-weight: 400;\">Srednja<\/span><\/td>\n<\/tr>\n<tr>\n<td><span style=\"font-weight: 400;\">\u00a0Pote\u0161ko\u0107e s kori\u0161tenjem<\/span><\/td>\n<td><span style=\"font-weight: 400;\">Niske<\/span><\/td>\n<\/tr>\n<tr>\n<td><span style=\"font-weight: 400;\">\u00a0Skupljanje\/savijanje<\/span><\/td>\n<td><span style=\"font-weight: 400;\">Minimalno<\/span><\/td>\n<\/tr>\n<tr>\n<td><span style=\"font-weight: 400;\">\u00a0Topiv<\/span><\/td>\n<td><span style=\"font-weight: 400;\">Ne<\/span><\/td>\n<\/tr>\n<tr>\n<td><span style=\"font-weight: 400;\">\u00a0Dostupni promjer<\/span><\/td>\n<td><span style=\"font-weight: 400;\">1.75mm<\/span><\/td>\n<\/tr>\n<tr>\n<td><span style=\"font-weight: 400;\">\u00a0Proizvo\u0111a\u010d<\/span><\/td>\n<td><span style=\"font-weight: 400;\">AzureFilm<\/span><\/td>\n<\/tr>\n<\/thead>\n<\/table>\n<p><span style=\"font-weight: 400;\">Kako biste saznali vi\u0161e o PLA filamentima, pro\u010ditajte na\u0161 <a href=\"https:\/\/azurefilm.com\/hr\/2023\/07\/04\/pla-filamenti\/\" target=\"_blank\" rel=\"noopener\">blog<\/a>.\u00a0<\/span><\/p>\n<p><span style=\"font-weight: 400;\">Ovdje mo\u017eete pristupiti <a href=\"https:\/\/azurefilm.com\/hr\/technical-data-sheets\/\"> tehni\u010dkim informacijama<\/a>.<\/span><\/p>\n<p>&nbsp;<\/p>\n","protected":false},"excerpt":{"rendered":"<p><span style=\"font-weight: 400;\">Postignite srebrnu \u010daroliju uz Refill PLA filament Silver.<\/span><\/p>\n","protected":false},"featured_media":114885,"comment_status":"closed","ping_status":"closed","template":"","meta":{"_acf_changed":false},"product_brand":[],"product_cat":[803,375,402,406,414,377],"product_tag":[1525],"brand":[],"class_list":{"0":"post-13222","1":"product","2":"type-product","3":"status-publish","4":"has-post-thumbnail","6":"product_cat-refill-pla-original-hr","7":"product_cat-3d-filamenti-hr","8":"product_cat-pla-filamenti-hr","9":"product_cat-pla-original-hr","10":"product_cat-refill-filamenti-hr","11":"product_cat-svi-filamenti","12":"product_tag-eko-hr","13":"pa_colour-gray","14":"pa_filament-diameter-1-75mm","15":"pa_filament-weight-1000g","17":"first","18":"instock","19":"taxable","20":"shipping-taxable","21":"purchasable","22":"product-type-variable","23":"has-default-attributes"},"acf":[],"_links":{"self":[{"href":"https:\/\/azurefilm.com\/hr\/wp-json\/wp\/v2\/product\/13222","targetHints":{"allow":["GET"]}}],"collection":[{"href":"https:\/\/azurefilm.com\/hr\/wp-json\/wp\/v2\/product"}],"about":[{"href":"https:\/\/azurefilm.com\/hr\/wp-json\/wp\/v2\/types\/product"}],"replies":[{"embeddable":true,"href":"https:\/\/azurefilm.com\/hr\/wp-json\/wp\/v2\/comments?post=13222"}],"wp:featuredmedia":[{"embeddable":true,"href":"https:\/\/azurefilm.com\/hr\/wp-json\/wp\/v2\/media\/114885"}],"wp:attachment":[{"href":"https:\/\/azurefilm.com\/hr\/wp-json\/wp\/v2\/media?parent=13222"}],"wp:term":[{"taxonomy":"product_brand","embeddable":true,"href":"https:\/\/azurefilm.com\/hr\/wp-json\/wp\/v2\/product_brand?post=13222"},{"taxonomy":"product_cat","embeddable":true,"href":"https:\/\/azurefilm.com\/hr\/wp-json\/wp\/v2\/product_cat?post=13222"},{"taxonomy":"product_tag","embeddable":true,"href":"https:\/\/azurefilm.com\/hr\/wp-json\/wp\/v2\/product_tag?post=13222"},{"taxonomy":"brand","embeddable":true,"href":"https:\/\/azurefilm.com\/hr\/wp-json\/wp\/v2\/brand?post=13222"}],"curies":[{"name":"wp","href":"https:\/\/api.w.org\/{rel}","templated":true}]}}