
{"id":13240,"date":"2023-10-29T14:44:31","date_gmt":"2023-10-29T14:44:31","guid":{"rendered":"https:\/\/azurefilm.com\/?post_type=product&#038;p=13240"},"modified":"2024-10-08T06:41:06","modified_gmt":"2024-10-08T06:41:06","slug":"bambu-visokotemperaturna-ploca-glatki-pei","status":"publish","type":"product","link":"https:\/\/azurefilm.com\/hr\/proizvod\/bambu-visokotemperaturna-ploca-glatki-pei\/","title":{"rendered":"Bambu visokotemperaturna plo\u010da (glatki PEI)"},"content":{"rendered":"<p>Bambu visokotemperaturna plo\u010da i Bambu in\u017eenjerska plo\u010da: 2 u 1 plo\u010da za razli\u010dite upotrebe 3D printanja.<\/p>\n<h2>Dvostruka funkcionalnost<\/h2>\n<p>Ova plo\u010da kombinira dvije razli\u010dite izradne plo\u010de u jednu. S jedne strane imate Bambu visokotemperaturnu plo\u010du, dok se s druge strane nalazi Bambu in\u017eenjerska plo\u010da.<\/p>\n<h2>Bambu visokotemperaturna plo\u010da<\/h2>\n<h3>Prednosti<\/h3>\n<ul>\n<li>Ova je plo\u010da prikladna za ve\u0107inu filamenata za 3D printanje.<\/li>\n<li>Odli\u010dno funkcionira s automatskom kalibracijom za brzinu protoka i ne ometa LIDAR.<\/li>\n<li>Glatka tekstura na povr\u0161ini daje va\u0161im printevima elegantan prvi sloj.<\/li>\n<li>Ova plo\u010da nudi vrhunsko prianjanje i jednostavno uklanjanje modela.<\/li>\n<li>Jednostavna je za kori\u0161tenje i korisnik ju mo\u017ee sam zamijeniti.<\/li>\n<\/ul>\n<h3>Razmatranja<\/h3>\n<ul>\n<li>Ova plo\u010da zahtjeva grijanu izradnu povr\u0161inu.<\/li>\n<li>Malo je osjetljivija od Bambu in\u017eenjerske plo\u010de ili teksturirane PEI plo\u010de.<\/li>\n<\/ul>\n<h2>Bambu in\u017eenjerska plo\u010da<\/h2>\n<h3>Prednosti<\/h3>\n<ul>\n<li>Ova je plo\u010da dizajnirana za kori\u0161tenje tehni\u010dkih filamenata poput Flexible (TPU), PETG, PET-CF, ABS, PC, PA i drugih.<\/li>\n<li>Ima premaz koji poma\u017ee pri prianjanju prvog sloja kod printanja s visokotemperaturnim ili fleksibilnim materijalima.<\/li>\n<\/ul>\n<h2>Postavljanje<\/h2>\n<p>Postavljanje ove plo\u010de je jednostavno i zahtijeva svega par sekundi.<\/p>\n<p>1. korak: poravnajte plo\u010du s fiksnim to\u010dkama platforme tako da naziv plo\u010de bude okrenut prema vama.<\/p>\n<p>2. korak: spustite plo\u010du i pri\u010dvrstite ju za magnetnu platformu.<\/p>\n<p><img decoding=\"async\" class=\"alignnone size-medium wp-image-32441\" src=\"https:\/\/azurefilm.com\/wp-content\/uploads\/2023\/10\/Instalation-1-Enhanced-SR.jpg\" alt=\" width=\" height=\"400\" title=\"\"> <img decoding=\"async\" class=\"alignnone size-medium wp-image-32445\" src=\"https:\/\/azurefilm.com\/wp-content\/uploads\/2023\/10\/Instalation-2-Enhanced-SR.jpg\" alt=\" width=\" height=\"400\" title=\"\"><\/p>\n","protected":false},"excerpt":{"rendered":"<p><span style=\"font-weight: 400;\">Bambu visokotemperaturna plo\u010da pravi je izbor za odli\u010dno prianjanje i jednostavno uklanjanje 3D printeva.<\/span><\/p>\n","protected":false},"featured_media":11782,"comment_status":"closed","ping_status":"closed","template":"","meta":{"_acf_changed":false},"product_brand":[],"product_cat":[808,491,482,483],"product_tag":[],"brand":[],"class_list":{"0":"post-13240","1":"product","2":"type-product","3":"status-publish","4":"has-post-thumbnail","6":"product_cat-izradne-povrsine-hr","7":"product_cat-pei-ploce","8":"product_cat-rezervni-dijelovi","9":"product_cat-svi-rezervni-dijelovi","10":"pa_compatible-with-bambulab-fdm-3d-printers","11":"pa_fits-printer-all-bambu-lab-x1-series-p1-series","13":"first","14":"outofstock","15":"taxable","16":"shipping-taxable","17":"purchasable","18":"product-type-simple"},"acf":[],"_links":{"self":[{"href":"https:\/\/azurefilm.com\/hr\/wp-json\/wp\/v2\/product\/13240","targetHints":{"allow":["GET"]}}],"collection":[{"href":"https:\/\/azurefilm.com\/hr\/wp-json\/wp\/v2\/product"}],"about":[{"href":"https:\/\/azurefilm.com\/hr\/wp-json\/wp\/v2\/types\/product"}],"replies":[{"embeddable":true,"href":"https:\/\/azurefilm.com\/hr\/wp-json\/wp\/v2\/comments?post=13240"}],"wp:featuredmedia":[{"embeddable":true,"href":"https:\/\/azurefilm.com\/hr\/wp-json\/wp\/v2\/media\/11782"}],"wp:attachment":[{"href":"https:\/\/azurefilm.com\/hr\/wp-json\/wp\/v2\/media?parent=13240"}],"wp:term":[{"taxonomy":"product_brand","embeddable":true,"href":"https:\/\/azurefilm.com\/hr\/wp-json\/wp\/v2\/product_brand?post=13240"},{"taxonomy":"product_cat","embeddable":true,"href":"https:\/\/azurefilm.com\/hr\/wp-json\/wp\/v2\/product_cat?post=13240"},{"taxonomy":"product_tag","embeddable":true,"href":"https:\/\/azurefilm.com\/hr\/wp-json\/wp\/v2\/product_tag?post=13240"},{"taxonomy":"brand","embeddable":true,"href":"https:\/\/azurefilm.com\/hr\/wp-json\/wp\/v2\/brand?post=13240"}],"curies":[{"name":"wp","href":"https:\/\/api.w.org\/{rel}","templated":true}]}}