
{"id":13241,"date":"2023-10-29T14:44:31","date_gmt":"2023-10-29T14:44:31","guid":{"rendered":"https:\/\/azurefilm.com\/?post_type=product&#038;p=13241"},"modified":"2025-11-19T10:47:52","modified_gmt":"2025-11-19T10:47:52","slug":"bambu-teksturirana-pei-ploca","status":"publish","type":"product","link":"https:\/\/azurefilm.com\/hr\/proizvod\/bambu-teksturirana-pei-ploca\/","title":{"rendered":"Bambu teksturirana PEI plo\u010da"},"content":{"rendered":"<h2>Bambu teksturirana PEI plo\u010da<\/h2>\n<p>Postignite odli\u010dno prianjanje i jednostavno uklanjanje modela koje vam omogu\u0107uje Bambu teksturirana PEI plo\u010da. Ova je plo\u010da dizajnirana za pru\u017eanje vrhunskog iskustva 3D printanja uz zanimljivu teksturu prvog sloja.<\/p>\n<h3>Prednosti<\/h3>\n<ul>\n<li>Odli\u010dno prianjanje prvog sloja<\/li>\n<li>Pobolj\u0161ana izdr\u017eljivost<\/li>\n<li>Kompatibilna s raznim filamentima poput PLA, TPU, PETG, ABS i najlona.<\/li>\n<\/ul>\n<h2>Zna\u010dajka samootpu\u0161tanja<\/h2>\n<p>PEI je poznat po svojoj otpornosti na temperaturne fluktuacije. Osigurava jednostavno uklanjanje modela nakon \u0161to se grija\u010d ohladi. Pri\u010dekajte da temperatura dosegne 35\u00b0C ili ni\u017eu; ako se model i dalje dr\u017ei, lagano savijte \u010deli\u010dnu plo\u010du i va\u0161 \u0107e se model bez problema osloboditi.<\/p>\n<h2>Pouzdano magnetno prianjanje<\/h2>\n<p>Bambu teksturirana PEI plo\u010da ima plo\u010du od nehr\u0111aju\u0107eg \u010delika debljine 0.5mm i nudi pobolj\u0161anu magnetnu adheziju. Ova zna\u010dajka sprje\u010dava savijanje i osigurava stabilnu kvalitetu printa. Va\u0161i po\u010detni slojevi printa dobro \u0107e prianjati, \u010dak i kada se radi o ve\u0107im modelima ili materijalima koji su skloni deformaciji, kao \u0161to je ABS, PC i najlon.<\/p>\n<h2>Jedinstvena teksturirana povr\u0161ina<\/h2>\n<p>Preciznim postupkom nano\u0161enja praha, Bambu teksturirana PEI plo\u010da pru\u017ea prepoznatljivu teksturiranu povr\u0161inu za va\u0161e printeve \u0161to dodaje dozu karaktera va\u0161im kreacijama.<\/p>\n<h2>Postavljanje<\/h2>\n<p>Postavljanje ove plo\u010de je jednostavno i zahtijeva svega par sekundi.<\/p>\n<p>1. korak: poravnajte plo\u010du s fiksnim to\u010dkama platforme tako da naziv plo\u010de bude okrenut prema vama.<\/p>\n<p>2. korak: spustite plo\u010du i pri\u010dvrstite ju za magnetnu platformu.<\/p>\n<p><img decoding=\"async\" class=\"alignnone size-medium wp-image-32465\" src=\"https:\/\/azurefilm.com\/wp-content\/uploads\/2023\/10\/step-1.jpg\" alt=\" width=\" height=\"400\" title=\"\"> <img decoding=\"async\" class=\"alignnone size-medium wp-image-32469\" src=\"https:\/\/azurefilm.com\/wp-content\/uploads\/2023\/10\/step-2.jpg\" alt=\" width=\" height=\"400\" title=\"\"><\/p>\n","protected":false},"excerpt":{"rendered":"<p><span style=\"font-weight: 400;\">Rije\u0161ite se problema vezanih uz savijanje i pobolj\u0161ajte kvalitetu printanja kori\u0161tenjem prepoznatljive teksturirane povr\u0161ine kakvu ima Bambu teksturirana PEI plo\u010da.<\/span><\/p>\n","protected":false},"featured_media":11803,"comment_status":"closed","ping_status":"closed","template":"","meta":{"_acf_changed":false},"product_brand":[],"product_cat":[808,491,482,483],"product_tag":[],"brand":[],"class_list":{"0":"post-13241","1":"product","2":"type-product","3":"status-publish","4":"has-post-thumbnail","6":"product_cat-izradne-povrsine-hr","7":"product_cat-pei-ploce","8":"product_cat-rezervni-dijelovi","9":"product_cat-svi-rezervni-dijelovi","10":"pa_compatible-with-bambulab-fdm-3d-printers","11":"pa_fits-printer-all-bambu-lab-x1-series-p1-series","13":"first","14":"instock","15":"taxable","16":"shipping-taxable","17":"purchasable","18":"product-type-simple"},"acf":[],"_links":{"self":[{"href":"https:\/\/azurefilm.com\/hr\/wp-json\/wp\/v2\/product\/13241","targetHints":{"allow":["GET"]}}],"collection":[{"href":"https:\/\/azurefilm.com\/hr\/wp-json\/wp\/v2\/product"}],"about":[{"href":"https:\/\/azurefilm.com\/hr\/wp-json\/wp\/v2\/types\/product"}],"replies":[{"embeddable":true,"href":"https:\/\/azurefilm.com\/hr\/wp-json\/wp\/v2\/comments?post=13241"}],"wp:featuredmedia":[{"embeddable":true,"href":"https:\/\/azurefilm.com\/hr\/wp-json\/wp\/v2\/media\/11803"}],"wp:attachment":[{"href":"https:\/\/azurefilm.com\/hr\/wp-json\/wp\/v2\/media?parent=13241"}],"wp:term":[{"taxonomy":"product_brand","embeddable":true,"href":"https:\/\/azurefilm.com\/hr\/wp-json\/wp\/v2\/product_brand?post=13241"},{"taxonomy":"product_cat","embeddable":true,"href":"https:\/\/azurefilm.com\/hr\/wp-json\/wp\/v2\/product_cat?post=13241"},{"taxonomy":"product_tag","embeddable":true,"href":"https:\/\/azurefilm.com\/hr\/wp-json\/wp\/v2\/product_tag?post=13241"},{"taxonomy":"brand","embeddable":true,"href":"https:\/\/azurefilm.com\/hr\/wp-json\/wp\/v2\/brand?post=13241"}],"curies":[{"name":"wp","href":"https:\/\/api.w.org\/{rel}","templated":true}]}}