
{"id":13242,"date":"2023-10-29T14:44:31","date_gmt":"2023-10-29T14:44:31","guid":{"rendered":"https:\/\/azurefilm.com\/?post_type=product&#038;p=13242"},"modified":"2026-03-26T16:42:26","modified_gmt":"2026-03-26T16:42:26","slug":"bambu-hotend-s-mlaznicom","status":"publish","type":"product","link":"https:\/\/azurefilm.com\/hr\/proizvod\/bambu-hotend-s-mlaznicom\/","title":{"rendered":"Bambu hotend s mlaznicom"},"content":{"rendered":"<p>Odaberite Bambu hotend s mlaznicom za pobolj\u0161anje performansi svog 3D pisa\u010da. Dostupne su 4 veli\u010dine. Mo\u017eete odabrati \u017eeljenu opciju u odjeljku varijacije.<\/p>\n<p><strong>Mlaznica od kaljenog \u010delika 0.2mm<\/strong> optimalna je za finese printanja. Mali promjer istiskuje vrlo tanko \u0161to omogu\u0107uje printanje visoke rezolucije na vodoravnoj povr\u0161ini za printanje.<\/p>\n<p><strong>Mlaznica od kaljenog \u010delika 0.4mm<\/strong> nudi izvrsnu ravnote\u017eu izme\u0111u kvalitete printanja i brzine, \u0161to je \u010dini idealnom za \u0161irok raspon materijala.<\/p>\n<p><strong>Mlaznica od kaljenog \u010delika 0.6mm<\/strong> savr\u0161ena je za abrazivne materijale koji tako\u0111er mogu za\u010depiti mlaznicu kao \u0161to su PLA Wood, PLA Glitter ili karbonskih vlakana.<\/p>\n<p><strong>Mlaznica od kaljenog \u010delika 0.8mm<\/strong> omogu\u0107uje ve\u0107u brzinu printanja jer ve\u0107i promjer omogu\u0107uje vi\u0161e ekstrudiranog materijala u sekundi.<\/p>\n<h2>Bambu hotend sa zamjenskom mlaznicom od kaljenog \u010delika<\/h2>\n<p>Ako morate zamijeniti svoju mlaznicu,<a href=\"https:\/\/wiki.bambulab.com\/en\/x1\/maintenance\/replace-hotend\" target=\"_blank\" rel=\"noopener\"><strong> slijedite Bambu Lab upute<\/strong><\/a>. Tako\u0111er mo\u017eete pogledati ni\u017ee naveden videozapis i slijediti upute korak po korak.<\/p>\n<h2>Tehni\u010dke specifikacije<\/h2>\n<h3>Sadr\u017eaj paketa:<\/h3>\n<ul>\n<li>Hotend s mlaznicom<\/li>\n<li>Silikonska \u010darapa<\/li>\n<li>Termalna mast<\/li>\n<li>M3-14 stepenasti vijci<\/li>\n<\/ul>\n","protected":false},"excerpt":{"rendered":"<p><span style=\"font-weight: 400;\">Pobolj\u0161ajte i redefinirajte svoje printeve uz Bambu hotend s mlaznicom. Kompatibilan sa svim Bambu Lab X1 i P1 serijama.<\/span><\/p>\n","protected":false},"featured_media":11812,"comment_status":"closed","ping_status":"closed","template":"","meta":{"_acf_changed":false},"product_brand":[],"product_cat":[497,496,495,504,509,498,510,482,483],"product_tag":[],"brand":[268],"class_list":{"0":"post-13242","1":"product","2":"type-product","3":"status-publish","4":"has-post-thumbnail","6":"product_cat-djelovi-ekstrudera","7":"product_cat-ekstruder-hr","8":"product_cat-ekstruderi","9":"product_cat-hotendovi","10":"product_cat-mlaznice","11":"product_cat-nadogradnje-ekstrudera","12":"product_cat-otvrdnute-i-mlaznice-otporne-na-abraziju","13":"product_cat-rezervni-dijelovi","14":"product_cat-svi-rezervni-dijelovi","15":"pa_compatible-with-bambulab-fdm-3d-printers","16":"pa_fits-printer-all-bambu-lab-x1-series-p1-series","17":"pa_nozzle-diameter-0-2mm","18":"pa_nozzle-diameter-0-4mm","19":"pa_nozzle-diameter-0-6mm","20":"pa_nozzle-diameter-0-8mm","21":"pa_nozzle-material-hardened-steel","22":"pa_nozzle-material-stainless-steel","23":"brand-bambu-lab","25":"first","26":"instock","27":"taxable","28":"shipping-taxable","29":"purchasable","30":"product-type-variable"},"acf":[],"_links":{"self":[{"href":"https:\/\/azurefilm.com\/hr\/wp-json\/wp\/v2\/product\/13242","targetHints":{"allow":["GET"]}}],"collection":[{"href":"https:\/\/azurefilm.com\/hr\/wp-json\/wp\/v2\/product"}],"about":[{"href":"https:\/\/azurefilm.com\/hr\/wp-json\/wp\/v2\/types\/product"}],"replies":[{"embeddable":true,"href":"https:\/\/azurefilm.com\/hr\/wp-json\/wp\/v2\/comments?post=13242"}],"wp:featuredmedia":[{"embeddable":true,"href":"https:\/\/azurefilm.com\/hr\/wp-json\/wp\/v2\/media\/11812"}],"wp:attachment":[{"href":"https:\/\/azurefilm.com\/hr\/wp-json\/wp\/v2\/media?parent=13242"}],"wp:term":[{"taxonomy":"product_brand","embeddable":true,"href":"https:\/\/azurefilm.com\/hr\/wp-json\/wp\/v2\/product_brand?post=13242"},{"taxonomy":"product_cat","embeddable":true,"href":"https:\/\/azurefilm.com\/hr\/wp-json\/wp\/v2\/product_cat?post=13242"},{"taxonomy":"product_tag","embeddable":true,"href":"https:\/\/azurefilm.com\/hr\/wp-json\/wp\/v2\/product_tag?post=13242"},{"taxonomy":"brand","embeddable":true,"href":"https:\/\/azurefilm.com\/hr\/wp-json\/wp\/v2\/brand?post=13242"}],"curies":[{"name":"wp","href":"https:\/\/api.w.org\/{rel}","templated":true}]}}