
{"id":13247,"date":"2023-10-29T14:44:31","date_gmt":"2023-10-29T14:44:31","guid":{"rendered":"https:\/\/azurefilm.com\/?post_type=product&#038;p=13247"},"modified":"2026-02-18T08:50:14","modified_gmt":"2026-02-18T08:50:14","slug":"bambu-kompletan-hotend-sklop","status":"publish","type":"product","link":"https:\/\/azurefilm.com\/hr\/proizvod\/bambu-kompletan-hotend-sklop\/","title":{"rendered":"Bambu kompletan hotend sklop"},"content":{"rendered":"<p>Pobolj\u0161ajte svoj 3D pisa\u010d uz Bambu kompletan hotend sklop od kaljenog \u010delika. Ovaj proizvod ima mlaznicu od 0.4mm koja je \u0161iroko poznata kao standardni promjer mlaznice. Ima optimalnu ravnote\u017eu izme\u0111u kvalitete i brzine printanja.<\/p>\n<h2>Bambu kompletan hotend sklop zamjena<\/h2>\n<p>Kada morate zamijeniti svoj hotend, molimo <a href=\"https:\/\/wiki.bambulab.com\/en\/p1\/maintenance\/complete-hot-end-assembly\" target=\"_blank\" rel=\"noopener\"><strong>pratite upute koje je objavio Bambu Lab<\/strong><\/a>. Tako\u0111er mo\u017eete pogledati ni\u017ee naveden videozapis i slijediti upute korak po korak.<\/p>\n<h2>Tehni\u010dke specifikacije<\/h2>\n<h3>Sadr\u017eaj paketa:<\/h3>\n<ul>\n<li>Kompletan hotend sklop (kaljeni \u010delik)<\/li>\n<li>M3-14 stepenasti vijci<\/li>\n<\/ul>\n","protected":false},"excerpt":{"rendered":"<p><span style=\"font-weight: 400;\">Pobolj\u0161ajte kvalitetu svog printa uz Bambu kompletan hotend sklop. <\/span><b>Kompatibilan samo s Bambu Lab X1 serijama!<\/b><\/p>\n","protected":false},"featured_media":11833,"comment_status":"closed","ping_status":"closed","template":"","meta":{"_acf_changed":false},"product_brand":[],"product_cat":[497,496,495,504,498,482,483],"product_tag":[],"brand":[268],"class_list":{"0":"post-13247","1":"product","2":"type-product","3":"status-publish","4":"has-post-thumbnail","6":"product_cat-djelovi-ekstrudera","7":"product_cat-ekstruder-hr","8":"product_cat-ekstruderi","9":"product_cat-hotendovi","10":"product_cat-nadogradnje-ekstrudera","11":"product_cat-rezervni-dijelovi","12":"product_cat-svi-rezervni-dijelovi","13":"pa_compatible-with-bambulab-fdm-3d-printers","14":"pa_fits-printer-bambu-lab-x1-carbon-combo","15":"pa_fits-printer-bambu-lab-x1-series-only","16":"pa_fits-printer-bambu-lab-x1-carbon","17":"pa_nozzle-diameter-0-4mm","18":"pa_nozzle-material-hardened-steel","19":"brand-bambu-lab","21":"first","22":"instock","23":"taxable","24":"shipping-taxable","25":"purchasable","26":"product-type-variable"},"acf":[],"_links":{"self":[{"href":"https:\/\/azurefilm.com\/hr\/wp-json\/wp\/v2\/product\/13247","targetHints":{"allow":["GET"]}}],"collection":[{"href":"https:\/\/azurefilm.com\/hr\/wp-json\/wp\/v2\/product"}],"about":[{"href":"https:\/\/azurefilm.com\/hr\/wp-json\/wp\/v2\/types\/product"}],"replies":[{"embeddable":true,"href":"https:\/\/azurefilm.com\/hr\/wp-json\/wp\/v2\/comments?post=13247"}],"wp:featuredmedia":[{"embeddable":true,"href":"https:\/\/azurefilm.com\/hr\/wp-json\/wp\/v2\/media\/11833"}],"wp:attachment":[{"href":"https:\/\/azurefilm.com\/hr\/wp-json\/wp\/v2\/media?parent=13247"}],"wp:term":[{"taxonomy":"product_brand","embeddable":true,"href":"https:\/\/azurefilm.com\/hr\/wp-json\/wp\/v2\/product_brand?post=13247"},{"taxonomy":"product_cat","embeddable":true,"href":"https:\/\/azurefilm.com\/hr\/wp-json\/wp\/v2\/product_cat?post=13247"},{"taxonomy":"product_tag","embeddable":true,"href":"https:\/\/azurefilm.com\/hr\/wp-json\/wp\/v2\/product_tag?post=13247"},{"taxonomy":"brand","embeddable":true,"href":"https:\/\/azurefilm.com\/hr\/wp-json\/wp\/v2\/brand?post=13247"}],"curies":[{"name":"wp","href":"https:\/\/api.w.org\/{rel}","templated":true}]}}