
{"id":17493,"date":"2023-11-04T09:47:41","date_gmt":"2023-11-04T09:47:41","guid":{"rendered":"https:\/\/azurefilm.com\/?post_type=product&#038;p=17493"},"modified":"2026-03-11T17:21:00","modified_gmt":"2026-03-11T17:21:00","slug":"mlaznica-e3d-v5-v6-m6","status":"publish","type":"product","link":"https:\/\/azurefilm.com\/hr\/proizvod\/mlaznica-e3d-v5-v6-m6\/","title":{"rendered":"Mlaznica E3D V5-V6 M6"},"content":{"rendered":"<h4><span style=\"vertical-align: inherit;\">Ugello E3D V5-V6 M6<\/span><\/h4>\n<h3><b><span style=\"vertical-align: inherit;\">Glavne zna\u010dajke:<\/span><\/b><\/h3>\n<ul>\n<li><span style=\"vertical-align: inherit;\">Mlaznica E3D V5-V6 M6 isti\u010de se svojim klju\u010dnim zna\u010dajkama prilago\u0111enim za optimalno iskustvo 3D ispisa:<\/span><\/li>\n<li><strong><span style=\"vertical-align: inherit;\">Svestrana kompatibilnost:<\/span><\/strong><span style=\"vertical-align: inherit;\"> Posebno dizajniran za kompatibilnost s nizom Creality 3D pisa\u010da, uklju\u010duju\u0107i popularne modele kao \u0161to su Creality CR-10 V2, Creality Ender 3, Creality Ender 5 i vi\u0161e. To omogu\u0107uje besprijekornu integraciju s pisa\u010dima koji se obi\u010dno koriste u zajednici 3D ispisa.<\/span><\/li>\n<li><strong><span style=\"vertical-align: inherit;\">Prilagodljivi ulazni promjer:<\/span><\/strong><span style=\"vertical-align: inherit;\"> Ova mlaznica promjera ulaznog otvora od 1,75 mm prilago\u0111ava se raznim vrstama filamenata, daju\u0107i korisnicima fleksibilnost eksperimentiranja s materijalima koji se razlikuju prema njihovim potrebama ispisa.\u00a0<\/span><\/li>\n<li><strong><span style=\"vertical-align: inherit;\">Mogu\u0107nosti preciznog ispisa:<\/span><\/strong><span style=\"vertical-align: inherit;\"> Ponuda izbora promjera ispisa (0,2 mm, 0,3 mm, 0,4 mm, 0,5 mm, 0, 6 mm, 0, 8 mm, 1,0 mm) , korisnici mogu fino prilagoditi svoje projekte ispisa kako bi postigli \u017eeljenu razinu detalja i debljinu sloja.<\/span><\/li>\n<li><strong><span style=\"vertical-align: inherit;\">Univerzalni navoj M6:<\/span><\/strong><span style=\"vertical-align: inherit;\"> Veli\u010dina navoja M6 osigurava kompatibilnost sa \u0161irokim rasponom 3D pisa\u010da, osiguravaju\u0107i jednostavnu instalaciju i upotrebu za Creality CR-10 V2, seriju Creality Ender i drugi kompatibilni modeli.\u00a0<\/span><\/li>\n<li><strong><span style=\"vertical-align: inherit;\">Visokokvalitetna mesingana konstrukcija:<\/span><\/strong><span style=\"vertical-align: inherit;\"> Ove mlaznice izra\u0111ene su od visokokvalitetnog mesinganog materijala i napravljene da izdr\u017ee zahtjeve 3D ispisa. \u010cvrsto\u0107a materijala osigurava izdr\u017eljivost i dosljednu izvedbu tijekom du\u017eih sesija ispisa.<\/span><\/li>\n<\/ul>\n<p><span style=\"vertical-align: inherit;\">Mlaznica E3D V5-V6 M6 u biti kombinira svestranost, preciznost i izdr\u017eljivost, \u0161to je \u010dini idealnim izborom za entuzijaste 3D ispisa koji koriste pisa\u010de Creality. Bilo da radite na slo\u017eenim dizajnima ili velikim projektima, ova mlaznica pru\u017ea bitne zna\u010dajke potrebne za pouzdan, visokokvalitetan 3D ispis.<\/span><\/p>\n","protected":false},"excerpt":{"rendered":"<p><strong>Mlaznica E3D V5-V6 M6 <\/strong>\u00a0za 3D pisa\u010d izra\u0111ene su od visokokvalitetnog mesinganog materijala, \u010dvrste su i izdr\u017eljive.<\/p>\n","protected":false},"featured_media":9884,"comment_status":"closed","ping_status":"closed","template":"","meta":{"_acf_changed":false},"product_brand":[],"product_cat":[481,509,511,482,483],"product_tag":[],"brand":[270],"class_list":{"0":"post-17493","1":"product","2":"type-product","3":"status-publish","4":"has-post-thumbnail","6":"product_cat-akcija","7":"product_cat-mlaznice","8":"product_cat-obicne-mlaznice","9":"product_cat-rezervni-dijelovi","10":"product_cat-svi-rezervni-dijelovi","11":"pa_nozzle-diameter-0-2mm","12":"pa_nozzle-diameter-0-3mm","13":"pa_nozzle-diameter-0-4mm","14":"pa_nozzle-diameter-0-5mm","15":"pa_nozzle-diameter-0-6mm","16":"pa_nozzle-diameter-0-8mm","17":"pa_nozzle-diameter-1-0mm","18":"brand-creality","20":"first","21":"instock","22":"sale","23":"taxable","24":"shipping-taxable","25":"purchasable","26":"product-type-variable"},"acf":[],"_links":{"self":[{"href":"https:\/\/azurefilm.com\/hr\/wp-json\/wp\/v2\/product\/17493","targetHints":{"allow":["GET"]}}],"collection":[{"href":"https:\/\/azurefilm.com\/hr\/wp-json\/wp\/v2\/product"}],"about":[{"href":"https:\/\/azurefilm.com\/hr\/wp-json\/wp\/v2\/types\/product"}],"replies":[{"embeddable":true,"href":"https:\/\/azurefilm.com\/hr\/wp-json\/wp\/v2\/comments?post=17493"}],"wp:featuredmedia":[{"embeddable":true,"href":"https:\/\/azurefilm.com\/hr\/wp-json\/wp\/v2\/media\/9884"}],"wp:attachment":[{"href":"https:\/\/azurefilm.com\/hr\/wp-json\/wp\/v2\/media?parent=17493"}],"wp:term":[{"taxonomy":"product_brand","embeddable":true,"href":"https:\/\/azurefilm.com\/hr\/wp-json\/wp\/v2\/product_brand?post=17493"},{"taxonomy":"product_cat","embeddable":true,"href":"https:\/\/azurefilm.com\/hr\/wp-json\/wp\/v2\/product_cat?post=17493"},{"taxonomy":"product_tag","embeddable":true,"href":"https:\/\/azurefilm.com\/hr\/wp-json\/wp\/v2\/product_tag?post=17493"},{"taxonomy":"brand","embeddable":true,"href":"https:\/\/azurefilm.com\/hr\/wp-json\/wp\/v2\/brand?post=17493"}],"curies":[{"name":"wp","href":"https:\/\/api.w.org\/{rel}","templated":true}]}}