
{"id":18759,"date":"2023-10-29T11:02:19","date_gmt":"2023-10-29T11:02:19","guid":{"rendered":"https:\/\/azurefilm.com\/?post_type=product&#038;p=18759"},"modified":"2025-08-22T11:00:18","modified_gmt":"2025-08-22T11:00:18","slug":"phrozen-water-washable-grey-smola","status":"publish","type":"product","link":"https:\/\/azurefilm.com\/hr\/proizvod\/phrozen-water-washable-grey-smola\/","title":{"rendered":"Phrozen Water Washable Grey smola"},"content":{"rendered":"<h2><b>Phrozen Water Washable Grey smola<\/b><\/h2>\n<p><span style=\"font-weight: 400;\">Phrozen water-washable Grey smola stvorena je za <\/span><b>jednostavnost i u\u010dinkovitost. <\/b><span style=\"font-weight: 400;\">Dizajnirane za jednostavno \u010di\u0161\u0107enje samo vodom, ove smole nude <\/span><b>izdr\u017eljivost, brzo printanje i izvrsnu kompatibilnost s 3D pisa\u010dima prilago\u0111enim po\u010detnicima.<\/b><span style=\"font-weight: 400;\"> Idealne za izradu 3D printanih figura, minijatura i prototipova proizvoda, donose prakti\u010dnost va\u0161em putovanju 3D printanjem.<\/span><\/p>\n<p><span style=\"font-weight: 400;\">Smola donosi niz prednosti. Prvo, mo\u017eete <\/span><b>bez napora ukloniti ostatke,<\/b><span style=\"font-weight: 400;\"> eliminiraju\u0107i potrebu za IPA \u010di\u0161\u0107enjem. Drugo, njihova <\/span><b>niska viskoznost osigurava glatko printanje i naknadnu obradu.<\/b><span style=\"font-weight: 400;\"> \u0160tovi\u0161e, ova smola je bez mirisa. Na kraju, nudi iznimnu snagu, \u0161to ju \u010dini savr\u0161enim izborom za stvaranje robusnih 3D printanih figura, minijatura i prototipova.<\/span><\/p>\n<h3><strong>Svojstva:<\/strong><\/h3>\n<ul>\n<li style=\"font-weight: 400;\" aria-level=\"1\"><span style=\"font-weight: 400;\">Jednostavno uklanjanje ostataka<\/span><\/li>\n<li style=\"font-weight: 400;\" aria-level=\"1\"><span style=\"font-weight: 400;\">Niska viskoznost<\/span><\/li>\n<li style=\"font-weight: 400;\" aria-level=\"1\"><span style=\"font-weight: 400;\">Bez mirisa<\/span><\/li>\n<li style=\"font-weight: 400;\" aria-level=\"1\"><span style=\"font-weight: 400;\">Nije lomljiva<\/span><\/li>\n<\/ul>\n","protected":false},"excerpt":{"rendered":"<p><span style=\"font-weight: 400;\">Zakora\u010dite u svijet jednostavnosti i u\u010dinkovitosti s Phrozen Water Washable Grey smolom (500g), idealnom za izradu 3D printanih figura, minijatura i prototipova proizvoda.<\/span><\/p>\n","protected":false},"featured_media":11298,"comment_status":"closed","ping_status":"closed","template":"","meta":{"_acf_changed":false},"product_brand":[],"product_cat":[375,416,377,423],"product_tag":[],"brand":[],"class_list":{"0":"post-18759","1":"product","2":"type-product","3":"status-publish","4":"has-post-thumbnail","6":"product_cat-3d-filamenti-hr","7":"product_cat-smola-hr","8":"product_cat-svi-filamenti","9":"product_cat-water-washable-resin-hr","10":"pa_colour-gray","11":"pa_resin-technology-dlp","12":"pa_resin-technology-lcd-msla","13":"pa_resin-type-water-washable","14":"pa_resin-weight-1000g","16":"first","17":"outofstock","18":"taxable","19":"shipping-taxable","20":"purchasable","21":"product-type-simple"},"acf":[],"_links":{"self":[{"href":"https:\/\/azurefilm.com\/hr\/wp-json\/wp\/v2\/product\/18759","targetHints":{"allow":["GET"]}}],"collection":[{"href":"https:\/\/azurefilm.com\/hr\/wp-json\/wp\/v2\/product"}],"about":[{"href":"https:\/\/azurefilm.com\/hr\/wp-json\/wp\/v2\/types\/product"}],"replies":[{"embeddable":true,"href":"https:\/\/azurefilm.com\/hr\/wp-json\/wp\/v2\/comments?post=18759"}],"wp:featuredmedia":[{"embeddable":true,"href":"https:\/\/azurefilm.com\/hr\/wp-json\/wp\/v2\/media\/11298"}],"wp:attachment":[{"href":"https:\/\/azurefilm.com\/hr\/wp-json\/wp\/v2\/media?parent=18759"}],"wp:term":[{"taxonomy":"product_brand","embeddable":true,"href":"https:\/\/azurefilm.com\/hr\/wp-json\/wp\/v2\/product_brand?post=18759"},{"taxonomy":"product_cat","embeddable":true,"href":"https:\/\/azurefilm.com\/hr\/wp-json\/wp\/v2\/product_cat?post=18759"},{"taxonomy":"product_tag","embeddable":true,"href":"https:\/\/azurefilm.com\/hr\/wp-json\/wp\/v2\/product_tag?post=18759"},{"taxonomy":"brand","embeddable":true,"href":"https:\/\/azurefilm.com\/hr\/wp-json\/wp\/v2\/brand?post=18759"}],"curies":[{"name":"wp","href":"https:\/\/api.w.org\/{rel}","templated":true}]}}