
{"id":19085,"date":"2023-11-13T10:41:57","date_gmt":"2023-11-13T10:41:57","guid":{"rendered":"https:\/\/azurefilm.com\/?post_type=product&#038;p=19085"},"modified":"2023-11-24T13:13:21","modified_gmt":"2023-11-24T13:13:21","slug":"maticna-ploca-za-creator-3-pro","status":"publish","type":"product","link":"https:\/\/azurefilm.com\/hr\/proizvod\/maticna-ploca-za-creator-3-pro\/","title":{"rendered":"Mati\u010dna plo\u010da za Creator 3 PRO"},"content":{"rendered":"<h4>Mati\u010dna plo\u010da za Creator 3 PRO<\/h4>\n<h3><strong><span style=\"vertical-align: inherit;\">Glavne zna\u010dajke:<\/span><\/strong><\/h3>\n<ul>\n<li><strong><span style=\"vertical-align: inherit;\">To\u010dnost i izvedba:<\/span><\/strong>\n<ul>\n<li><span style=\"vertical-align: inherit;\">Napredna 32-bitna arhitektura za pove\u0107anu to\u010dnost i ukupne performanse ispisa.<\/span><\/li>\n<li><span style=\"vertical-align: inherit;\">Postignite novu razinu detalja i kvalitete u svojim 3D ispisima.<\/span><\/li>\n<\/ul>\n<\/li>\n<li><strong><span style=\"vertical-align: inherit;\">Tihi rad:<\/span><\/strong>\n<ul>\n<li><span style=\"vertical-align: inherit;\">Pokreta\u010dki programi TMC2208 pru\u017eaju tiho iskustvo ispisa i smanjuju buku tijekom rada.<\/span><\/li>\n<li><span style=\"vertical-align: inherit;\">Idealno za korisnike koji tra\u017ee ti\u0161e radno okru\u017eenje tijekom sesija 3D ispisa.<\/span><\/li>\n<\/ul>\n<\/li>\n<li><strong><span style=\"vertical-align: inherit;\">Plug &amp; Instalirajte reprodukciju:<\/span><\/strong>\n<ul>\n<li><span style=\"vertical-align: inherit;\">Unaprijed instaliran firmware i unaprijed konfigurirane postavke za Creator 3 Pro \u010dine instalaciju besprijekornim plug-and-play procesom.<\/span><\/li>\n<li><span style=\"vertical-align: inherit;\">Pojednostavljeni proces nadogradnje za korisnike koji tra\u017ee laku i jednostavnu instalaciju.<\/span><\/li>\n<\/ul>\n<\/li>\n<li><strong><span style=\"vertical-align: inherit;\">Optimizirano upravljanje toplinom:<\/span><\/strong>\n<ul>\n<li><span style=\"vertical-align: inherit;\">Dizajn kruga je optimiziran za u\u010dinkovito upravljanje toplinom.<\/span><\/li>\n<li><span style=\"vertical-align: inherit;\">Stabilne temperature tijekom rada, sprje\u010davaju probleme poput toplinskog skupljanja i osiguravaju dosljednu kvalitetu ispisa.<\/span><\/li>\n<\/ul>\n<\/li>\n<li><strong><span style=\"vertical-align: inherit;\">Univerzalna kompatibilnost:<\/span><\/strong>\n<ul>\n<li><span style=\"vertical-align: inherit;\">Kompatibilan s razli\u010ditim pogonskim osovinama uklju\u010duju\u0107i E\/Z\/Y\/X, nude\u0107i svestranost za razli\u010dite zahtjeve projekta.<\/span><\/li>\n<li><span style=\"vertical-align: inherit;\">Pru\u017ea dinami\u010dnu i fleksibilnu platformu za kreativnost koja korisnicima omogu\u0107uje prilagodbu 3D pisa\u010da specifi\u010dnim potrebama projekta.<\/span><\/li>\n<\/ul>\n<\/li>\n<li><strong><span style=\"vertical-align: inherit;\">Pouzdana konstrukcija:<\/span><\/strong>\n<ul>\n<li><span style=\"vertical-align: inherit;\">Izdr\u017eljiva i pouzdana konstrukcija osigurava dug vijek trajanja mati\u010dne plo\u010de.<\/span><\/li>\n<li><span style=\"vertical-align: inherit;\">Dizajniran da izdr\u017ei napore 3D ispisa i osigura stabilnu i dosljednu izvedbu tijekom vremena.<\/span><\/li>\n<\/ul>\n<\/li>\n<li><strong><span style=\"vertical-align: inherit;\">Korisni\u010dko su\u010delje:<\/span><\/strong>\n<ul>\n<li><span style=\"vertical-align: inherit;\">Intuitivno i user-friendly su\u010delje za jednostavnu navigaciju i kontrolu.<\/span><\/li>\n<li><span style=\"vertical-align: inherit;\">Pobolj\u0161ava korisni\u010dko iskustvo, \u010dine\u0107i ga dostupnim i po\u010detnicima i naprednim korisnicima.<\/span><\/li>\n<\/ul>\n<\/li>\n<\/ul>\n<p><span style=\"vertical-align: inherit;\">Fusnota:<\/span><\/p>\n<ul>\n<li><span style=\"vertical-align: inherit;\">Kada je napajanje uklju\u010deno, nemojte povezivati \u200b\u200bmati\u010dnu plo\u010du niti mijenjati bilo koje su\u010delje modula (osim SD i USB).<\/span><\/li>\n<li><span style=\"vertical-align: inherit;\">Prije uklju\u010divanja obratite pozornost na pozitivan i negativan polaritet kabela za napajanje i svih priklju\u010dnih priklju\u010daka. Izbjegavajte o\u0161te\u0107ivanje mati\u010dne plo\u010de.<\/span><\/li>\n<li><span style=\"vertical-align: inherit;\">Ne dirajte mati\u010dnu plo\u010du mokrim rukama i dr\u017eite je suhom.<\/span><\/li>\n<li><span style=\"vertical-align: inherit;\">U hitnim slu\u010dajevima isklju\u010dite struju na vrijeme.<\/span><\/li>\n<\/ul>\n<p><iframe loading=\"lazy\" title=\"Flashforge Creator 3 Pro: How to Replace The Motherboard\" width=\"1020\" height=\"574\" src=\"https:\/\/www.youtube.com\/embed\/Ed9Xcpigdqc?feature=oembed&#038;enablejsapi=1&#038;origin=https:\/\/azurefilm.com\" frameborder=\"0\" allow=\"accelerometer; autoplay; clipboard-write; encrypted-media; gyroscope; picture-in-picture; web-share\" allowfullscreen><\/iframe><\/p>\n","protected":false},"excerpt":{"rendered":"<p>Mati\u010dna plo\u010da za Creator 3 PRO<\/p>\n","protected":false},"featured_media":19094,"comment_status":"closed","ping_status":"closed","template":"","meta":{"_acf_changed":false},"product_brand":[],"product_cat":[482,481,505],"product_tag":[],"brand":[],"class_list":{"0":"post-19085","1":"product","2":"type-product","3":"status-publish","4":"has-post-thumbnail","6":"product_cat-rezervni-dijelovi","7":"product_cat-akcija","8":"product_cat-maticne-ploce","10":"first","11":"instock","12":"sale","13":"taxable","14":"shipping-taxable","15":"purchasable","16":"product-type-simple"},"acf":[],"_links":{"self":[{"href":"https:\/\/azurefilm.com\/hr\/wp-json\/wp\/v2\/product\/19085","targetHints":{"allow":["GET"]}}],"collection":[{"href":"https:\/\/azurefilm.com\/hr\/wp-json\/wp\/v2\/product"}],"about":[{"href":"https:\/\/azurefilm.com\/hr\/wp-json\/wp\/v2\/types\/product"}],"replies":[{"embeddable":true,"href":"https:\/\/azurefilm.com\/hr\/wp-json\/wp\/v2\/comments?post=19085"}],"wp:featuredmedia":[{"embeddable":true,"href":"https:\/\/azurefilm.com\/hr\/wp-json\/wp\/v2\/media\/19094"}],"wp:attachment":[{"href":"https:\/\/azurefilm.com\/hr\/wp-json\/wp\/v2\/media?parent=19085"}],"wp:term":[{"taxonomy":"product_brand","embeddable":true,"href":"https:\/\/azurefilm.com\/hr\/wp-json\/wp\/v2\/product_brand?post=19085"},{"taxonomy":"product_cat","embeddable":true,"href":"https:\/\/azurefilm.com\/hr\/wp-json\/wp\/v2\/product_cat?post=19085"},{"taxonomy":"product_tag","embeddable":true,"href":"https:\/\/azurefilm.com\/hr\/wp-json\/wp\/v2\/product_tag?post=19085"},{"taxonomy":"brand","embeddable":true,"href":"https:\/\/azurefilm.com\/hr\/wp-json\/wp\/v2\/brand?post=19085"}],"curies":[{"name":"wp","href":"https:\/\/api.w.org\/{rel}","templated":true}]}}