
{"id":19308,"date":"2023-11-14T08:42:23","date_gmt":"2023-11-14T08:42:23","guid":{"rendered":"https:\/\/azurefilm.com\/?post_type=product&#038;p=19308"},"modified":"2026-03-26T08:16:17","modified_gmt":"2026-03-26T08:16:17","slug":"petg-pastel-filament-banana-yellow","status":"publish","type":"product","link":"https:\/\/azurefilm.com\/hr\/proizvod\/petg-pastel-filament-banana-yellow\/","title":{"rendered":"PETG Pastel filament Banana Yellow"},"content":{"rendered":"<h2><b>PETG Pastel<\/b><\/h2>\n<p><span style=\"font-weight: 400;\">PETG Pastel filamenti imaju niz <\/span><b>nje\u017enih i mekih nijansi.<\/b><span style=\"font-weight: 400;\"> Ova kolekcija predstavlja <\/span><b>nje\u017enu paletu boja, <\/b><span style=\"font-weight: 400;\">prikladnu za razne primjene kao \u0161to su dekorativni komadi, elektroni\u010dki ure\u0111aji, figurice i jo\u0161 mnogo toga. PETG Pastel filamenti isti\u010du se svojim karakteristikama kao \u0161to su <\/span><b>jednostavnost kori\u0161tenja, <\/b><span style=\"font-weight: 400;\">zbog \u010dega su izvrstan odabir za po\u010detnike.<\/span><\/p>\n<h3><strong>PETG Pastel filament Banana Yellow<\/strong><\/h3>\n<p><span style=\"font-weight: 400;\">Kreirajte zadivljuju\u0107a pastelna remek djela uz na\u0161 PETG Pastel filament Banana Yellow.<\/span><\/p>\n<p><span style=\"font-weight: 400;\">Kako biste saznali vi\u0161e o PETG filamentima, pro\u010ditajte na\u0161 <a href=\"https:\/\/azurefilm.com\/hr\/2023\/07\/10\/petg-filamenti-sve-sto-morate-znati\/\" target=\"_blank\" rel=\"noopener\"><strong>blog<\/strong><\/a>.\u00a0<\/span><\/p>\n<p><span style=\"font-weight: 400;\">Ovdje mo\u017eete pristupiti <\/span><a href=\"https:\/\/azurefilm.com\/hr\/technical-data-sheets\/\" target=\"_blank\" rel=\"noopener\"><b>tehni\u010dkim informacijama<\/b><\/a><span style=\"font-weight: 400;\">.<\/span><\/p>\n<h3><strong>Preporuke za printanje:<\/strong><\/h3>\n<ul>\n<li style=\"font-weight: 400;\" aria-level=\"1\"><span style=\"font-weight: 400;\">Za najbolje rezultate, printati na 220\u2013240\u00b0C.\u00a0<\/span><\/li>\n<li style=\"font-weight: 400;\" aria-level=\"1\"><span style=\"font-weight: 400;\">Preporu\u010dena temperatura postolja za printanje je 80\u00b0C.<\/span><\/li>\n<li style=\"font-weight: 400;\" aria-level=\"1\"><span style=\"font-weight: 400;\">Koristite stakleno postolje, PEI plo\u010du, kapton ili plavu traku za izradnu platformu s 3Dlac sprejem.<\/span><\/li>\n<\/ul>\n<p><i><span style=\"font-weight: 400;\">*Idealna temperatura mo\u017ee varirati ovisno o kori\u0161tenom pisa\u010du.<\/span><\/i><\/p>\n","protected":false},"excerpt":{"rendered":"<p><span style=\"font-weight: 400;\">Kreirajte zadivljuju\u0107a pastelna remek djela uz na\u0161 PETG Pastel filament Banana Yellow.<\/span><\/p>\n","protected":false},"featured_media":109666,"comment_status":"closed","ping_status":"closed","template":"","meta":{"_acf_changed":false},"product_brand":[],"product_cat":[1290,375,396,377],"product_tag":[],"brand":[267],"class_list":{"0":"post-19308","1":"product","2":"type-product","3":"status-publish","4":"has-post-thumbnail","6":"product_cat-petg-pastel-hr","7":"product_cat-3d-filamenti-hr","8":"product_cat-petg-filamenti-hr","9":"product_cat-svi-filamenti","10":"pa_colour-yellow","11":"pa_filament-diameter-1-75mm","12":"pa_filament-weight-1000g","13":"brand-azurefilm","15":"first","16":"instock","17":"taxable","18":"shipping-taxable","19":"purchasable","20":"product-type-variable"},"acf":[],"_links":{"self":[{"href":"https:\/\/azurefilm.com\/hr\/wp-json\/wp\/v2\/product\/19308","targetHints":{"allow":["GET"]}}],"collection":[{"href":"https:\/\/azurefilm.com\/hr\/wp-json\/wp\/v2\/product"}],"about":[{"href":"https:\/\/azurefilm.com\/hr\/wp-json\/wp\/v2\/types\/product"}],"replies":[{"embeddable":true,"href":"https:\/\/azurefilm.com\/hr\/wp-json\/wp\/v2\/comments?post=19308"}],"wp:featuredmedia":[{"embeddable":true,"href":"https:\/\/azurefilm.com\/hr\/wp-json\/wp\/v2\/media\/109666"}],"wp:attachment":[{"href":"https:\/\/azurefilm.com\/hr\/wp-json\/wp\/v2\/media?parent=19308"}],"wp:term":[{"taxonomy":"product_brand","embeddable":true,"href":"https:\/\/azurefilm.com\/hr\/wp-json\/wp\/v2\/product_brand?post=19308"},{"taxonomy":"product_cat","embeddable":true,"href":"https:\/\/azurefilm.com\/hr\/wp-json\/wp\/v2\/product_cat?post=19308"},{"taxonomy":"product_tag","embeddable":true,"href":"https:\/\/azurefilm.com\/hr\/wp-json\/wp\/v2\/product_tag?post=19308"},{"taxonomy":"brand","embeddable":true,"href":"https:\/\/azurefilm.com\/hr\/wp-json\/wp\/v2\/brand?post=19308"}],"curies":[{"name":"wp","href":"https:\/\/api.w.org\/{rel}","templated":true}]}}