
{"id":19564,"date":"2023-11-14T14:23:05","date_gmt":"2023-11-14T14:23:05","guid":{"rendered":"https:\/\/azurefilm.com\/?post_type=product&#038;p=19564"},"modified":"2026-03-20T09:49:24","modified_gmt":"2026-03-20T09:49:24","slug":"asa-filament-yellow","status":"publish","type":"product","link":"https:\/\/azurefilm.com\/hr\/proizvod\/asa-filament-yellow\/","title":{"rendered":"ASA filament Yellow"},"content":{"rendered":"<h2><b>ASA filamenti<\/b><\/h2>\n<p><span style=\"font-weight: 400;\">ASA filamenti jedni su od najpopularnijih tehni\u010dkih filamenata na tr\u017ei\u0161tu jer nude <\/span><b>visoku otpornost na UV, vodu i kemikalije<\/b><span style=\"font-weight: 400;\">. Zbog svojih <\/span><b>optimalnih performansi <\/b><span style=\"font-weight: 400;\"> i <\/span><b>dugovje\u010dnosti u zahtjevnim okru\u017eenjima<\/b><span style=\"font-weight: 400;\">, ovaj je materijal savr\u0161en za elektri\u010dna ku\u0107i\u0161ta, alate, vanjske ure\u0111aje, sportsku opremu, lijevane komponente i druge sli\u010dne primjene. \u0160tovi\u0161e, proizvodna linija AzureFilm ima neke klju\u010dne dijelove printane od ASA filamenata.\u00a0<\/span><\/p>\n<p><span style=\"font-weight: 400;\">Ovaj se materijal mo\u017ee printati bez zatvorenog pisa\u010da, ali <\/span><b>toplo preporu\u010dujemo kori\u0161tenje ku\u0107i\u0161ta ili zatvorenog 3D pisa\u010da<\/b><span style=\"font-weight: 400;\">.<\/span><\/p>\n<h2><strong>ASA filament Yellow<\/strong><\/h2>\n<p><span style=\"font-weight: 400;\">Budite kreativni s na\u0161im ASA filament Yellow, koji je savr\u0161en za svijetle i energi\u010dne dizajne.<\/span><\/p>\n<p><span style=\"font-weight: 400;\">Kako biste saznali vi\u0161e o ASA filamentima, pro\u010ditajte na\u0161 <a href=\"https:\/\/azurefilm.com\/hr\/2023\/07\/10\/asa-filamenti\/\" target=\"_blank\" rel=\"noopener\">blog<\/a>.\u00a0<\/span><\/p>\n<p><span style=\"font-weight: 400;\">Ovdje mo\u017eete pristupiti <a href=\"https:\/\/azurefilm.com\/hr\/technical-data-sheets\/\" target=\"_blank\" rel=\"noopener\"> tehni\u010dkim informacijama<\/a>.<\/span><\/p>\n<h3><strong>Preporuke za printanje:<\/strong><\/h3>\n<ul>\n<li style=\"font-weight: 400;\" aria-level=\"1\"><span style=\"font-weight: 400;\">Za najbolje rezultate, printati na 240\u2013260\u00b0C.\u00a0<\/span><\/li>\n<li style=\"font-weight: 400;\" aria-level=\"1\"><span style=\"font-weight: 400;\">Preporu\u010dena temperatura postolja za printanje je 90\u2013120\u00b0C. Preporu\u010dujemo kori\u0161tenje ku\u0107i\u0161ta ili zatvorenog 3D pisa\u010da.<\/span><\/li>\n<li style=\"font-weight: 400;\" aria-level=\"1\"><span style=\"font-weight: 400;\">Koristite stakleno postolje, PEI plo\u010du, kapton ili plavu traku za izradnu platformu s 3Dlac sprejem.<\/span><\/li>\n<\/ul>\n<p><i><span style=\"font-weight: 400;\">*Idealna temperatura mo\u017ee varirati ovisno o kori\u0161tenom pisa\u010du.<\/span><\/i><\/p>\n","protected":false},"excerpt":{"rendered":"<p><span style=\"font-weight: 400;\">Budite kreativni s na\u0161im ASA filament Yellow, koji je savr\u0161en za svijetle i energi\u010dne dizajne.<\/span><\/p>\n","protected":false},"featured_media":19589,"comment_status":"closed","ping_status":"closed","template":"","meta":{"_acf_changed":false},"product_brand":[],"product_cat":[378,375,1572,377],"product_tag":[1534],"brand":[267],"class_list":{"0":"post-19564","1":"product","2":"type-product","3":"status-publish","4":"has-post-thumbnail","6":"product_cat-asa-filamenti-hr","7":"product_cat-3d-filamenti-hr","8":"product_cat-asa-original-hr","9":"product_cat-svi-filamenti","10":"product_tag-high-speed","11":"pa_colour-yellow","12":"pa_filament-diameter-1-75mm","13":"pa_filament-weight-1000g","14":"brand-azurefilm","16":"first","17":"instock","18":"taxable","19":"shipping-taxable","20":"purchasable","21":"product-type-variable","22":"has-default-attributes"},"acf":[],"_links":{"self":[{"href":"https:\/\/azurefilm.com\/hr\/wp-json\/wp\/v2\/product\/19564","targetHints":{"allow":["GET"]}}],"collection":[{"href":"https:\/\/azurefilm.com\/hr\/wp-json\/wp\/v2\/product"}],"about":[{"href":"https:\/\/azurefilm.com\/hr\/wp-json\/wp\/v2\/types\/product"}],"replies":[{"embeddable":true,"href":"https:\/\/azurefilm.com\/hr\/wp-json\/wp\/v2\/comments?post=19564"}],"wp:featuredmedia":[{"embeddable":true,"href":"https:\/\/azurefilm.com\/hr\/wp-json\/wp\/v2\/media\/19589"}],"wp:attachment":[{"href":"https:\/\/azurefilm.com\/hr\/wp-json\/wp\/v2\/media?parent=19564"}],"wp:term":[{"taxonomy":"product_brand","embeddable":true,"href":"https:\/\/azurefilm.com\/hr\/wp-json\/wp\/v2\/product_brand?post=19564"},{"taxonomy":"product_cat","embeddable":true,"href":"https:\/\/azurefilm.com\/hr\/wp-json\/wp\/v2\/product_cat?post=19564"},{"taxonomy":"product_tag","embeddable":true,"href":"https:\/\/azurefilm.com\/hr\/wp-json\/wp\/v2\/product_tag?post=19564"},{"taxonomy":"brand","embeddable":true,"href":"https:\/\/azurefilm.com\/hr\/wp-json\/wp\/v2\/brand?post=19564"}],"curies":[{"name":"wp","href":"https:\/\/api.w.org\/{rel}","templated":true}]}}