
{"id":19606,"date":"2023-11-14T14:40:53","date_gmt":"2023-11-14T14:40:53","guid":{"rendered":"https:\/\/azurefilm.com\/?post_type=product&#038;p=19606"},"modified":"2025-09-18T11:24:51","modified_gmt":"2025-09-18T11:24:51","slug":"pctg-filament-grey","status":"publish","type":"product","link":"https:\/\/azurefilm.com\/hr\/proizvod\/pctg-filament-grey\/","title":{"rendered":"PCTG filament Grey"},"content":{"rendered":"<h2><b>PCTG\u00a0<\/b><\/h2>\n<p><span style=\"font-weight: 400;\">PCTG filament je na\u0161a pobolj\u0161ana verzija PETG Original filamenta <\/span><b>dizajnirana za otpornost na vi\u0161e temperature<\/b><span style=\"font-weight: 400;\">. Posljedi\u010dno, ovaj materijal podnosi <\/span><b>5-10\u00b0C vi\u0161e temperature<\/b><span style=\"font-weight: 400;\"> i ima <\/span><b>pove\u0107anu izdr\u017eljivost<\/b><span style=\"font-weight: 400;\"> u usporedbi s PETG Originalom. PCTG je jo\u0161 uvijek materijal s kojim se vrlo lako radi i <\/span><b>prikladan je za po\u010detnike<\/b><span style=\"font-weight: 400;\">. Isprobajte ovaj filament za razli\u010dite primjene kao \u0161to su alati, mehani\u010dki dijelovi, robotika i protetika ili samo izradite jednostavne naprave i ukrase.<\/span><\/p>\n<h2><strong><b>PCTG filament Grey<\/b><\/strong><\/h2>\n<p><span style=\"font-weight: 400;\">Stvorite kemijski otporne dizajne visoke klase s na\u0161im PCTG filament Grey.\u00a0<\/span><\/p>\n<p><span style=\"font-weight: 400;\">Kako biste saznali vi\u0161e o PCTG filamentima, pro\u010ditajte na\u0161 <a href=\"https:\/\/azurefilm.com\/hr\/2023\/10\/12\/pctg-filamenti\/\" target=\"_blank\" rel=\"noopener\">blog<\/a>. <\/span><\/p>\n<p><span style=\"font-weight: 400;\">Ovdje mo\u017eete pristupiti <a href=\"https:\/\/azurefilm.com\/hr\/technical-data-sheets\/\" target=\"_blank\" rel=\"noopener\"> tehni\u010dkim informacijama<\/a>.<\/span><\/p>\n<h3><strong>Preporuke za printanje:<\/strong><\/h3>\n<ul>\n<li style=\"font-weight: 400;\" aria-level=\"1\"><span style=\"font-weight: 400;\">Za najbolje rezultate, printati na 240\u2013260\u00b0C.\u00a0<\/span><\/li>\n<li style=\"font-weight: 400;\" aria-level=\"1\"><span style=\"font-weight: 400;\">Preporu\u010dena temperatura postolja za printanje je 80\u00b0C.<\/span><\/li>\n<li style=\"font-weight: 400;\" aria-level=\"1\"><span style=\"font-weight: 400;\">Koristite stakleno postolje, PEI plo\u010du, kapton ili plavu traku za izradnu platformu s 3Dlac sprejem.<\/span><\/li>\n<\/ul>\n<p><i><span style=\"font-weight: 400;\">*Idealna temperatura mo\u017ee varirati ovisno o kori\u0161tenom pisa\u010du.<\/span><\/i><\/p>\n","protected":false},"excerpt":{"rendered":"<p><span style=\"font-weight: 400;\">Stvorite kemijski otporne dizajne visoke klase s na\u0161im PCTG filament Grey.\u00a0<\/span><\/p>\n","protected":false},"featured_media":113046,"comment_status":"closed","ping_status":"closed","template":"","meta":{"_acf_changed":false},"product_brand":[],"product_cat":[394,375,377],"product_tag":[],"brand":[],"class_list":{"0":"post-19606","1":"product","2":"type-product","3":"status-publish","4":"has-post-thumbnail","6":"product_cat-pctg-filamenti-hr","7":"product_cat-3d-filamenti-hr","8":"product_cat-svi-filamenti","9":"pa_colour-gray","10":"pa_filament-diameter-1-75mm","11":"pa_filament-weight-1000g","13":"first","14":"outofstock","15":"taxable","16":"shipping-taxable","17":"purchasable","18":"product-type-variable","19":"has-default-attributes"},"acf":[],"_links":{"self":[{"href":"https:\/\/azurefilm.com\/hr\/wp-json\/wp\/v2\/product\/19606","targetHints":{"allow":["GET"]}}],"collection":[{"href":"https:\/\/azurefilm.com\/hr\/wp-json\/wp\/v2\/product"}],"about":[{"href":"https:\/\/azurefilm.com\/hr\/wp-json\/wp\/v2\/types\/product"}],"replies":[{"embeddable":true,"href":"https:\/\/azurefilm.com\/hr\/wp-json\/wp\/v2\/comments?post=19606"}],"wp:featuredmedia":[{"embeddable":true,"href":"https:\/\/azurefilm.com\/hr\/wp-json\/wp\/v2\/media\/113046"}],"wp:attachment":[{"href":"https:\/\/azurefilm.com\/hr\/wp-json\/wp\/v2\/media?parent=19606"}],"wp:term":[{"taxonomy":"product_brand","embeddable":true,"href":"https:\/\/azurefilm.com\/hr\/wp-json\/wp\/v2\/product_brand?post=19606"},{"taxonomy":"product_cat","embeddable":true,"href":"https:\/\/azurefilm.com\/hr\/wp-json\/wp\/v2\/product_cat?post=19606"},{"taxonomy":"product_tag","embeddable":true,"href":"https:\/\/azurefilm.com\/hr\/wp-json\/wp\/v2\/product_tag?post=19606"},{"taxonomy":"brand","embeddable":true,"href":"https:\/\/azurefilm.com\/hr\/wp-json\/wp\/v2\/brand?post=19606"}],"curies":[{"name":"wp","href":"https:\/\/api.w.org\/{rel}","templated":true}]}}