
{"id":20002,"date":"2023-11-18T12:05:42","date_gmt":"2023-11-18T12:05:42","guid":{"rendered":"https:\/\/azurefilm.com\/?post_type=product&#038;p=20002"},"modified":"2026-03-26T14:40:04","modified_gmt":"2026-03-26T14:40:04","slug":"teflonska-cijev","status":"publish","type":"product","link":"https:\/\/azurefilm.com\/hr\/proizvod\/teflonska-cijev\/","title":{"rendered":"Teflonska cijev"},"content":{"rendered":"<h4>Teflonska cijev<\/h4>\n<h3><strong><span style=\"vertical-align: inherit;\">Glavne zna\u010dajke:<\/span><\/strong><\/h3>\n<ul>\n<li><strong><span style=\"vertical-align: inherit;\">Teflonska cijev<\/span><\/strong><span style=\"vertical-align: inherit;\"> za povezivanje filamenta od motora do ekstrudera i izvorne \u010deli\u010dne \u0107elije u bloku vru\u0107eg kraja.<\/span><\/li>\n<li><strong><span style=\"vertical-align: inherit;\">Pobolj\u0161ajte ispise:<\/span><\/strong><span style=\"vertical-align: inherit;\"> Redovito \u010di\u0161\u0107enje Bowden cijevi mo\u017ee uzrokovati tro\u0161enje, a bru\u0161enje ekstruderom smanjuje kvalitetu ispisa.<\/span><\/li>\n<li><strong><span style=\"vertical-align: inherit;\">Fleksibilne cijevi: <\/span><\/strong><span style=\"vertical-align: inherit;\">PTFE Bowden cijevi nude impresivnu fleksibilnost.<\/span><\/li>\n<li><strong><span style=\"vertical-align: inherit;\">Materijal: <\/span><\/strong><span style=\"vertical-align: inherit;\">Izra\u0111en od \u010dvrstog, izdr\u017eljivog i fleksibilnog PTFE-a.<\/span><\/li>\n<li><strong><span style=\"font-size: 14.4px;\"><span style=\"vertical-align: inherit;\">Imamo 4 razli\u010dite dimenzije spojne cijevi: <\/span><\/span><\/strong><span style=\"font-size: 14.4px;\"><span style=\"vertical-align: inherit;\">2\/4 mm, 2\/3 mm, 3\/4 mm, 4\/6 mm<\/span><\/span><\/li>\n<li><strong><span style=\"vertical-align: inherit;\">1kom = 1 metar\u00a0<\/span><\/strong><\/li>\n<\/ul>\n<p><iframe loading=\"lazy\" title=\"Service tutorial Ender 3 Max teflon tube replacement\" width=\"1020\" height=\"574\" src=\"https:\/\/www.youtube.com\/embed\/ALkpqM85sWc?feature=oembed&#038;enablejsapi=1&#038;origin=https:\/\/azurefilm.com\" frameborder=\"0\" allow=\"accelerometer; autoplay; clipboard-write; encrypted-media; gyroscope; picture-in-picture; web-share\" allowfullscreen><\/iframe><\/p>\n","protected":false},"excerpt":{"rendered":"<p>Teflonska cijev: Unaprijedite kvalitetu va\u0161ih ispisa zamjenom filamentnih cijevi. Na\u0161a Teflonska Bowden cijev, izra\u0111ena od visokokvalitetnog i izdr\u017eljivog PTFE materijala, omogu\u0107uje glatko klizanje filamenta, \u0161to rezultira vrhunskim ispisima. Ova teflonska cijev dizajnirana je za povezivanje filamenata od motora do ekstrudera te izvornih \u010deli\u010dnih \u0107elija u bloku vru\u0107eg kraja, pru\u017eaju\u0107i optimalnu toplinsku stabilnost i dugovje\u010dnost. Dostupna u razli\u010ditim promjerima: 2\/4 mm, 2\/3 mm, 3\/4 mm, 4\/6 mm, omogu\u0107ava vam prilagodbu va\u0161em 3D pisa\u010du. Pobolj\u0161ajte svoje ispisne performanse s na\u0161om Teflonskom cijevi i postignite besprijekorne rezultate.<\/p>\n","protected":false},"featured_media":20065,"comment_status":"closed","ping_status":"closed","template":"","meta":{"_acf_changed":false},"product_brand":[],"product_cat":[482,481,487,483],"product_tag":[],"brand":[],"class_list":{"0":"post-20002","1":"product","2":"type-product","3":"status-publish","4":"has-post-thumbnail","6":"product_cat-rezervni-dijelovi","7":"product_cat-akcija","8":"product_cat-bowden-cijevi","9":"product_cat-svi-rezervni-dijelovi","11":"first","12":"instock","13":"sale","14":"taxable","15":"shipping-taxable","16":"purchasable","17":"product-type-variable"},"acf":[],"_links":{"self":[{"href":"https:\/\/azurefilm.com\/hr\/wp-json\/wp\/v2\/product\/20002","targetHints":{"allow":["GET"]}}],"collection":[{"href":"https:\/\/azurefilm.com\/hr\/wp-json\/wp\/v2\/product"}],"about":[{"href":"https:\/\/azurefilm.com\/hr\/wp-json\/wp\/v2\/types\/product"}],"replies":[{"embeddable":true,"href":"https:\/\/azurefilm.com\/hr\/wp-json\/wp\/v2\/comments?post=20002"}],"wp:featuredmedia":[{"embeddable":true,"href":"https:\/\/azurefilm.com\/hr\/wp-json\/wp\/v2\/media\/20065"}],"wp:attachment":[{"href":"https:\/\/azurefilm.com\/hr\/wp-json\/wp\/v2\/media?parent=20002"}],"wp:term":[{"taxonomy":"product_brand","embeddable":true,"href":"https:\/\/azurefilm.com\/hr\/wp-json\/wp\/v2\/product_brand?post=20002"},{"taxonomy":"product_cat","embeddable":true,"href":"https:\/\/azurefilm.com\/hr\/wp-json\/wp\/v2\/product_cat?post=20002"},{"taxonomy":"product_tag","embeddable":true,"href":"https:\/\/azurefilm.com\/hr\/wp-json\/wp\/v2\/product_tag?post=20002"},{"taxonomy":"brand","embeddable":true,"href":"https:\/\/azurefilm.com\/hr\/wp-json\/wp\/v2\/brand?post=20002"}],"curies":[{"name":"wp","href":"https:\/\/api.w.org\/{rel}","templated":true}]}}