
{"id":21328,"date":"2023-11-24T11:03:04","date_gmt":"2023-11-24T11:03:04","guid":{"rendered":"https:\/\/azurefilm.com\/?post_type=product&#038;p=21328"},"modified":"2025-08-22T11:01:10","modified_gmt":"2025-08-22T11:01:10","slug":"mix-flexible-98a","status":"publish","type":"product","link":"https:\/\/azurefilm.com\/hr\/proizvod\/mix-flexible-98a\/","title":{"rendered":"Mix Flexible 98A"},"content":{"rendered":"<h2><b>Flexible 98A<\/b><\/h2>\n<p><span style=\"font-weight: 400;\">Fleksibilni 98A filamenti izra\u0111eni su od <\/span><b>TPU-a <\/b><span style=\"font-weight: 400;\">(termoplasti\u010dni poliuretan) i imaju svojstva <\/span><b>sli\u010dna gumi<\/b><span style=\"font-weight: 400;\">. To zna\u010di da je materijal ekstremno fleksibilan, ali i vrlo <\/span><b>izdr\u017eljiv<\/b><span style=\"font-weight: 400;\">. Fleksibilni filamenti obi\u010dno se koriste za proizvodnju ku\u0107anskih aparata, igra\u010daka, ku\u0107i\u0161ta za telefone, narukvica, automobilskih dijelova i medicinskih potrep\u0161tina. Ako trebate ne\u0161to \u0161to bi se trebalo savijati, rastezati ili komprimirati, ovaj bi filament trebao biti spreman za taj zadatak.<\/span><\/p>\n<p><span style=\"font-weight: 400;\">Postoje <\/span><b>razli\u010dite vrste tvrdo\u0107e<\/b><span style=\"font-weight: 400;\"> kod fleksibilnih filamenata, ozna\u010dene brojevima od 0 do 100 i slovima od A do D. Materijal postaje \u010dvr\u0161\u0107i i tvr\u0111i kako se broj ili slovo pove\u0107ava. <\/span><b>98A Shore<\/b><span style=\"font-weight: 400;\"> zna\u010di da je filament vrlo tvrd i mo\u017ee se usporediti s tvrdo\u0107om kota\u010da kolica za kupovinu.<\/span><\/p>\n<p><b>Odricanje:<\/b><span style=\"font-weight: 400;\"> Ako \u010dujete pucanje filamenta tijekom 3D printanja, to zna\u010di da je filament vla\u017ean i treba ga osu\u0161iti za bolje rezultate. Upotrijebite su\u0161ilo za filament, primjerice <strong>Creality Dry Box<\/strong>.<\/span><\/p>\n<p>&nbsp;<\/p>\n<p><img decoding=\"async\" class=\"alignnone size-medium wp-image-17898\" src=\"https:\/\/azurefilm.com\/wp-content\/uploads\/2023\/10\/Flexible-filament-table.jpg\" alt=\" width=\" height=\"400\" title=\"\"><\/p>\n<h2><strong>Mix Flexible 98A<\/strong><\/h2>\n<p><b>Kako se izra\u0111uju Mix filamenti?<\/b><span style=\"font-weight: 400;\"> Tijekom proizvodnje prelazimo izme\u0111u boja bez zaustavljanja proizvodnog procesa kako bismo <\/span><b>u\u0161tedjeli vrijeme, resurse i energiju<\/b><span style=\"font-weight: 400;\">. Posljedi\u010dno, kada dolazi do promjene boje, prijelaz se postepeno mijenja iz filamente jedne boju u drugu boju. Umjesto da bacamo filament na djelu gdje se nalazi prijelaz, odlu\u010dili smo stvoriti Mix filamente. <\/span><b>Posve\u0107eni smo ekolo\u0161ki odgovornom pona\u0161anju i smanjenju otpada<\/b><span style=\"font-weight: 400;\">.<\/span><\/p>\n<p><span style=\"font-weight: 400;\">Mix Flexible 98A je <\/span><b>mje\u0161avina razli\u010ditih Flexible boja<\/b><span style=\"font-weight: 400;\"> iz na\u0161e ponude. <\/span><b>Boje i brojevi boja u na\u0161em Mix Flexible 98A su u potpunosti nasumi\u010dni i mijenjaju se sa svakom narud\u017ebom. <\/b><span style=\"font-weight: 400;\">AzureFilm<\/span> <span style=\"font-weight: 400;\">Mix Flexible 98A je savr\u0161en za svakoga tko ne treba odre\u0111enu boju filamenta ili planira bojati finalni proizvod. Kupovinom ovog artikla pristajete na nasumi\u010dni odabir \u0161pule po na\u0161em izboru.<\/span><\/p>\n<p><span style=\"font-weight: 400;\">Kako biste saznali vi\u0161e o fleksibilnim filamentima, pro\u010ditajte na\u0161 <a href=\"https:\/\/azurefilm.com\/hr\/3d-filamenti-hr\/flexible-filamenti-hr\/\" target=\"_blank\" rel=\"noopener\"><strong>blog<\/strong><\/a>. <\/span><\/p>\n<p><span style=\"font-weight: 400;\">Ovdje mo\u017eete pristupiti <a href=\"https:\/\/azurefilm.com\/hr\/technical-data-sheets\/\" target=\"_blank\" rel=\"noopener\"><strong> tehni\u010dkim informacijama<\/strong><\/a>.<\/span><\/p>\n<h3><strong>Preporuke za printanje:<\/strong><\/h3>\n<ul>\n<li><span style=\"font-weight: 400;\">Za najbolje rezultate, printati na 220\u2013240\u00b0C. <\/span><\/li>\n<li><span style=\"font-weight: 400;\">Preporu\u010dena temperatura postolja za printanje je 80\u00b0C.<\/span><\/li>\n<li><b>Printati na maloj brzini od 10\u201330mm\/s.<\/b><\/li>\n<li><span style=\"font-weight: 400;\">Koristite stakleno postolje, PEI plo\u010du, kapton ili plavu traku za izradnu platformu s 3Dlac sprejem<\/span><i><span style=\"font-weight: 400;\">.<\/span><\/i><\/li>\n<\/ul>\n<p><i><span style=\"font-weight: 400;\">*Idealna temperatura mo\u017ee varirati ovisno o kori\u0161tenom pisa\u010du.<\/span><\/i><\/p>\n","protected":false},"excerpt":{"rendered":"<p><span style=\"font-weight: 400;\">Pobolj\u0161ajte svoje vje\u0161tine \u200b\u200b3D ispisa i koristite Mix Flexible 98A za savr\u0161enu mje\u0161avinu svestranosti, snage i fleksibilnosti. <\/span><\/p>\n","protected":false},"featured_media":21335,"comment_status":"closed","ping_status":"closed","template":"","meta":{"_acf_changed":false},"product_brand":[],"product_cat":[384,375,1565,383,386,1377,377],"product_tag":[1525,1529],"brand":[267],"class_list":{"0":"post-21328","1":"product","2":"type-product","3":"status-publish","4":"has-post-thumbnail","6":"product_cat-flexible-98a-hr","7":"product_cat-3d-filamenti-hr","8":"product_cat-eko-filamenti-hr","9":"product_cat-flexible-filamenti-hr","10":"product_cat-mix-filamenti","11":"product_cat-mix-flexible-98a-hr","12":"product_cat-svi-filamenti","13":"product_tag-eko-hr","14":"product_tag-nasumicna-boja","15":"pa_colour-random","16":"pa_filament-diameter-1-75mm","17":"pa_filament-weight-300g","18":"brand-azurefilm","20":"first","21":"instock","22":"taxable","23":"shipping-taxable","24":"product-type-simple"},"acf":[],"_links":{"self":[{"href":"https:\/\/azurefilm.com\/hr\/wp-json\/wp\/v2\/product\/21328","targetHints":{"allow":["GET"]}}],"collection":[{"href":"https:\/\/azurefilm.com\/hr\/wp-json\/wp\/v2\/product"}],"about":[{"href":"https:\/\/azurefilm.com\/hr\/wp-json\/wp\/v2\/types\/product"}],"replies":[{"embeddable":true,"href":"https:\/\/azurefilm.com\/hr\/wp-json\/wp\/v2\/comments?post=21328"}],"wp:featuredmedia":[{"embeddable":true,"href":"https:\/\/azurefilm.com\/hr\/wp-json\/wp\/v2\/media\/21335"}],"wp:attachment":[{"href":"https:\/\/azurefilm.com\/hr\/wp-json\/wp\/v2\/media?parent=21328"}],"wp:term":[{"taxonomy":"product_brand","embeddable":true,"href":"https:\/\/azurefilm.com\/hr\/wp-json\/wp\/v2\/product_brand?post=21328"},{"taxonomy":"product_cat","embeddable":true,"href":"https:\/\/azurefilm.com\/hr\/wp-json\/wp\/v2\/product_cat?post=21328"},{"taxonomy":"product_tag","embeddable":true,"href":"https:\/\/azurefilm.com\/hr\/wp-json\/wp\/v2\/product_tag?post=21328"},{"taxonomy":"brand","embeddable":true,"href":"https:\/\/azurefilm.com\/hr\/wp-json\/wp\/v2\/brand?post=21328"}],"curies":[{"name":"wp","href":"https:\/\/api.w.org\/{rel}","templated":true}]}}