
{"id":22239,"date":"2023-12-08T12:26:15","date_gmt":"2023-12-08T12:26:15","guid":{"rendered":"https:\/\/azurefilm.com\/?post_type=product&#038;p=22239"},"modified":"2026-01-28T12:32:26","modified_gmt":"2026-01-28T12:32:26","slug":"komplet-za-vakuumsko-pohranjivanje-niti-10-pcs","status":"publish","type":"product","link":"https:\/\/azurefilm.com\/hr\/proizvod\/komplet-za-vakuumsko-pohranjivanje-niti-10-pcs\/","title":{"rendered":"Komplet za vakuumsko pohranjivanje niti (10 pcs)"},"content":{"rendered":"<p>Komplet za vakuumsko pohranjivanje niti (10 pcs)<\/p>\n<h2><strong><span style=\"vertical-align: inherit;\">Glavne zna\u010dajke:<\/span><\/strong><\/h2>\n<ul>\n<li><strong><span style=\"vertical-align: inherit;\">Stanje \u017earne niti:<\/span><\/strong>\n<ul>\n<li><span style=\"vertical-align: inherit;\">Klju\u010d visokokvalitetnog 3D ispisa.<\/span><\/li>\n<li><span style=\"vertical-align: inherit;\">Sigurno skladi\u0161tenje filamenta u vrhunskom stanju.<\/span><\/li>\n<\/ul>\n<\/li>\n<li><strong><span style=\"vertical-align: inherit;\">Trajna vakuumska za\u0161tita:<\/span><\/strong>\n<ul>\n<li><span style=\"vertical-align: inherit;\">Kompresijske vre\u0107ice izra\u0111ene od izdr\u017eljivog materijala.<\/span><\/li>\n<li><span style=\"vertical-align: inherit;\">Sna\u017ean vakuumski brtveni ventil.<\/span><\/li>\n<li><span style=\"vertical-align: inherit;\">Dvostruko zatvaranje za potpunu hermeti\u010dnost.<\/span><\/li>\n<\/ul>\n<\/li>\n<li><strong><span style=\"vertical-align: inherit;\">Za\u0161tita od vlage:<\/span><\/strong>\n<ul>\n<li><span style=\"vertical-align: inherit;\">Pru\u017ea za\u0161titu od vlage, odr\u017eava filamente optimalno suhima.<\/span><\/li>\n<\/ul>\n<\/li>\n<li><strong><span style=\"vertical-align: inherit;\">Jednostavno pra\u0107enje:<\/span><\/strong>\n<ul>\n<li><span style=\"vertical-align: inherit;\">Prozirne vakumirane vre\u0107ice omogu\u0107uju vizualni pregled bez otvaranja.<\/span><\/li>\n<\/ul>\n<\/li>\n<li><strong><span style=\"vertical-align: inherit;\">Podesiva veli\u010dina torbe:<\/span><\/strong>\n<ul>\n<li><span style=\"vertical-align: inherit;\">Veli\u010dine: 30 cm \u00d7 40 cm; 40 cm x 40 cm.<\/span><\/li>\n<li><span style=\"vertical-align: inherit;\">Prilagodljiv na 0,5 kg\/0,75 kg\/1 kg 1,75 mm\/2,85 mm\/3 mm snopove niti.<\/span><\/li>\n<\/ul>\n<\/li>\n<li><strong><span style=\"vertical-align: inherit;\">Jednostavan za kori\u0161tenje:<\/span><\/strong>\n<ul>\n<li><span style=\"vertical-align: inherit;\">Dizajn jednostavan za kori\u0161tenje olak\u0161ava kori\u0161tenje i pohranu.<\/span><\/li>\n<\/ul>\n<\/li>\n<li><strong><span style=\"vertical-align: inherit;\">Pouzdana za\u0161tita ispisa:<\/span><\/strong><\/li>\n<li><span style=\"vertical-align: inherit;\">Pakiranje sadr\u017ei 10 kom vakum vre\u0107ice + 1 pumpicu<\/span><\/li>\n<\/ul>\n<p>&nbsp;<\/p>\n","protected":false},"excerpt":{"rendered":"<p>Komplet za vakuumsko pohranjivanje niti (10 pcs)<\/p>\n","protected":false},"featured_media":23736,"comment_status":"closed","ping_status":"closed","template":"","meta":{"_acf_changed":false},"product_brand":[],"product_cat":[482,515,512,483],"product_tag":[],"brand":[],"class_list":{"0":"post-22239","1":"product","2":"type-product","3":"status-publish","4":"has-post-thumbnail","6":"product_cat-rezervni-dijelovi","7":"product_cat-alati","8":"product_cat-drugi-proizvodi","9":"product_cat-svi-rezervni-dijelovi","11":"first","12":"instock","13":"taxable","14":"shipping-taxable","15":"purchasable","16":"product-type-simple"},"acf":[],"_links":{"self":[{"href":"https:\/\/azurefilm.com\/hr\/wp-json\/wp\/v2\/product\/22239","targetHints":{"allow":["GET"]}}],"collection":[{"href":"https:\/\/azurefilm.com\/hr\/wp-json\/wp\/v2\/product"}],"about":[{"href":"https:\/\/azurefilm.com\/hr\/wp-json\/wp\/v2\/types\/product"}],"replies":[{"embeddable":true,"href":"https:\/\/azurefilm.com\/hr\/wp-json\/wp\/v2\/comments?post=22239"}],"wp:featuredmedia":[{"embeddable":true,"href":"https:\/\/azurefilm.com\/hr\/wp-json\/wp\/v2\/media\/23736"}],"wp:attachment":[{"href":"https:\/\/azurefilm.com\/hr\/wp-json\/wp\/v2\/media?parent=22239"}],"wp:term":[{"taxonomy":"product_brand","embeddable":true,"href":"https:\/\/azurefilm.com\/hr\/wp-json\/wp\/v2\/product_brand?post=22239"},{"taxonomy":"product_cat","embeddable":true,"href":"https:\/\/azurefilm.com\/hr\/wp-json\/wp\/v2\/product_cat?post=22239"},{"taxonomy":"product_tag","embeddable":true,"href":"https:\/\/azurefilm.com\/hr\/wp-json\/wp\/v2\/product_tag?post=22239"},{"taxonomy":"brand","embeddable":true,"href":"https:\/\/azurefilm.com\/hr\/wp-json\/wp\/v2\/brand?post=22239"}],"curies":[{"name":"wp","href":"https:\/\/api.w.org\/{rel}","templated":true}]}}