
{"id":22379,"date":"2024-05-13T11:33:41","date_gmt":"2024-05-13T11:33:41","guid":{"rendered":"https:\/\/azurefilm.com\/?post_type=product&#038;p=22379"},"modified":"2026-01-13T17:51:30","modified_gmt":"2026-01-13T17:51:30","slug":"creality-mk8-mesingana-mlaznica-5-pack","status":"publish","type":"product","link":"https:\/\/azurefilm.com\/hr\/proizvod\/creality-mk8-mesingana-mlaznica-5-pack\/","title":{"rendered":"Creality MK8 mesingana mlaznica (5 pack)"},"content":{"rendered":"<h2><span style=\"font-weight: 400;\">Glavne zna\u010dajke<\/span><\/h2>\n<p><span style=\"font-weight: 400;\">Creality MK8 mesingani paket 5 mlaznica uklju\u010duje:<\/span><\/p>\n<ul>\n<li><span style=\"font-weight: 400;\">1x mjedena mlaznica od 0,25 mm<\/span><\/li>\n<li><span style=\"font-weight: 400;\">2x mjedena mlaznica od 0,40 mm<\/span><\/li>\n<li><span style=\"font-weight: 400;\">1x mjedena mlaznica od 0,60 mm<\/span><\/li>\n<li><span style=\"font-weight: 400;\">1x mjedena mlaznica od 0,80 mm<\/span><\/li>\n<\/ul>\n<p><span style=\"font-weight: 400;\">Svaka od ovih mlaznica ima druga\u010diji promjer otvora, \u0161to \u0107e utjecati na debljinu filamenata tijekom ispisa. Op\u0107enito, manja mlaznica omogu\u0107uje precizniji i detaljniji ispis, dok ve\u0107e mlaznice ubrzavaju proces ispisa, ali s ne\u0161to manjom precizno\u0161\u0107u.<\/span><\/p>\n<p><span style=\"font-weight: 400;\">Prije uporabe bilo koje nove mlaznice, preporu\u010duje se provjeriti i prilagoditi postavke pisa\u010da prema odabranoj veli\u010dini mlaznice. Osim toga, uvijek je dobra ideja imati rezervne mlaznice u slu\u010daju da se istro\u0161e ili o\u0161tete tijekom ispisa.<\/span><\/p>\n","protected":false},"excerpt":{"rendered":"<p><span style=\"font-weight: 400;\">Svaka mlaznica u Creality MK8 mesingana mlaznica (5 pack) ima druga\u010diji promjer, \u0161to korisniku omogu\u0107uje odabir \u017eeljene veli\u010dine prema specifi\u010dnim zahtjevima ispisa.<\/span><\/p>\n","protected":false},"featured_media":34252,"comment_status":"closed","ping_status":"closed","template":"","meta":{"_acf_changed":false},"product_brand":[],"product_cat":[482,481,509,510,483],"product_tag":[],"brand":[],"class_list":{"0":"post-22379","1":"product","2":"type-product","3":"status-publish","4":"has-post-thumbnail","6":"product_cat-rezervni-dijelovi","7":"product_cat-akcija","8":"product_cat-mlaznice","9":"product_cat-otvrdnute-i-mlaznice-otporne-na-abraziju","10":"product_cat-svi-rezervni-dijelovi","12":"first","13":"instock","14":"sale","15":"taxable","16":"shipping-taxable","17":"purchasable","18":"product-type-simple"},"acf":[],"_links":{"self":[{"href":"https:\/\/azurefilm.com\/hr\/wp-json\/wp\/v2\/product\/22379","targetHints":{"allow":["GET"]}}],"collection":[{"href":"https:\/\/azurefilm.com\/hr\/wp-json\/wp\/v2\/product"}],"about":[{"href":"https:\/\/azurefilm.com\/hr\/wp-json\/wp\/v2\/types\/product"}],"replies":[{"embeddable":true,"href":"https:\/\/azurefilm.com\/hr\/wp-json\/wp\/v2\/comments?post=22379"}],"wp:featuredmedia":[{"embeddable":true,"href":"https:\/\/azurefilm.com\/hr\/wp-json\/wp\/v2\/media\/34252"}],"wp:attachment":[{"href":"https:\/\/azurefilm.com\/hr\/wp-json\/wp\/v2\/media?parent=22379"}],"wp:term":[{"taxonomy":"product_brand","embeddable":true,"href":"https:\/\/azurefilm.com\/hr\/wp-json\/wp\/v2\/product_brand?post=22379"},{"taxonomy":"product_cat","embeddable":true,"href":"https:\/\/azurefilm.com\/hr\/wp-json\/wp\/v2\/product_cat?post=22379"},{"taxonomy":"product_tag","embeddable":true,"href":"https:\/\/azurefilm.com\/hr\/wp-json\/wp\/v2\/product_tag?post=22379"},{"taxonomy":"brand","embeddable":true,"href":"https:\/\/azurefilm.com\/hr\/wp-json\/wp\/v2\/brand?post=22379"}],"curies":[{"name":"wp","href":"https:\/\/api.w.org\/{rel}","templated":true}]}}