
{"id":24003,"date":"2023-12-11T10:31:40","date_gmt":"2023-12-11T10:31:40","guid":{"rendered":"https:\/\/azurefilm.com\/?post_type=product&#038;p=24003"},"modified":"2026-02-26T16:11:42","modified_gmt":"2026-02-26T16:11:42","slug":"creality-ender-3-v3-se-petg-3-pack-basic","status":"publish","type":"product","link":"https:\/\/azurefilm.com\/hr\/proizvod\/creality-ender-3-v3-se-petg-3-pack-basic\/","title":{"rendered":"Creality Ender 3 V3 SE + PETG 3-pack Basic"},"content":{"rendered":"<p>Creality Ender 3 V3 SE pisa\u010d mo\u017ee se pohvaliti <strong>bezbri\u017enim automatskim niveliranjem<\/strong>, preciznim &#8220;Sprite&#8221; izravnim ekstruderom, stabilnom dvostrukom Z-osi i pristupa\u010dnim korisni\u010dkim su\u010deljem. <strong>Kombinira pouzdanost s brzinom<\/strong> i elegantnim dizajnom za pobolj\u0161ano iskustvo 3D printanja.<\/p>\n<h2>Robusna struktura za stabilnost<\/h2>\n<p>Ender 3 V3 SE dizajniran je za stabilnost u 3D printanju. Koristi krutu dvostruku z-os kako bi se smanjilo njihanje na z-osi i ima y-os koju podupiru dva izdr\u017eljiva \u010deli\u010dna linearna profila, svaki debljine 8mm, \u010dime se osigurava dugotrajna stabilnost platforme tijekom printanja.<\/p>\n<h2>Pouzdan &#8220;Sprite&#8221; ekstruder s izravnim pogonom<\/h2>\n<p>Opremljen &#8220;Sprite&#8221; ekstruderom s izravnim pogonom, Ender 3 V3 SE nudi pouzdanost i svestranost. Ovaj ekstruder obra\u0111uje razne materijale, uklju\u010duju\u0107i PLA, PETG i TPU. Tako\u0111er ima mogu\u0107nost printanja velikom brzinom s maksimalnom brzinom od 250mm\/s i ubrzanjem od 2500mm\/s\u00b2.<\/p>\n<h2>Pojednostavljen rad i nadzor<\/h2>\n<p>Ender 3 V3 SE \u010dini printanje lak\u0161im zbog automatskog pode\u0161avanja postolja za printanje pomo\u0107u CR-Touch senzora i senzora naprezanja na Z-osi. Pra\u0107enje va\u0161ih printeva je jednostavno putem 3.2-in\u010dnog zaslona u boji kojim se upravlja pomo\u0107u okretnog gumba.<\/p>\n<h2>Rukovanje filamentima bez napora<\/h2>\n<p>Punjenje i pra\u017enjenje filamenta nikada nije bilo lak\u0161e. Pisa\u010d nudi opcije \u201cekstrudiranja\u201d i \u201cuvla\u010denja\u201d za besprijekorno upravljanje filamentima, pobolj\u0161avaju\u0107i time korisni\u010dko iskustvo.<\/p>\n<h2>Kompaktan i funkcionalan dizajn<\/h2>\n<p>Ender 3 V3 SE kombinira kompaktan dizajn s robusnim zna\u010dajkama. Prioritizira funkcionalnost dok istovremeno odr\u017eava elegantan izgled.<\/p>\n","protected":false},"excerpt":{"rendered":"<p>Creality Ender 3 V3 SE je 3D pisa\u010d vrlo jednostavan za po\u010detak rada koji \u0107e otklju\u010dati va\u0161 kreativni potencijal u kombinaciji s PETG 3-pack Basic, koji sadr\u017ei tri kilograma PETG Original filamenata u bijeloj, crnoj i plavoj boji.<\/p>\n<pre id=\"tw-target-text\" class=\"tw-data-text tw-text-large tw-ta\" dir=\"ltr\" data-placeholder=\"Prevod\" data-ved=\"2ahUKEwiywLS-koeDAxUHgf0HHZ0UAHgQ3ewLegQIDhAQ\"><\/pre>\n","protected":false},"featured_media":24007,"comment_status":"closed","ping_status":"closed","template":"","meta":{"_acf_changed":false},"product_brand":[],"product_cat":[453,481,460,457,477,456],"product_tag":[],"brand":[],"class_list":{"0":"post-24003","1":"product","2":"type-product","3":"status-publish","4":"has-post-thumbnail","6":"product_cat-3d-printer","7":"product_cat-akcija","8":"product_cat-creality-hr","9":"product_cat-fdm-printer","10":"product_cat-posebni-paketi-hr","11":"product_cat-svi-3d-pisaci","13":"first","14":"onbackorder","15":"sale","16":"taxable","17":"shipping-taxable","18":"purchasable","19":"product-type-simple"},"acf":[],"_links":{"self":[{"href":"https:\/\/azurefilm.com\/hr\/wp-json\/wp\/v2\/product\/24003","targetHints":{"allow":["GET"]}}],"collection":[{"href":"https:\/\/azurefilm.com\/hr\/wp-json\/wp\/v2\/product"}],"about":[{"href":"https:\/\/azurefilm.com\/hr\/wp-json\/wp\/v2\/types\/product"}],"replies":[{"embeddable":true,"href":"https:\/\/azurefilm.com\/hr\/wp-json\/wp\/v2\/comments?post=24003"}],"wp:featuredmedia":[{"embeddable":true,"href":"https:\/\/azurefilm.com\/hr\/wp-json\/wp\/v2\/media\/24007"}],"wp:attachment":[{"href":"https:\/\/azurefilm.com\/hr\/wp-json\/wp\/v2\/media?parent=24003"}],"wp:term":[{"taxonomy":"product_brand","embeddable":true,"href":"https:\/\/azurefilm.com\/hr\/wp-json\/wp\/v2\/product_brand?post=24003"},{"taxonomy":"product_cat","embeddable":true,"href":"https:\/\/azurefilm.com\/hr\/wp-json\/wp\/v2\/product_cat?post=24003"},{"taxonomy":"product_tag","embeddable":true,"href":"https:\/\/azurefilm.com\/hr\/wp-json\/wp\/v2\/product_tag?post=24003"},{"taxonomy":"brand","embeddable":true,"href":"https:\/\/azurefilm.com\/hr\/wp-json\/wp\/v2\/brand?post=24003"}],"curies":[{"name":"wp","href":"https:\/\/api.w.org\/{rel}","templated":true}]}}