
{"id":24284,"date":"2023-12-13T12:06:06","date_gmt":"2023-12-13T12:06:06","guid":{"rendered":"https:\/\/azurefilm.com\/?post_type=product&#038;p=24284"},"modified":"2026-04-12T07:12:31","modified_gmt":"2026-04-12T07:12:31","slug":"unset-pla-glitter","status":"publish","type":"product","link":"https:\/\/azurefilm.com\/hr\/proizvod\/unset-pla-glitter\/","title":{"rendered":"Unset PLA Glitter"},"content":{"rendered":"<h2><b>PLA Glitter<\/b><\/h2>\n<p><span style=\"font-weight: 400;\">Predstavljamo na\u0161e PLA Glitter filamente. Ovaj je materijal napravljen od na\u0161eg PLA Original filamenta i sadr\u017ei <\/span><b>\u010destice \u0161ljokica<\/b><span style=\"font-weight: 400;\"> za blistaviji efekt na va\u0161im printevima. Budu\u0107i da je PLA Glitter ba\u0161 kao i normalan PLA, <\/span><b>biorazgradljiv<\/b><span style=\"font-weight: 400;\">i jako <\/span><b>jednostavan za rad<\/b><span style=\"font-weight: 400;\">, te daje <\/span><b>dosljedne rezultate<\/b><span style=\"font-weight: 400;\">.\u00a0 Me\u0111utim, postoji jedna stvar oko koje treba biti oprezan tijekom printanja s PLA Glitter filamentima. \u010cestice \u0161ljokica su blago abrazivne tako da <\/span><b>preporu\u010dujemo upotrebu 0,6mm mlaznice otporne na abraziju.<\/b><span style=\"font-weight: 400;\">.\u00a0<\/span><\/p>\n<h2><strong>Unset PLA Glitter<\/strong><\/h2>\n<p><span style=\"font-weight: 400;\">Unset filamenti su va\u0161 <\/span><b>ekolo\u0161ki prihvatljiv izbor <\/b><span style=\"font-weight: 400;\">za sljede\u0107e projekte. Ovi filamenti su izra\u0111eni od vi\u0161ka materijala proizvedenog tijekom na\u0161ih proizvodnih procesa. To zna\u010di da je Unset filament napravljen od <\/span><b>100% recikliranih materijala i poma\u017ee u smanjenju otpada. <\/b><span style=\"font-weight: 400;\">Boja ovog filamenta mijenja se sa svakom narud\u017ebom zbog razli\u010ditih kombinacija boja recikliranog materijala.<\/span><\/p>\n<p><span style=\"font-weight: 400;\">Kako biste saznali vi\u0161e o PLA filamentima, pro\u010ditajte na\u0161 <a href=\"https:\/\/azurefilm.com\/hr\/2023\/07\/04\/pla-filamenti\/\" target=\"_blank\" rel=\"noopener\">blog<\/a>.\u00a0<\/span><\/p>\n<p><span style=\"font-weight: 400;\">Ovdje mo\u017eete pristupiti<a href=\"https:\/\/azurefilm.com\/hr\/technical-data-sheets\/\" target=\"_blank\" rel=\"noopener\"> tehni\u010dkim informacijama<\/a>.<\/span><\/p>\n<h3><strong>Preporuke za printanje:<\/strong><\/h3>\n<ul>\n<li style=\"font-weight: 400;\" aria-level=\"1\"><span style=\"font-weight: 400;\">Printajte na temperaturi od 200\u2013230\u00b0C za najbolje rezultate.\u00a0<\/span><\/li>\n<li style=\"font-weight: 400;\" aria-level=\"1\"><span style=\"font-weight: 400;\">Nije potrebno grijano postolje, ali preporu\u010duje se prethodno zagrijavanje ispisnog stola na 50\u201360\u00b0C.\u00a0<\/span><\/li>\n<li style=\"font-weight: 400;\" aria-level=\"1\"><span style=\"font-weight: 400;\">Koristite stakleno postolje, PEI plo\u010du, kapton ili plavu traku za izradnu platformu s 3Dlac sprejem.<\/span><\/li>\n<li style=\"font-weight: 400;\" aria-level=\"1\"><span style=\"font-weight: 400;\">Preporu\u010dujemo kori\u0161tenje mlaznice od najmanje 0,6 mm kako bi se sprije\u010dilo za\u010depljenje.<\/span><i><span style=\"font-weight: 400;\">.<\/span><\/i><\/li>\n<\/ul>\n<p><i><span style=\"font-weight: 400;\">*Idealna temperatura mo\u017ee varirati ovisno o kori\u0161tenom pisa\u010du.<\/span><\/i><\/p>\n","protected":false},"excerpt":{"rendered":"<p>Isprobajte na\u0161 Unset PLA Glitter i po\u010dnite stvarati ekolo\u0161ki prihvatljiv dizajn s blistavim svjetlucavim zavr\u0161nim slojem.<\/p>\n","protected":false},"featured_media":114552,"comment_status":"closed","ping_status":"closed","template":"","meta":{"_acf_changed":false},"product_brand":[],"product_cat":[375,481,402,403,377,445],"product_tag":[],"brand":[],"class_list":{"0":"post-24284","1":"product","2":"type-product","3":"status-publish","4":"has-post-thumbnail","6":"product_cat-3d-filamenti-hr","7":"product_cat-akcija","8":"product_cat-pla-filamenti-hr","9":"product_cat-pla-glitter-hr","10":"product_cat-svi-filamenti","11":"product_cat-unset-filamenti-hr","12":"pa_colour-random","13":"pa_filament-diameter-1-75mm","14":"pa_filament-weight-1000g","16":"first","17":"instock","18":"sale","19":"taxable","20":"shipping-taxable","21":"purchasable","22":"product-type-variable","23":"has-default-attributes"},"acf":[],"_links":{"self":[{"href":"https:\/\/azurefilm.com\/hr\/wp-json\/wp\/v2\/product\/24284","targetHints":{"allow":["GET"]}}],"collection":[{"href":"https:\/\/azurefilm.com\/hr\/wp-json\/wp\/v2\/product"}],"about":[{"href":"https:\/\/azurefilm.com\/hr\/wp-json\/wp\/v2\/types\/product"}],"replies":[{"embeddable":true,"href":"https:\/\/azurefilm.com\/hr\/wp-json\/wp\/v2\/comments?post=24284"}],"wp:featuredmedia":[{"embeddable":true,"href":"https:\/\/azurefilm.com\/hr\/wp-json\/wp\/v2\/media\/114552"}],"wp:attachment":[{"href":"https:\/\/azurefilm.com\/hr\/wp-json\/wp\/v2\/media?parent=24284"}],"wp:term":[{"taxonomy":"product_brand","embeddable":true,"href":"https:\/\/azurefilm.com\/hr\/wp-json\/wp\/v2\/product_brand?post=24284"},{"taxonomy":"product_cat","embeddable":true,"href":"https:\/\/azurefilm.com\/hr\/wp-json\/wp\/v2\/product_cat?post=24284"},{"taxonomy":"product_tag","embeddable":true,"href":"https:\/\/azurefilm.com\/hr\/wp-json\/wp\/v2\/product_tag?post=24284"},{"taxonomy":"brand","embeddable":true,"href":"https:\/\/azurefilm.com\/hr\/wp-json\/wp\/v2\/brand?post=24284"}],"curies":[{"name":"wp","href":"https:\/\/api.w.org\/{rel}","templated":true}]}}